{"id":9488,"date":"2019-04-11T15:58:48","date_gmt":"2019-04-11T13:58:48","guid":{"rendered":"https:\/\/www.go4dogs.de\/?post_type=product&#038;p=9488"},"modified":"2024-11-12T18:37:07","modified_gmt":"2024-11-12T16:37:07","slug":"selected-meat-country-style-single-protein-pferd","status":"publish","type":"product","link":"https:\/\/www.go4dogs.de\/?product=selected-meat-country-style-single-protein-pferd","title":{"rendered":"Selected Meat Country Style Single Protein Pferd"},"content":{"rendered":"<p><span style=\"font-family: Georgia,Palatino; font-size: 12pt;\">Dr.Clauder\u2019s Selected Meat Country Style: Unsere Wurst vom Lande. Die etwas andere Vollnahrung f\u00fcr Hunde. Urspr\u00fcnglicher, nat\u00fcrlicher Land-Geschmack, erlesene Zutaten ohne k\u00fcnstliche Zus\u00e4tze.<\/span><\/p>\n<p><span style=\"font-family: Georgia,Palatino; font-size: 12pt;\"><b>Alleinfuttermittel f\u00fcr erwachsene Hunde.<\/b> <\/span><\/p>\n<p><span style=\"font-family: Georgia,Palatino; font-size: 12pt;\"><b>Zusammensetzung<\/b><span style=\"text-align: justify; color: #333333; text-transform: none; line-height: 22.4px; text-indent: 0px; letter-spacing: normal; font-style: normal; font-variant: normal; font-weight: 400; text-decoration: none; word-spacing: 0px; display: inline !important; white-space: normal; orphans: 2; font-size-adjust: none; font-stretch: 100%; float: none; -webkit-text-stroke-width: 0px; background-color: transparent;\">: vom Pferd 99% (Herz, Muskelfleisch, Leber, Lunge), Mineralstoffe 1%. <\/span><\/span><\/p>\n<p><span style=\"font: 400 12pt\/22.4px Georgia,Palatino; text-align: justify; color: #333333; text-transform: none; text-indent: 0px; letter-spacing: normal; text-decoration: none; word-spacing: 0px; display: inline !important; white-space: normal; orphans: 2; font-size-adjust: none; font-stretch: 100%; float: none; -webkit-text-stroke-width: 0px; background-color: transparent;\"><strong>Analytische Bestandteile<\/strong>: Rohprotein 9%, Rohfett 4,5%, Rohfaser 0,2%, Rohasche 1,9%, Feuchtigkeit 79%. <\/span><\/p>\n<p><span style=\"font: 400 12pt\/22.4px Georgia,Palatino; text-align: justify; color: #333333; text-transform: none; text-indent: 0px; letter-spacing: normal; text-decoration: none; word-spacing: 0px; display: inline !important; white-space: normal; orphans: 2; font-size-adjust: none; font-stretch: 100%; float: none; -webkit-text-stroke-width: 0px; background-color: transparent;\"><strong>Zusatzstoffe\/kg: Ern\u00e4hrungsphysiologische Zusatzstoffe<\/strong>: Vitamine: A 2.000IE, D3 200IE, E 25mg, Biotin 25mcg, Zink (als Zinkoxid) 20mg, Kupfer (als Kupfer-II-Sulfat, Pentahydrat) 1,5mg, Jod (als Calciumjodat, wasserfrei) 0,75mg. <\/span><\/p>\n<p><span style=\"font: 400 12pt\/22.4px Georgia,Palatino; text-align: justify; color: #333333; text-transform: none; text-indent: 0px; letter-spacing: normal; text-decoration: none; word-spacing: 0px; display: inline !important; white-space: normal; orphans: 2; font-size-adjust: none; font-stretch: 100%; float: none; -webkit-text-stroke-width: 0px; background-color: transparent;\"><strong>Technologische Zusatzstoffe<\/strong>: Cassia Gum 2.500mg. <\/span><\/p>\n<p><span style=\"font: 400 12pt\/22.4px Georgia,Palatino; text-align: justify; color: #333333; text-transform: none; text-indent: 0px; letter-spacing: normal; text-decoration: none; word-spacing: 0px; display: inline !important; white-space: normal; orphans: 2; font-size-adjust: none; font-stretch: 100%; float: none; -webkit-text-stroke-width: 0px; background-color: transparent;\"><strong>F\u00fctterungshinweise<\/strong>: siehe Tabelle. Bitte zimmerwarm f\u00fcttern. <\/span><\/p>\n<p><span style=\"font: 400 12pt\/22.4px Georgia,Palatino; text-align: justify; color: #333333; text-transform: none; text-indent: 0px; letter-spacing: normal; text-decoration: none; word-spacing: 0px; display: inline !important; white-space: normal; orphans: 2; font-size-adjust: none; font-stretch: 100%; float: none; -webkit-text-stroke-width: 0px; background-color: transparent;\"><strong>Anwendungshinweise<\/strong>: Nach dem \u00d6ffnen k\u00fchl lagern und bald verbrauchen. Stets frisches Wasser bereitstellen!<\/span><\/p>\n<p><span style=\"font-family: Georgia,Palatino; font-size: 12pt;\"><strong>Verpackung<\/strong>: 300g Wurst<\/span><\/p>\n","protected":false},"excerpt":{"rendered":"<p>Dr.Clauder\u2019s Selected Meat Country Style: Unsere Wurst vom Lande. Die etwas andere Vollnahrung f\u00fcr Hunde. Urspr\u00fcnglicher, nat\u00fcrlicher Land-Geschmack, erlesene Zutaten ohne k\u00fcnstliche Zus\u00e4tze. Alleinfuttermittel f\u00fcr erwachsene Hunde. Zusammensetzung: vom Pferd 99% (Herz, Muskelfleisch, Leber, Lunge), Mineralstoffe 1%. Analytische Bestandteile: Rohprotein 9%, Rohfett 4,5%, Rohfaser 0,2%, Rohasche 1,9%, Feuchtigkeit 79%. Zusatzstoffe\/kg: Ern\u00e4hrungsphysiologische Zusatzstoffe: Vitamine: A 2.000IE, [&hellip;]<\/p>\n","protected":false},"featured_media":9490,"comment_status":"closed","ping_status":"closed","template":"","meta":[],"product_brand":[],"product_cat":[201,262],"product_tag":[],"class_list":{"0":"post-9488","1":"product","2":"type-product","3":"status-publish","4":"has-post-thumbnail","6":"product_cat-nassfutter-von-dr-clauders","7":"product_cat-dr-clauders-country-style-wuerste","8":"tm-no-options","10":"first","11":"outofstock","12":"taxable","13":"shipping-taxable","14":"product-type-simple"},"supplier_id":null,"supplier_sku":"","barcode":null,"atum_controlled":true,"out_stock_date":null,"out_stock_threshold":null,"inheritable":false,"inbound_stock":0,"stock_on_hold":0,"sold_today":0,"sales_last_days":0,"reserved_stock":0,"customer_returns":0,"warehouse_damage":0,"lost_in_post":0,"other_logs":0,"out_stock_days":0,"lost_sales":0,"has_location":false,"update_date":"2024-11-12T16:37:12","atum_locations":[],"atum_stock_status":"outofstock","restock_status":false,"low_stock_amount":"","sales_update_date":"2023-03-18T16:06:31","calc_backorders":null,"jetpack_sharing_enabled":true,"_links":{"self":[{"href":"https:\/\/www.go4dogs.de\/index.php?rest_route=\/wp\/v2\/product\/9488","targetHints":{"allow":["GET"]}}],"collection":[{"href":"https:\/\/www.go4dogs.de\/index.php?rest_route=\/wp\/v2\/product"}],"about":[{"href":"https:\/\/www.go4dogs.de\/index.php?rest_route=\/wp\/v2\/types\/product"}],"replies":[{"embeddable":true,"href":"https:\/\/www.go4dogs.de\/index.php?rest_route=%2Fwp%2Fv2%2Fcomments&post=9488"}],"wp:featuredmedia":[{"embeddable":true,"href":"https:\/\/www.go4dogs.de\/index.php?rest_route=\/wp\/v2\/media\/9490"}],"wp:attachment":[{"href":"https:\/\/www.go4dogs.de\/index.php?rest_route=%2Fwp%2Fv2%2Fmedia&parent=9488"}],"wp:term":[{"taxonomy":"product_brand","embeddable":true,"href":"https:\/\/www.go4dogs.de\/index.php?rest_route=%2Fwp%2Fv2%2Fproduct_brand&post=9488"},{"taxonomy":"product_cat","embeddable":true,"href":"https:\/\/www.go4dogs.de\/index.php?rest_route=%2Fwp%2Fv2%2Fproduct_cat&post=9488"},{"taxonomy":"product_tag","embeddable":true,"href":"https:\/\/www.go4dogs.de\/index.php?rest_route=%2Fwp%2Fv2%2Fproduct_tag&post=9488"}],"curies":[{"name":"wp","href":"https:\/\/api.w.org\/{rel}","templated":true}]}}