{"id":8202,"date":"2018-11-19T14:25:27","date_gmt":"2018-11-19T12:25:27","guid":{"rendered":"https:\/\/www.go4dogs.de\/?post_type=product&#038;p=8202"},"modified":"2024-11-12T18:37:02","modified_gmt":"2024-11-12T16:37:02","slug":"dr-clauders-barf-mulitoel","status":"publish","type":"product","link":"https:\/\/www.go4dogs.de\/?product=dr-clauders-barf-mulitoel","title":{"rendered":"Dr.Clauder\u00b4s BARF Mulit\u00f6l"},"content":{"rendered":"<p><span style=\"font: 400 12pt\/22.4px Georgia,Palatino; text-align: justify; color: #333333; text-transform: none; text-indent: 0px; letter-spacing: normal; text-decoration: none; word-spacing: 0px; display: inline !important; white-space: normal; orphans: 2; font-size-adjust: none; font-stretch: 100%; float: none; -webkit-text-stroke-width: 0px; background-color: transparent;\">Dr.Clauder\u00b4s BARF Multi\u00f6l ist ein wichtiger B.A.R.F.-Zusatz und kann sich in idealer Weise positiv auf die Immunkr\u00e4fte des K\u00f6rpers auswirken. Die Mischung aus 5 hochwertigen Pflanzen\u00f6len ist pure Power f\u00fcr den K\u00f6rper. Der hohe Anteil an mehrfach unges\u00e4ttigten Fetts\u00e4uren sowie der nat\u00fcrliche Gehalt der \u00d6le an Vitaminen k\u00f6nnen den ganzen K\u00f6rper kr\u00e4ftigen.<\/span><\/p>\n<p><span style=\"font-family: Georgia,Palatino; font-size: 12pt;\"><b>Erg\u00e4nzungsfuttermittel f\u00fcr Hunde und Katzen.<\/b> <\/span><\/p>\n<p><span style=\"font-family: Georgia,Palatino; font-size: 12pt;\"><strong>Zusammensetzung<\/strong><span style=\"text-align: justify; color: #333333; text-transform: none; line-height: 22.4px; text-indent: 0px; letter-spacing: normal; font-style: normal; font-variant: normal; font-weight: 400; text-decoration: none; word-spacing: 0px; display: inline !important; white-space: normal; orphans: 2; font-size-adjust: none; font-stretch: 100%; float: none; -webkit-text-stroke-width: 0px; background-color: transparent;\">: Sonnenblumen\u00f6l 25%, Walnuss\u00f6l 20%, Maiskeim\u00f6l 20%, Hanf\u00f6l 20%, Lein\u00f6l 15%. <\/span><\/span><\/p>\n<p><span style=\"font-family: Georgia,Palatino; font-size: 12pt;\"><strong>Analytische Bestandteile<\/strong><span style=\"text-align: justify; color: #333333; text-transform: none; line-height: 22.4px; text-indent: 0px; letter-spacing: normal; font-style: normal; font-variant: normal; font-weight: 400; text-decoration: none; word-spacing: 0px; display: inline !important; white-space: normal; orphans: 2; font-size-adjust: none; font-stretch: 100%; float: none; -webkit-text-stroke-width: 0px; background-color: transparent;\">: Rohfett 99,8%. <\/span><\/span><\/p>\n<p><span style=\"font-family: Georgia,Palatino; font-size: 12pt;\"><strong>F\u00fctterungshinweise<\/strong><span style=\"text-align: justify; color: #333333; text-transform: none; line-height: 22.4px; text-indent: 0px; letter-spacing: normal; font-style: normal; font-variant: normal; font-weight: 400; text-decoration: none; word-spacing: 0px; display: inline !important; white-space: normal; orphans: 2; font-size-adjust: none; font-stretch: 100%; float: none; -webkit-text-stroke-width: 0px; background-color: transparent;\">: Pro Tag: Katzen (5 &#8211; 6 kg) 2 &#8211; 3 ml. Hunde: bis 5 kg: 2 &#8211; 3 ml, 5 &#8211; 15 kg: 5 ml, 15 &#8211; 30 kg: 15 ml. Dar\u00fcber anteilig mehr. 1 TL = ca. 5 ml. Beginnen Sie erst mit ca. 1\/3 der Tagesdosis. Innerhalb von 2 Wochen steigern. <\/span><\/span><\/p>\n<p><span style=\"font-family: Georgia,Palatino; font-size: 12pt;\"><strong>Anwendungshinweise<\/strong><span style=\"text-align: justify; color: #333333; text-transform: none; line-height: 22.4px; text-indent: 0px; letter-spacing: normal; font-style: normal; font-variant: normal; font-weight: 400; text-decoration: none; word-spacing: 0px; display: inline !important; white-space: normal; orphans: 2; font-size-adjust: none; font-stretch: 100%; float: none; -webkit-text-stroke-width: 0px; background-color: transparent;\">: Vor jedem Gebrauch kr\u00e4ftig sch\u00fctteln! Stets frisches Wasser bereit stellen! Vor Feuchtigkeit sch\u00fctzen! K\u00fchl und trocken aufbewahren! Flasche nach Gebrauch sorgf\u00e4ltig verschlie\u00dfen.<\/span><\/span><\/p>\n<p><span style=\"font-family: Georgia,Palatino; font-size: 12pt;\"><strong>Verpackung<\/strong>: 250ml Flasche<\/span><\/p>\n","protected":false},"excerpt":{"rendered":"<p>Dr.Clauder\u00b4s BARF Multi\u00f6l ist ein wichtiger B.A.R.F.-Zusatz und kann sich in idealer Weise positiv auf die Immunkr\u00e4fte des K\u00f6rpers auswirken. Die Mischung aus 5 hochwertigen Pflanzen\u00f6len ist pure Power f\u00fcr den K\u00f6rper. Der hohe Anteil an mehrfach unges\u00e4ttigten Fetts\u00e4uren sowie der nat\u00fcrliche Gehalt der \u00d6le an Vitaminen k\u00f6nnen den ganzen K\u00f6rper kr\u00e4ftigen. Erg\u00e4nzungsfuttermittel f\u00fcr Hunde [&hellip;]<\/p>\n","protected":false},"featured_media":8198,"comment_status":"closed","ping_status":"closed","template":"","meta":[],"product_brand":[],"product_cat":[236],"product_tag":[],"class_list":{"0":"post-8202","1":"product","2":"type-product","3":"status-publish","4":"has-post-thumbnail","6":"product_cat-nahrungsergaenzung-und-apotheke","7":"tm-no-options","9":"first","10":"instock","11":"taxable","12":"shipping-taxable","13":"product-type-simple"},"supplier_id":null,"supplier_sku":"","barcode":null,"atum_controlled":true,"out_stock_date":null,"out_stock_threshold":null,"inheritable":false,"inbound_stock":null,"stock_on_hold":null,"sold_today":null,"sales_last_days":null,"reserved_stock":null,"customer_returns":null,"warehouse_damage":null,"lost_in_post":null,"other_logs":null,"out_stock_days":null,"lost_sales":null,"has_location":null,"update_date":"2024-11-12T16:37:11","atum_locations":[],"atum_stock_status":"instock","restock_status":false,"low_stock_amount":"","sales_update_date":null,"calc_backorders":null,"jetpack_sharing_enabled":true,"_links":{"self":[{"href":"https:\/\/www.go4dogs.de\/index.php?rest_route=\/wp\/v2\/product\/8202","targetHints":{"allow":["GET"]}}],"collection":[{"href":"https:\/\/www.go4dogs.de\/index.php?rest_route=\/wp\/v2\/product"}],"about":[{"href":"https:\/\/www.go4dogs.de\/index.php?rest_route=\/wp\/v2\/types\/product"}],"replies":[{"embeddable":true,"href":"https:\/\/www.go4dogs.de\/index.php?rest_route=%2Fwp%2Fv2%2Fcomments&post=8202"}],"wp:featuredmedia":[{"embeddable":true,"href":"https:\/\/www.go4dogs.de\/index.php?rest_route=\/wp\/v2\/media\/8198"}],"wp:attachment":[{"href":"https:\/\/www.go4dogs.de\/index.php?rest_route=%2Fwp%2Fv2%2Fmedia&parent=8202"}],"wp:term":[{"taxonomy":"product_brand","embeddable":true,"href":"https:\/\/www.go4dogs.de\/index.php?rest_route=%2Fwp%2Fv2%2Fproduct_brand&post=8202"},{"taxonomy":"product_cat","embeddable":true,"href":"https:\/\/www.go4dogs.de\/index.php?rest_route=%2Fwp%2Fv2%2Fproduct_cat&post=8202"},{"taxonomy":"product_tag","embeddable":true,"href":"https:\/\/www.go4dogs.de\/index.php?rest_route=%2Fwp%2Fv2%2Fproduct_tag&post=8202"}],"curies":[{"name":"wp","href":"https:\/\/api.w.org\/{rel}","templated":true}]}}