{"id":8172,"date":"2018-11-18T19:30:30","date_gmt":"2018-11-18T17:30:30","guid":{"rendered":"https:\/\/www.go4dogs.de\/?post_type=product&#038;p=8172"},"modified":"2024-11-12T18:37:02","modified_gmt":"2024-11-12T16:37:02","slug":"dr-clauders-trainee-snack-mega-mix-500g","status":"publish","type":"product","link":"https:\/\/www.go4dogs.de\/?product=dr-clauders-trainee-snack-mega-mix-500g","title":{"rendered":"Dr.Clauder\u00b4s Trainee Snack Mega Mix 500g"},"content":{"rendered":"<p>Dr.Clauder\u2018s Trainee Snacks bestehen zu 95% aus k\u00f6stlichem Fleisch. Durch die schonende Dampftrocknung beh\u00e4lt das Fleisch sein einzigartiges Aroma. Mit FOS.<\/p>\n<p><strong>Multipack enth\u00e4lt: <\/strong><\/p>\n<p><strong>Erg\u00e4nzungsfuttermittel f\u00fcr Hunde und Katzen.<\/strong><\/p>\n<p><strong>Zusammensetzung<\/strong>: je ein Beutel Trainee a 125g<\/p>\n<p>Trainee Ente: Ente 95%, pflanzliche Nebenerzeugnisse, Inulin (FOS) 0,5%, Mineralstoffe. Analytische Bestandteile: Rohprotein 39%, Rohfett 12,5%, Rohfaser 1,5%, Rohasche 5,5%, Feuchtigkeit 23%.<\/p>\n<p>Trainee Huhn: Huhn 95%, pflanzliche Nebenerzeugnisse, Inulin (FOS) 0,5%, Mineralstoffe. Analytische Bestandteile: Rohprotein 44%, Rohfett 9,6%, Rohfaser 1%, Rohasche 4%, Feuchtigkeit 23%.<\/p>\n<p>Trainee Lamm: Lamm 95%, pflanzliche Nebenerzeugnisse, Inulin (FOS) 0,5%, Mineralstoffe. Analytische Bestandteile: Rohprotein 30%, Rohfett 19,5%, Rohfaser 2,5%, Rohasche 7%, Feuchtigkeit 23%.<\/p>\n<p>Trainee Rind: Rind 95%, pflanzliche Nebenerzeugnisse, Inulin (FOS) 0,5%, Mineralstoffe. Analytische Bestandteile: Rohprotein 30%, Rohfett 19,5%, Rohfaser 2%, Rohasche 9%, Feuchtigkeit 23%.<\/p>\n<p><strong>F\u00fctterungshinweise<\/strong>: T\u00e4glich einige St\u00fccke zur Belohnung geben.<\/p>\n<p><strong>Anwendungshinweise<\/strong>: Stets frisches Wasser bereit stellen! Vor Feuchtigkeit sch\u00fctzen! K\u00fchl und trocken aufbewahren! F\u00fcr weitere Informationen &#8211; bitte QR-Code scannen. (*bezogen auf den Fleischanteil).<\/p>\n<p>&nbsp;<\/p>\n","protected":false},"excerpt":{"rendered":"<p>Dr.Clauder\u2018s Trainee Snacks bestehen zu 95% aus k\u00f6stlichem Fleisch. Durch die schonende Dampftrocknung beh\u00e4lt das Fleisch sein einzigartiges Aroma. Mit FOS. Multipack enth\u00e4lt: Erg\u00e4nzungsfuttermittel f\u00fcr Hunde und Katzen. Zusammensetzung: je ein Beutel Trainee a 125g Trainee Ente: Ente 95%, pflanzliche Nebenerzeugnisse, Inulin (FOS) 0,5%, Mineralstoffe. Analytische Bestandteile: Rohprotein 39%, Rohfett 12,5%, Rohfaser 1,5%, Rohasche 5,5%, [&hellip;]<\/p>\n","protected":false},"featured_media":22215,"comment_status":"closed","ping_status":"closed","template":"","meta":[],"product_brand":[],"product_cat":[216],"product_tag":[],"class_list":{"0":"post-8172","1":"product","2":"type-product","3":"status-publish","4":"has-post-thumbnail","6":"product_cat-leckerlies-von-dr-clauders","7":"tm-no-options","9":"first","10":"instock","11":"taxable","12":"shipping-taxable","13":"product-type-simple"},"supplier_id":null,"supplier_sku":"","barcode":null,"atum_controlled":true,"out_stock_date":null,"out_stock_threshold":null,"inheritable":false,"inbound_stock":0,"stock_on_hold":4,"sold_today":0,"sales_last_days":8,"reserved_stock":0,"customer_returns":0,"warehouse_damage":0,"lost_in_post":0,"other_logs":0,"out_stock_days":0,"lost_sales":0,"has_location":false,"update_date":"2025-08-27T08:52:06","atum_locations":[],"atum_stock_status":"instock","restock_status":false,"low_stock_amount":"","sales_update_date":"2025-08-27T08:52:06","calc_backorders":null,"jetpack_sharing_enabled":true,"_links":{"self":[{"href":"https:\/\/www.go4dogs.de\/index.php?rest_route=\/wp\/v2\/product\/8172","targetHints":{"allow":["GET"]}}],"collection":[{"href":"https:\/\/www.go4dogs.de\/index.php?rest_route=\/wp\/v2\/product"}],"about":[{"href":"https:\/\/www.go4dogs.de\/index.php?rest_route=\/wp\/v2\/types\/product"}],"replies":[{"embeddable":true,"href":"https:\/\/www.go4dogs.de\/index.php?rest_route=%2Fwp%2Fv2%2Fcomments&post=8172"}],"wp:featuredmedia":[{"embeddable":true,"href":"https:\/\/www.go4dogs.de\/index.php?rest_route=\/wp\/v2\/media\/22215"}],"wp:attachment":[{"href":"https:\/\/www.go4dogs.de\/index.php?rest_route=%2Fwp%2Fv2%2Fmedia&parent=8172"}],"wp:term":[{"taxonomy":"product_brand","embeddable":true,"href":"https:\/\/www.go4dogs.de\/index.php?rest_route=%2Fwp%2Fv2%2Fproduct_brand&post=8172"},{"taxonomy":"product_cat","embeddable":true,"href":"https:\/\/www.go4dogs.de\/index.php?rest_route=%2Fwp%2Fv2%2Fproduct_cat&post=8172"},{"taxonomy":"product_tag","embeddable":true,"href":"https:\/\/www.go4dogs.de\/index.php?rest_route=%2Fwp%2Fv2%2Fproduct_tag&post=8172"}],"curies":[{"name":"wp","href":"https:\/\/api.w.org\/{rel}","templated":true}]}}