{"id":8029,"date":"2018-10-24T10:44:14","date_gmt":"2018-10-24T08:44:14","guid":{"rendered":"https:\/\/www.go4dogs.de\/?post_type=product&#038;p=8029"},"modified":"2024-11-12T18:37:02","modified_gmt":"2024-11-12T16:37:02","slug":"dr-clauders-hair-skin-fell-plus-serum","status":"publish","type":"product","link":"https:\/\/www.go4dogs.de\/?product=dr-clauders-hair-skin-fell-plus-serum","title":{"rendered":"Dr.Clauder&#8217;s Hair &#038; Skin &#8211; Fell Plus Serum"},"content":{"rendered":"<p><span style=\"font: 400 12pt\/22.4px Georgia,Palatino; text-align: justify; color: #333333; text-transform: none; text-indent: 0px; letter-spacing: normal; text-decoration: none; word-spacing: 0px; display: inline !important; white-space: normal; orphans: 2; font-size-adjust: none; font-stretch: 100%; float: none; -webkit-text-stroke-width: 0px; background-color: transparent;\">Bei akuten Problemen und zur Unterst\u00fctzung f\u00fcr Hunde, die zu Dauerhaaren oder Haarbruch neigen. St\u00e4rkt und sch\u00fctzt das Fell des Hundes intensiv und f\u00f6rdert die Absto\u00dfung des losen Althaares. Dr.Clauder\u00b4s Fell Plus Serum enth\u00e4lt hochdosiertes Biotin. In Verbindung mit optimierten Vitamingehalten und den essentiellen Aminos\u00e4uren DL-Methionin und Lysin sowie schnell verf\u00fcgbarer Energie aus Dextrose wirkt das Produkt, durch langj\u00e4hrigen Einsatz best\u00e4tigt, hervorragend und zuverl\u00e4ssig. Dr.Clauder\u00b4s Fell Plus Serum ist f\u00fcr alle Hunde geeignet, die unter Dauerhaaren oder Haarbruch leiden. Auch sehr gut als Kur f\u00fcr einen z\u00fcgigen Fellwechsel einsetzbar. \u2022 Kann Dauerhaaren effektiv beenden \u2022 Wirkt rein nat\u00fcrlich mit Vitamin B-Complex \u2022 Unterst\u00fctzung des Fellwechsels.<\/span><\/p>\n<p><span style=\"font-family: Georgia,Palatino; font-size: 12pt;\"><b>Erg\u00e4nzungsfuttermittel f\u00fcr Hunde.<\/b> <\/span><\/p>\n<p><span style=\"font-family: Georgia,Palatino; font-size: 12pt;\"><strong>Zusammensetzung<\/strong><span style=\"text-align: justify; color: #333333; text-transform: none; line-height: 22.4px; text-indent: 0px; letter-spacing: normal; font-style: normal; font-variant: normal; font-weight: 400; text-decoration: none; word-spacing: 0px; display: inline !important; white-space: normal; orphans: 2; font-size-adjust: none; font-stretch: 100%; float: none; -webkit-text-stroke-width: 0px; background-color: transparent;\">: Dextrose, Molkenproteinkonzentrat, Raps\u00f6l. <\/span><\/span><\/p>\n<p><span style=\"font-family: Georgia,Palatino; font-size: 12pt;\"><strong>Analytische Bestandteile<\/strong><span style=\"text-align: justify; color: #333333; text-transform: none; line-height: 22.4px; text-indent: 0px; letter-spacing: normal; font-style: normal; font-variant: normal; font-weight: 400; text-decoration: none; word-spacing: 0px; display: inline !important; white-space: normal; orphans: 2; font-size-adjust: none; font-stretch: 100%; float: none; -webkit-text-stroke-width: 0px; background-color: transparent;\">: Rohprotein 10,4%, Rohfett 10,3%, Rohfaser 0%, Rohasche 1%, Feuchtigkeit 41%. <\/span><\/span><\/p>\n<p><span style=\"font-family: Georgia,Palatino; font-size: 12pt;\"><strong>Zusatzstoffe\/kg: Ern\u00e4hrungsphysiologische Zusatzstoffe<\/strong><span style=\"text-align: justify; color: #333333; text-transform: none; line-height: 22.4px; text-indent: 0px; letter-spacing: normal; font-style: normal; font-variant: normal; font-weight: 400; text-decoration: none; word-spacing: 0px; display: inline !important; white-space: normal; orphans: 2; font-size-adjust: none; font-stretch: 100%; float: none; -webkit-text-stroke-width: 0px; background-color: transparent;\">: Vitamine: A 62.500IE, D3 2.000IE, E 1.462,5mg, C 1.250mg, B1 75mg, B2 75mg, B6 50mg, B12 75mcg, Biotin 512.500mcg, Cholinchlorid 2.000mg, Nicotins\u00e4ure 150mg, Pantothens\u00e4ure 150mg, Fols\u00e4ure 12,5mg, DL-Methionin 0,6%, Lysin 1%. <\/span><\/span><\/p>\n<p><span style=\"font-family: Georgia,Palatino; font-size: 12pt;\"><strong>Technologische Zusatzstoffe<\/strong><span style=\"text-align: justify; color: #333333; text-transform: none; line-height: 22.4px; text-indent: 0px; letter-spacing: normal; font-style: normal; font-variant: normal; font-weight: 400; text-decoration: none; word-spacing: 0px; display: inline !important; white-space: normal; orphans: 2; font-size-adjust: none; font-stretch: 100%; float: none; -webkit-text-stroke-width: 0px; background-color: transparent;\">: Mit Aromastoffen, Konservierungsstoffen, Verdickungsmittel. <\/span><\/span><\/p>\n<p><span style=\"font-family: Georgia,Palatino; font-size: 12pt;\"><strong>F\u00fctterungshinweise<\/strong><span style=\"text-align: justify; color: #333333; text-transform: none; line-height: 22.4px; text-indent: 0px; letter-spacing: normal; font-style: normal; font-variant: normal; font-weight: 400; text-decoration: none; word-spacing: 0px; display: inline !important; white-space: normal; orphans: 2; font-size-adjust: none; font-stretch: 100%; float: none; -webkit-text-stroke-width: 0px; background-color: transparent;\">: 1 Hub (ca. 1,5ml) je 10kg K\u00f6rpergewicht pro Tag. Dosierung kann unbedenklich verdoppelt werden. Die Erstanwendung ist besonders erfolgreich w\u00e4hrend des Fellkleidwechsels. <\/span><\/span><\/p>\n<p><span style=\"font-family: Georgia,Palatino; font-size: 12pt;\"><strong>Anwendungshinweise<\/strong><span style=\"text-align: justify; color: #333333; text-transform: none; line-height: 22.4px; text-indent: 0px; letter-spacing: normal; font-style: normal; font-variant: normal; font-weight: 400; text-decoration: none; word-spacing: 0px; display: inline !important; white-space: normal; orphans: 2; font-size-adjust: none; font-stretch: 100%; float: none; -webkit-text-stroke-width: 0px; background-color: transparent;\">: Stets frisches Wasser bereitstellen! T\u00e4glich mit dem Futter oder pur geben. Vor jedem Gebrauch kr\u00e4ftig sch\u00fctteln!<\/span><\/span><\/p>\n<p><span style=\"font-family: Georgia,Palatino; font-size: 12pt;\"><strong>Verpackung<\/strong>: 100ml Spender<\/span><\/p>\n","protected":false},"excerpt":{"rendered":"<p>Bei akuten Problemen und zur Unterst\u00fctzung f\u00fcr Hunde, die zu Dauerhaaren oder Haarbruch neigen. St\u00e4rkt und sch\u00fctzt das Fell des Hundes intensiv und f\u00f6rdert die Absto\u00dfung des losen Althaares. Dr.Clauder\u00b4s Fell Plus Serum enth\u00e4lt hochdosiertes Biotin. In Verbindung mit optimierten Vitamingehalten und den essentiellen Aminos\u00e4uren DL-Methionin und Lysin sowie schnell verf\u00fcgbarer Energie aus Dextrose wirkt [&hellip;]<\/p>\n","protected":false},"featured_media":8028,"comment_status":"closed","ping_status":"closed","template":"","meta":[],"product_brand":[],"product_cat":[236],"product_tag":[],"class_list":{"0":"post-8029","1":"product","2":"type-product","3":"status-publish","4":"has-post-thumbnail","6":"product_cat-nahrungsergaenzung-und-apotheke","7":"tm-no-options","9":"first","10":"instock","11":"taxable","12":"shipping-taxable","13":"product-type-simple"},"supplier_id":null,"supplier_sku":"","barcode":null,"atum_controlled":true,"out_stock_date":null,"out_stock_threshold":null,"inheritable":false,"inbound_stock":null,"stock_on_hold":null,"sold_today":null,"sales_last_days":null,"reserved_stock":null,"customer_returns":null,"warehouse_damage":null,"lost_in_post":null,"other_logs":null,"out_stock_days":null,"lost_sales":null,"has_location":null,"update_date":"2024-11-12T16:37:11","atum_locations":[],"atum_stock_status":"instock","restock_status":false,"low_stock_amount":"","sales_update_date":null,"calc_backorders":null,"jetpack_sharing_enabled":true,"_links":{"self":[{"href":"https:\/\/www.go4dogs.de\/index.php?rest_route=\/wp\/v2\/product\/8029","targetHints":{"allow":["GET"]}}],"collection":[{"href":"https:\/\/www.go4dogs.de\/index.php?rest_route=\/wp\/v2\/product"}],"about":[{"href":"https:\/\/www.go4dogs.de\/index.php?rest_route=\/wp\/v2\/types\/product"}],"replies":[{"embeddable":true,"href":"https:\/\/www.go4dogs.de\/index.php?rest_route=%2Fwp%2Fv2%2Fcomments&post=8029"}],"wp:featuredmedia":[{"embeddable":true,"href":"https:\/\/www.go4dogs.de\/index.php?rest_route=\/wp\/v2\/media\/8028"}],"wp:attachment":[{"href":"https:\/\/www.go4dogs.de\/index.php?rest_route=%2Fwp%2Fv2%2Fmedia&parent=8029"}],"wp:term":[{"taxonomy":"product_brand","embeddable":true,"href":"https:\/\/www.go4dogs.de\/index.php?rest_route=%2Fwp%2Fv2%2Fproduct_brand&post=8029"},{"taxonomy":"product_cat","embeddable":true,"href":"https:\/\/www.go4dogs.de\/index.php?rest_route=%2Fwp%2Fv2%2Fproduct_cat&post=8029"},{"taxonomy":"product_tag","embeddable":true,"href":"https:\/\/www.go4dogs.de\/index.php?rest_route=%2Fwp%2Fv2%2Fproduct_tag&post=8029"}],"curies":[{"name":"wp","href":"https:\/\/api.w.org\/{rel}","templated":true}]}}