{"id":7909,"date":"2018-10-16T10:52:16","date_gmt":"2018-10-16T08:52:16","guid":{"rendered":"https:\/\/www.go4dogs.de\/?post_type=product&#038;p=7909"},"modified":"2024-11-12T18:37:02","modified_gmt":"2024-11-12T16:37:02","slug":"dr-clauders-diaet-rsd-nierendiaet","status":"publish","type":"product","link":"https:\/\/www.go4dogs.de\/?product=dr-clauders-diaet-rsd-nierendiaet","title":{"rendered":"Dr.Clauder&#8217;s Di\u00e4t RSD Nierendi\u00e4t"},"content":{"rendered":"<p><span style=\"font: 400 12pt\/22.4px Georgia,Palatino; text-align: justify; color: #333333; text-transform: none; text-indent: 0px; letter-spacing: normal; text-decoration: none; word-spacing: 0px; display: inline !important; white-space: normal; orphans: 2; font-size-adjust: none; font-stretch: 100%; float: none; -webkit-text-stroke-width: 0px; background-color: transparent;\">Dr.Clauder&#8217;s RSD (Nieren Di\u00e4t) ist ein Di\u00e4t Alleinfutter f\u00fcr Hunde und geeignet zur di\u00e4tetischen Unterst\u00fctzung von Hunden mit Nierenerkrankungen. Die Ursachen hierf\u00fcr sind vielf\u00e4ltiger Natur und k\u00f6nnen zu lebensbedrohlichen Situationen f\u00fchren. Durch eine ideale Rezeptur kann Dr.Clauder&#8217;s RSD die erkrankte Niere so unterst\u00fctzen. Besonderer Ern\u00e4hrungszweck: Dr.Clauder&#8217;s RSD (Nieren Di\u00e4t) wurde speziell zur Unterst\u00fctzung der Nierenfunktion bei chronischer Niereninsuffizienz entwickelt. Wesentliche ern\u00e4hrungsphysiologische Merkmale: Niedriger Phosphorgehalt, niedriger Eiwei\u00dfgehalt jedoch hochwertiges Eiwei\u00df.<\/span><\/p>\n<p><span style=\"font-family: Georgia,Palatino; font-size: 12pt;\"><b>Di\u00e4t-Alleinfuttermittel f\u00fcr Hunde.<\/b> <\/span><\/p>\n<p><span style=\"font-family: Georgia,Palatino; font-size: 12pt;\"><strong>Zusammensetzung<\/strong><span style=\"text-align: justify; color: #333333; text-transform: none; line-height: 22.4px; text-indent: 0px; letter-spacing: normal; font-style: normal; font-variant: normal; font-weight: 400; text-decoration: none; word-spacing: 0px; display: inline !important; white-space: normal; orphans: 2; font-size-adjust: none; font-stretch: 100%; float: none; -webkit-text-stroke-width: 0px; background-color: transparent;\">: vom Gefl\u00fcgel, vom Rind, Reis, Lachs\u00f6l, Calciumcarbonat. <\/span><\/span><\/p>\n<p><span style=\"font-family: Georgia,Palatino; font-size: 12pt;\"><strong>Analytische Bestandteile<\/strong><span style=\"text-align: justify; color: #333333; text-transform: none; line-height: 22.4px; text-indent: 0px; letter-spacing: normal; font-style: normal; font-variant: normal; font-weight: 400; text-decoration: none; word-spacing: 0px; display: inline !important; white-space: normal; orphans: 2; font-size-adjust: none; font-stretch: 100%; float: none; -webkit-text-stroke-width: 0px; background-color: transparent;\">: Rohprotein 6,6%, Rohfett 12,9%, Rohasche 2,2%, Rohfaser 0,2%, Feuchtigkeit 70%, Calcium 0,21%, Phosphor 0,17%, Natrium 0,05%, Kalium 0,24%, Magnesium 0,03%. <\/span><\/span><\/p>\n<p><span style=\"font-family: Georgia,Palatino; font-size: 12pt;\"><strong>Zusatzstoffe\/kg: Ern\u00e4hrungsphysiologische Zusatzstoffe<\/strong><span style=\"text-align: justify; color: #333333; text-transform: none; line-height: 22.4px; text-indent: 0px; letter-spacing: normal; font-style: normal; font-variant: normal; font-weight: 400; text-decoration: none; word-spacing: 0px; display: inline !important; white-space: normal; orphans: 2; font-size-adjust: none; font-stretch: 100%; float: none; -webkit-text-stroke-width: 0px; background-color: transparent;\">: Vitamine A 5.500IE, D3 400IE, E all rac-alfa-Tocopherolacetat 300mg, Kupfer (als Kupfer-II-Sulfat, Pentahydrat) 5mg, Jod (als Calciumjodat, wasserfrei) 0,75mg, Mangan (als Mangan-II-Sulfat, Monohydrat) 3mg, Selen (als Natriumselenit) 0,03mg, Zink (als Zinksulfat, Monohydrat) 15mg. <\/span><\/span><\/p>\n<p><span style=\"font-family: Georgia,Palatino; font-size: 12pt;\"><strong>Technologische Zusatzstoffe<\/strong><span style=\"text-align: justify; color: #333333; text-transform: none; line-height: 22.4px; text-indent: 0px; letter-spacing: normal; font-style: normal; font-variant: normal; font-weight: 400; text-decoration: none; word-spacing: 0px; display: inline !important; white-space: normal; orphans: 2; font-size-adjust: none; font-stretch: 100%; float: none; -webkit-text-stroke-width: 0px; background-color: transparent;\">: Cassia Gum 2.900mg. <\/span><\/span><\/p>\n<p><span style=\"font-family: Georgia,Palatino; font-size: 12pt;\"><strong>F\u00fctterungshinweise<\/strong><span style=\"text-align: justify; color: #333333; text-transform: none; line-height: 22.4px; text-indent: 0px; letter-spacing: normal; font-style: normal; font-variant: normal; font-weight: 400; text-decoration: none; word-spacing: 0px; display: inline !important; white-space: normal; orphans: 2; font-size-adjust: none; font-stretch: 100%; float: none; -webkit-text-stroke-width: 0px; background-color: transparent;\">: siehe Tabelle. Die empfohlene Anwendungsdauer f\u00fcr Dr.Clauder`s Di\u00e4t betr\u00e4gt bis zu 2 Monate. Dr.Clauder`s Di\u00e4t ist ein Alleinfuttermittel f\u00fcr Hunde, welches problemlos gef\u00fcttert werden kann, wenn ihr Hund die Di\u00e4t gut vertr\u00e4gt. Es wird empfohlen vor der Anwendung oder Verl\u00e4ngerung der F\u00fctterungsdauer den Rat eines Tierarztes einzuholen. <\/span><\/span><\/p>\n<p><span style=\"font-family: Georgia,Palatino; font-size: 12pt;\"><strong>Anwendungshinweise<\/strong><span style=\"text-align: justify; color: #333333; text-transform: none; line-height: 22.4px; text-indent: 0px; letter-spacing: normal; font-style: normal; font-variant: normal; font-weight: 400; text-decoration: none; word-spacing: 0px; display: inline !important; white-space: normal; orphans: 2; font-size-adjust: none; font-stretch: 100%; float: none; -webkit-text-stroke-width: 0px; background-color: transparent;\">: Stets frisches Wasser bereit stellen! Vor Feuchtigkeit sch\u00fctzen! K\u00fchl und trocken aufbewahren! Beutel nach Gebrauch sorgf\u00e4ltig verschlie\u00dfen.<\/span><\/span><\/p>\n<p><span style=\"font-family: Georgia,Palatino; font-size: 12pt;\"><strong>Verpackung<\/strong>: 400g Dose<\/span><\/p>\n","protected":false},"excerpt":{"rendered":"<p>Dr.Clauder&#8217;s RSD (Nieren Di\u00e4t) ist ein Di\u00e4t Alleinfutter f\u00fcr Hunde und geeignet zur di\u00e4tetischen Unterst\u00fctzung von Hunden mit Nierenerkrankungen. Die Ursachen hierf\u00fcr sind vielf\u00e4ltiger Natur und k\u00f6nnen zu lebensbedrohlichen Situationen f\u00fchren. Durch eine ideale Rezeptur kann Dr.Clauder&#8217;s RSD die erkrankte Niere so unterst\u00fctzen. Besonderer Ern\u00e4hrungszweck: Dr.Clauder&#8217;s RSD (Nieren Di\u00e4t) wurde speziell zur Unterst\u00fctzung der Nierenfunktion [&hellip;]<\/p>\n","protected":false},"featured_media":7910,"comment_status":"closed","ping_status":"closed","template":"","meta":[],"product_brand":[],"product_cat":[201,261],"product_tag":[],"class_list":{"0":"post-7909","1":"product","2":"type-product","3":"status-publish","4":"has-post-thumbnail","6":"product_cat-nassfutter-von-dr-clauders","7":"product_cat-dr-clauders-super-premium-schonkost","8":"tm-no-options","10":"first","11":"instock","12":"taxable","13":"shipping-taxable","14":"product-type-simple"},"supplier_id":null,"supplier_sku":"","barcode":null,"atum_controlled":true,"out_stock_date":null,"out_stock_threshold":null,"inheritable":false,"inbound_stock":0,"stock_on_hold":0,"sold_today":0,"sales_last_days":0,"reserved_stock":0,"customer_returns":0,"warehouse_damage":0,"lost_in_post":0,"other_logs":0,"out_stock_days":0,"lost_sales":0,"has_location":false,"update_date":"2024-11-12T16:37:11","atum_locations":[],"atum_stock_status":"instock","restock_status":false,"low_stock_amount":"","sales_update_date":"2024-07-05T16:42:20","calc_backorders":null,"jetpack_sharing_enabled":true,"_links":{"self":[{"href":"https:\/\/www.go4dogs.de\/index.php?rest_route=\/wp\/v2\/product\/7909","targetHints":{"allow":["GET"]}}],"collection":[{"href":"https:\/\/www.go4dogs.de\/index.php?rest_route=\/wp\/v2\/product"}],"about":[{"href":"https:\/\/www.go4dogs.de\/index.php?rest_route=\/wp\/v2\/types\/product"}],"replies":[{"embeddable":true,"href":"https:\/\/www.go4dogs.de\/index.php?rest_route=%2Fwp%2Fv2%2Fcomments&post=7909"}],"wp:featuredmedia":[{"embeddable":true,"href":"https:\/\/www.go4dogs.de\/index.php?rest_route=\/wp\/v2\/media\/7910"}],"wp:attachment":[{"href":"https:\/\/www.go4dogs.de\/index.php?rest_route=%2Fwp%2Fv2%2Fmedia&parent=7909"}],"wp:term":[{"taxonomy":"product_brand","embeddable":true,"href":"https:\/\/www.go4dogs.de\/index.php?rest_route=%2Fwp%2Fv2%2Fproduct_brand&post=7909"},{"taxonomy":"product_cat","embeddable":true,"href":"https:\/\/www.go4dogs.de\/index.php?rest_route=%2Fwp%2Fv2%2Fproduct_cat&post=7909"},{"taxonomy":"product_tag","embeddable":true,"href":"https:\/\/www.go4dogs.de\/index.php?rest_route=%2Fwp%2Fv2%2Fproduct_tag&post=7909"}],"curies":[{"name":"wp","href":"https:\/\/api.w.org\/{rel}","templated":true}]}}