{"id":7899,"date":"2018-10-16T10:43:31","date_gmt":"2018-10-16T08:43:31","guid":{"rendered":"https:\/\/www.go4dogs.de\/?post_type=product&#038;p=7899"},"modified":"2025-12-13T23:27:20","modified_gmt":"2025-12-13T21:27:20","slug":"dr-clauders-plaque-ex-forte-plus","status":"publish","type":"product","link":"https:\/\/www.go4dogs.de\/?product=dr-clauders-plaque-ex-forte-plus","title":{"rendered":"Dr.Clauder&#8217;s Plaque Ex Forte Plus"},"content":{"rendered":"<p><span style=\"font: 400 12pt\/22.4px Georgia,Palatino; text-align: justify; color: #333333; text-transform: none; text-indent: 0px; letter-spacing: normal; text-decoration: none; word-spacing: 0px; display: inline !important; white-space: normal; orphans: 2; font-size-adjust: none; font-stretch: 100%; float: none; -webkit-text-stroke-width: 0px; background-color: transparent;\">Dr.Clauder\u2018s Plaque Ex Forte Plus ist ein neuartiges Produkt zur Zahnsteinprophylaxe sowie der Reduzierung von Zahnstein. Zahnstein baut sich \u00fcber einen l\u00e4ngeren Zeitraum meist an den Backenz\u00e4hnen auf. Wird nicht vorbeugend behandelt, bleibt meist nur der Gang zum Tierarzt. Dr.Clauder\u2018s Plaque Ex Forte bietet mit seiner Formel aus hochdosiertem Cranberry Extrakt und Microsilber einen hervorragenden und wissenschaftlich best\u00e4tigten Schutz vor Zahnstein. Entweder \u00fcber das Futter geben oder auf einen Teller geben und ablecken lassen. \u2022 Mit Micro Silber und Cranberry \u2022 Kann Plaque schon in der Entstehung stoppen \u2022 Dentalhygiene mit nat\u00fcrlichen Wirkstoffen.<\/span><\/p>\n<p><span style=\"font-family: Georgia,Palatino; font-size: 12pt;\"><b>Zahnpflege f\u00fcr Hunde.<\/b> <\/span><\/p>\n<p><span style=\"font-family: Georgia,Palatino; font-size: 12pt;\"><strong>Zusammensetzung<\/strong><span style=\"text-align: justify; color: #333333; text-transform: none; line-height: 22.4px; text-indent: 0px; letter-spacing: normal; font-style: normal; font-variant: normal; font-weight: 400; text-decoration: none; word-spacing: 0px; display: inline !important; white-space: normal; orphans: 2; font-size-adjust: none; font-stretch: 100%; float: none; -webkit-text-stroke-width: 0px; background-color: transparent;\">: H\u00fchnerprotein (getrocknet), Cranberrysaftkonzentrat (10%), Raps\u00f6l, tierisches Fett. <\/span><\/span><\/p>\n<p><span style=\"font-family: Georgia,Palatino; font-size: 12pt;\"><strong>Analytische Bestandteile<\/strong><span style=\"text-align: justify; color: #333333; text-transform: none; line-height: 22.4px; text-indent: 0px; letter-spacing: normal; font-style: normal; font-variant: normal; font-weight: 400; text-decoration: none; word-spacing: 0px; display: inline !important; white-space: normal; orphans: 2; font-size-adjust: none; font-stretch: 100%; float: none; -webkit-text-stroke-width: 0px; background-color: transparent;\">: Rohprotein 8%, Rohfett 26%, Rohfaser 0,2%, Rohasche 0,15%, Feuchtigkeit 57%. <\/span><\/span><\/p>\n<p><span style=\"font-family: Georgia,Palatino; font-size: 12pt;\"><strong>Technologische Zusatzstoffe<\/strong><span style=\"text-align: justify; color: #333333; text-transform: none; line-height: 22.4px; text-indent: 0px; letter-spacing: normal; font-style: normal; font-variant: normal; font-weight: 400; text-decoration: none; word-spacing: 0px; display: inline !important; white-space: normal; orphans: 2; font-size-adjust: none; font-stretch: 100%; float: none; -webkit-text-stroke-width: 0px; background-color: transparent;\">: Microsilber 0,05%, Mit Konservierungsstoffen, mit Emulgator. Sensorische Zusatzstoffe: Mit Aromastoffen. <\/span><\/span><\/p>\n<p><span style=\"font-family: Georgia,Palatino; font-size: 12pt;\"><strong>F\u00fctterungshinweise<\/strong><span style=\"text-align: justify; color: #333333; text-transform: none; line-height: 22.4px; text-indent: 0px; letter-spacing: normal; font-style: normal; font-variant: normal; font-weight: 400; text-decoration: none; word-spacing: 0px; display: inline !important; white-space: normal; orphans: 2; font-size-adjust: none; font-stretch: 100%; float: none; -webkit-text-stroke-width: 0px; background-color: transparent;\">: Tagesdosis: ca. 3g = 2 H\u00fcbe. <\/span><\/span><\/p>\n<p><span style=\"font-family: Georgia,Palatino; font-size: 12pt;\"><strong>A<\/strong><strong>nwendungshinweise<\/strong><span style=\"text-align: justify; color: #333333; text-transform: none; line-height: 22.4px; text-indent: 0px; letter-spacing: normal; font-style: normal; font-variant: normal; font-weight: 400; text-decoration: none; word-spacing: 0px; display: inline !important; white-space: normal; orphans: 2; font-size-adjust: none; font-stretch: 100%; float: none; -webkit-text-stroke-width: 0px; background-color: transparent;\">: Die Flasche arbeitet mit einem Vacuum. Aus technischen Gr\u00fcnden bitte am Anfang einige Male pumpen. T\u00e4gliche Anwendung wird empfohlen (wie das regelm\u00e4\u00dfige Z\u00e4hneputzen beim Menschen).<\/span><\/span><\/p>\n<p><span style=\"font-family: Georgia,Palatino; font-size: 12pt;\"><strong>Verpackung<\/strong>: 100ml Spender<\/span><\/p>\n","protected":false},"excerpt":{"rendered":"<p>Dr.Clauder\u2018s Plaque Ex Forte Plus ist ein neuartiges Produkt zur Zahnsteinprophylaxe sowie der Reduzierung von Zahnstein. Zahnstein baut sich \u00fcber einen l\u00e4ngeren Zeitraum meist an den Backenz\u00e4hnen auf. Wird nicht vorbeugend behandelt, bleibt meist nur der Gang zum Tierarzt. Dr.Clauder\u2018s Plaque Ex Forte bietet mit seiner Formel aus hochdosiertem Cranberry Extrakt und Microsilber einen hervorragenden [&hellip;]<\/p>\n","protected":false},"featured_media":20554,"comment_status":"closed","ping_status":"closed","template":"","meta":[],"product_brand":[],"product_cat":[236],"product_tag":[],"class_list":{"0":"post-7899","1":"product","2":"type-product","3":"status-publish","4":"has-post-thumbnail","6":"product_cat-nahrungsergaenzung-und-apotheke","7":"tm-no-options","9":"first","10":"instock","11":"sale","12":"taxable","13":"shipping-taxable","14":"product-type-simple"},"supplier_id":null,"supplier_sku":"","barcode":null,"atum_controlled":true,"out_stock_date":null,"out_stock_threshold":null,"inheritable":false,"inbound_stock":null,"stock_on_hold":0,"sold_today":0,"sales_last_days":1,"reserved_stock":null,"customer_returns":null,"warehouse_damage":null,"lost_in_post":null,"other_logs":null,"out_stock_days":0,"lost_sales":0,"has_location":null,"update_date":"2025-12-17T07:33:59","atum_locations":[],"atum_stock_status":"instock","restock_status":false,"low_stock_amount":"","sales_update_date":"2025-12-17T07:33:59","calc_backorders":null,"jetpack_sharing_enabled":true,"_links":{"self":[{"href":"https:\/\/www.go4dogs.de\/index.php?rest_route=\/wp\/v2\/product\/7899","targetHints":{"allow":["GET"]}}],"collection":[{"href":"https:\/\/www.go4dogs.de\/index.php?rest_route=\/wp\/v2\/product"}],"about":[{"href":"https:\/\/www.go4dogs.de\/index.php?rest_route=\/wp\/v2\/types\/product"}],"replies":[{"embeddable":true,"href":"https:\/\/www.go4dogs.de\/index.php?rest_route=%2Fwp%2Fv2%2Fcomments&post=7899"}],"wp:featuredmedia":[{"embeddable":true,"href":"https:\/\/www.go4dogs.de\/index.php?rest_route=\/wp\/v2\/media\/20554"}],"wp:attachment":[{"href":"https:\/\/www.go4dogs.de\/index.php?rest_route=%2Fwp%2Fv2%2Fmedia&parent=7899"}],"wp:term":[{"taxonomy":"product_brand","embeddable":true,"href":"https:\/\/www.go4dogs.de\/index.php?rest_route=%2Fwp%2Fv2%2Fproduct_brand&post=7899"},{"taxonomy":"product_cat","embeddable":true,"href":"https:\/\/www.go4dogs.de\/index.php?rest_route=%2Fwp%2Fv2%2Fproduct_cat&post=7899"},{"taxonomy":"product_tag","embeddable":true,"href":"https:\/\/www.go4dogs.de\/index.php?rest_route=%2Fwp%2Fv2%2Fproduct_tag&post=7899"}],"curies":[{"name":"wp","href":"https:\/\/api.w.org\/{rel}","templated":true}]}}