{"id":7865,"date":"2018-10-09T14:12:21","date_gmt":"2018-10-09T12:12:21","guid":{"rendered":"https:\/\/www.go4dogs.de\/?post_type=product&#038;p=7865"},"modified":"2024-11-12T18:37:03","modified_gmt":"2024-11-12T16:37:03","slug":"dr-clauders-snack-it-leber-creme-schwein","status":"publish","type":"product","link":"https:\/\/www.go4dogs.de\/?product=dr-clauders-snack-it-leber-creme-schwein","title":{"rendered":"Dr.Clauder&#8217;s Snack IT Leber Creme Schwein"},"content":{"rendered":"<p><span style=\"font: 400 12pt\/22.4px Georgia,Palatino; text-align: justify; color: #333333; text-transform: none; text-indent: 0px; letter-spacing: normal; text-decoration: none; word-spacing: 0px; display: inline !important; white-space: normal; orphans: 2; font-size-adjust: none; font-stretch: 100%; float: none; -webkit-text-stroke-width: 0px; background-color: transparent;\">Der Gourmet-Snack zum Verw\u00f6hnen. Mit extra viel frischem Fleisch. Plus FOS zur Unterst\u00fctzung eines stabilen Verdauungssystems. Ohne Zusatz von Salz und Zucker.<\/span><\/p>\n<p><span style=\"font-family: Georgia,Palatino; font-size: 12pt;\"><b>Erg\u00e4nzungsfuttermittel f\u00fcr Hunde.<\/b> <\/span><\/p>\n<p><span style=\"font-family: Georgia,Palatino; font-size: 12pt;\"><b>Zusammensetzung<\/b><span style=\"text-align: justify; color: #333333; text-transform: none; line-height: 22.4px; text-indent: 0px; letter-spacing: normal; font-style: normal; font-variant: normal; font-weight: 400; text-decoration: none; word-spacing: 0px; display: inline !important; white-space: normal; orphans: 2; font-size-adjust: none; font-stretch: 100%; float: none; -webkit-text-stroke-width: 0px; background-color: transparent;\">: vom Schwein 58% (Fleisch, Leber 14%, Speck, Fette), Milchprotein, Pflanzenkonzentrat, Magermilchpulver, Erbsenfaser, Sellerieknollenpulver, Zwiebelpulver, Inulin (Fructooligosaccharide) 0,5%, Tomate. <\/span><\/span><\/p>\n<p><span style=\"font-family: Georgia,Palatino; font-size: 12pt;\"><strong>Analytische Bestandteile<\/strong><span style=\"text-align: justify; color: #333333; text-transform: none; line-height: 22.4px; text-indent: 0px; letter-spacing: normal; font-style: normal; font-variant: normal; font-weight: 400; text-decoration: none; word-spacing: 0px; display: inline !important; white-space: normal; orphans: 2; font-size-adjust: none; font-stretch: 100%; float: none; -webkit-text-stroke-width: 0px; background-color: transparent;\">: Rohprotein 12,8%, Rohfett 15,8%, Rohfaser 1,9%, Rohasche 3,2%, Feuchtigkeit 59,1%.<\/span><\/span><\/p>\n<p><span style=\"font-family: Georgia,Palatino; font-size: 12pt;\"> <strong>Anwendungshinweise<\/strong><span style=\"text-align: justify; color: #333333; text-transform: none; line-height: 22.4px; text-indent: 0px; letter-spacing: normal; font-style: normal; font-variant: normal; font-weight: 400; text-decoration: none; word-spacing: 0px; display: inline !important; white-space: normal; orphans: 2; font-size-adjust: none; font-stretch: 100%; float: none; -webkit-text-stroke-width: 0px; background-color: transparent;\">: \u00dcber das Futter oder pur geben. Nach dem \u00d6ffnen k\u00fchl lagern und bald verbrauchen. Stets frisches Wasser bereitstellen! Tube nach Gebrauch sorgf\u00e4ltig verschlie\u00dfen.<\/span><\/span><\/p>\n<p><span style=\"font-family: Georgia,Palatino; font-size: 12pt;\"><strong>Verpackung<\/strong>: 75g Tube<\/span><\/p>\n","protected":false},"excerpt":{"rendered":"<p>Der Gourmet-Snack zum Verw\u00f6hnen. Mit extra viel frischem Fleisch. Plus FOS zur Unterst\u00fctzung eines stabilen Verdauungssystems. Ohne Zusatz von Salz und Zucker. Erg\u00e4nzungsfuttermittel f\u00fcr Hunde. Zusammensetzung: vom Schwein 58% (Fleisch, Leber 14%, Speck, Fette), Milchprotein, Pflanzenkonzentrat, Magermilchpulver, Erbsenfaser, Sellerieknollenpulver, Zwiebelpulver, Inulin (Fructooligosaccharide) 0,5%, Tomate. Analytische Bestandteile: Rohprotein 12,8%, Rohfett 15,8%, Rohfaser 1,9%, Rohasche 3,2%, Feuchtigkeit [&hellip;]<\/p>\n","protected":false},"featured_media":7862,"comment_status":"closed","ping_status":"closed","template":"","meta":[],"product_brand":[],"product_cat":[203,216],"product_tag":[],"class_list":{"0":"post-7865","1":"product","2":"type-product","3":"status-publish","4":"has-post-thumbnail","6":"product_cat-leckerlies","7":"product_cat-leckerlies-von-dr-clauders","8":"tm-no-options","10":"first","11":"instock","12":"taxable","13":"shipping-taxable","14":"product-type-simple"},"supplier_id":null,"supplier_sku":"","barcode":null,"atum_controlled":true,"out_stock_date":null,"out_stock_threshold":null,"inheritable":false,"inbound_stock":0,"stock_on_hold":0,"sold_today":0,"sales_last_days":0,"reserved_stock":0,"customer_returns":0,"warehouse_damage":0,"lost_in_post":0,"other_logs":0,"out_stock_days":0,"lost_sales":0,"has_location":false,"update_date":"2024-11-12T16:37:11","atum_locations":[],"atum_stock_status":"instock","restock_status":false,"low_stock_amount":"","sales_update_date":"2023-01-13T07:31:46","calc_backorders":null,"jetpack_sharing_enabled":true,"_links":{"self":[{"href":"https:\/\/www.go4dogs.de\/index.php?rest_route=\/wp\/v2\/product\/7865","targetHints":{"allow":["GET"]}}],"collection":[{"href":"https:\/\/www.go4dogs.de\/index.php?rest_route=\/wp\/v2\/product"}],"about":[{"href":"https:\/\/www.go4dogs.de\/index.php?rest_route=\/wp\/v2\/types\/product"}],"replies":[{"embeddable":true,"href":"https:\/\/www.go4dogs.de\/index.php?rest_route=%2Fwp%2Fv2%2Fcomments&post=7865"}],"wp:featuredmedia":[{"embeddable":true,"href":"https:\/\/www.go4dogs.de\/index.php?rest_route=\/wp\/v2\/media\/7862"}],"wp:attachment":[{"href":"https:\/\/www.go4dogs.de\/index.php?rest_route=%2Fwp%2Fv2%2Fmedia&parent=7865"}],"wp:term":[{"taxonomy":"product_brand","embeddable":true,"href":"https:\/\/www.go4dogs.de\/index.php?rest_route=%2Fwp%2Fv2%2Fproduct_brand&post=7865"},{"taxonomy":"product_cat","embeddable":true,"href":"https:\/\/www.go4dogs.de\/index.php?rest_route=%2Fwp%2Fv2%2Fproduct_cat&post=7865"},{"taxonomy":"product_tag","embeddable":true,"href":"https:\/\/www.go4dogs.de\/index.php?rest_route=%2Fwp%2Fv2%2Fproduct_tag&post=7865"}],"curies":[{"name":"wp","href":"https:\/\/api.w.org\/{rel}","templated":true}]}}