{"id":7825,"date":"2018-10-09T07:41:46","date_gmt":"2018-10-09T05:41:46","guid":{"rendered":"https:\/\/www.go4dogs.de\/?post_type=product&#038;p=7825"},"modified":"2024-11-12T18:37:03","modified_gmt":"2024-11-12T16:37:03","slug":"dr-clauders-barf-lachsoel-traditionell","status":"publish","type":"product","link":"https:\/\/www.go4dogs.de\/?product=dr-clauders-barf-lachsoel-traditionell","title":{"rendered":"Dr.Clauder&#8217;s BARF Lachs\u00f6l traditionell"},"content":{"rendered":"<p><span style=\"font: 400 16px\/22.4px Georgia,Palatino; text-align: justify; color: #333333; text-transform: none; text-indent: 0px; letter-spacing: normal; text-decoration: none; word-spacing: 0px; display: inline !important; white-space: normal; orphans: 2; font-size-adjust: none; font-stretch: 100%; float: none; -webkit-text-stroke-width: 0px; background-color: transparent;\">Ein gl\u00e4nzendes Fell und eine gesunde Haut stehen stellvertretend f\u00fcr die Vitalit\u00e4t und Gesundheit Ihres Tieres. Viele Tiere leiden jedoch unter stumpfem Fell, fehlender Unterwolle und empfindlicher Haut. Der Schutz und die Sch\u00f6nheit von Haut und Fell werden dadurch gleicherma\u00dfen beeintr\u00e4chtigt. Dr.Clauder\u2018s traditionelles Lachs\u00f6l f\u00fcr Hunde und Katzen bietet die Kraft des reinen Lachs\u00f6ls. Die nat\u00fcrlichen Anteile an unges\u00e4ttigten, sowie mehrfach unges\u00e4ttigten Fetts\u00e4uren (Omega 3 ca. 15% &#8211; Omega 6 ca. 15%) wirken unmittelbar auf Haut und Fell und f\u00f6rdern die vitalen K\u00f6rperfunktionen. Zus\u00e4tzlich unterstreicht der sehr niedrige Gehalt an freien Fetts\u00e4uren (&lt;3%) die ausgezeichnete Qualit\u00e4t dieses Naturproduktes.<\/span><\/p>\n<p><span style=\"font-family: Georgia,Palatino;\"><b>Einzelfuttermittel f\u00fcr Hunde und Katzen.<\/b><\/span><\/p>\n<p><span style=\"font-family: Georgia,Palatino;\"> <strong>Zusammensetzung<\/strong><span style=\"text-align: justify; color: #333333; text-transform: none; line-height: 22.4px; text-indent: 0px; letter-spacing: normal; font-size: 16px; font-style: normal; font-variant: normal; font-weight: 400; text-decoration: none; word-spacing: 0px; display: inline !important; white-space: normal; orphans: 2; font-size-adjust: none; font-stretch: 100%; float: none; -webkit-text-stroke-width: 0px; background-color: transparent;\">: 100% nat\u00fcrliches Lachs\u00f6l. <\/span><\/span><\/p>\n<p><span style=\"font-family: Georgia,Palatino;\"><strong>Analytische Bestandteile<\/strong><span style=\"text-align: justify; color: #333333; text-transform: none; line-height: 22.4px; text-indent: 0px; letter-spacing: normal; font-size: 16px; font-style: normal; font-variant: normal; font-weight: 400; text-decoration: none; word-spacing: 0px; display: inline !important; white-space: normal; orphans: 2; font-size-adjust: none; font-stretch: 100%; float: none; -webkit-text-stroke-width: 0px; background-color: transparent;\">: Rohfett 99%. <\/span><\/span><\/p>\n<p><span style=\"font-family: Georgia,Palatino;\"><strong>F\u00fctterungshinweise<\/strong><span style=\"text-align: justify; color: #333333; text-transform: none; line-height: 22.4px; text-indent: 0px; letter-spacing: normal; font-size: 16px; font-style: normal; font-variant: normal; font-weight: 400; text-decoration: none; word-spacing: 0px; display: inline !important; white-space: normal; orphans: 2; font-size-adjust: none; font-stretch: 100%; float: none; -webkit-text-stroke-width: 0px; background-color: transparent;\">: Dosierung: K\u00f6rpergewicht \/ ml pro Tag (1 Teel\u00f6ffel = ca. 5ml): bis 5kg: 2,5ml; 5-15kg: 5ml; 15-30kg: 10ml; \u00fcber 30kg: 15ml. Die F\u00fctterung mit ca. 30% der Tagesdosis beginnen. Innerhalb von 1-2 Wochen auf die volle Tagesmenge erh\u00f6hen. Innerhalb von 2 Wochen steigern. <\/span><\/span><\/p>\n<p><span style=\"font-family: Georgia,Palatino;\"><strong>Anwendungshinweise<\/strong><span style=\"text-align: justify; color: #333333; text-transform: none; line-height: 22.4px; text-indent: 0px; letter-spacing: normal; font-size: 16px; font-style: normal; font-variant: normal; font-weight: 400; text-decoration: none; word-spacing: 0px; display: inline !important; white-space: normal; orphans: 2; font-size-adjust: none; font-stretch: 100%; float: none; -webkit-text-stroke-width: 0px; background-color: transparent;\">: \u00dcber das Futter oder pur geben. Vor jedem Gebrauch kr\u00e4ftig sch\u00fctteln!<\/span><\/span><\/p>\n<p><span style=\"font-family: Georgia,Palatino;\"><strong>Verpackung<\/strong>: 250ml Flasche<\/span><\/p>\n","protected":false},"excerpt":{"rendered":"<p>Ein gl\u00e4nzendes Fell und eine gesunde Haut stehen stellvertretend f\u00fcr die Vitalit\u00e4t und Gesundheit Ihres Tieres. Viele Tiere leiden jedoch unter stumpfem Fell, fehlender Unterwolle und empfindlicher Haut. Der Schutz und die Sch\u00f6nheit von Haut und Fell werden dadurch gleicherma\u00dfen beeintr\u00e4chtigt. Dr.Clauder\u2018s traditionelles Lachs\u00f6l f\u00fcr Hunde und Katzen bietet die Kraft des reinen Lachs\u00f6ls. Die [&hellip;]<\/p>\n","protected":false},"featured_media":7792,"comment_status":"closed","ping_status":"closed","template":"","meta":[],"product_brand":[],"product_cat":[236],"product_tag":[],"class_list":{"0":"post-7825","1":"product","2":"type-product","3":"status-publish","4":"has-post-thumbnail","6":"product_cat-nahrungsergaenzung-und-apotheke","7":"tm-no-options","9":"first","10":"outofstock","11":"taxable","12":"shipping-taxable","13":"product-type-simple"},"supplier_id":null,"supplier_sku":"","barcode":null,"atum_controlled":true,"out_stock_date":null,"out_stock_threshold":null,"inheritable":false,"inbound_stock":0,"stock_on_hold":0,"sold_today":0,"sales_last_days":0,"reserved_stock":0,"customer_returns":0,"warehouse_damage":0,"lost_in_post":0,"other_logs":0,"out_stock_days":0,"lost_sales":0,"has_location":false,"update_date":"2024-11-12T16:37:11","atum_locations":[],"atum_stock_status":"outofstock","restock_status":false,"low_stock_amount":"","sales_update_date":"2024-07-05T16:42:20","calc_backorders":null,"jetpack_sharing_enabled":true,"_links":{"self":[{"href":"https:\/\/www.go4dogs.de\/index.php?rest_route=\/wp\/v2\/product\/7825","targetHints":{"allow":["GET"]}}],"collection":[{"href":"https:\/\/www.go4dogs.de\/index.php?rest_route=\/wp\/v2\/product"}],"about":[{"href":"https:\/\/www.go4dogs.de\/index.php?rest_route=\/wp\/v2\/types\/product"}],"replies":[{"embeddable":true,"href":"https:\/\/www.go4dogs.de\/index.php?rest_route=%2Fwp%2Fv2%2Fcomments&post=7825"}],"wp:featuredmedia":[{"embeddable":true,"href":"https:\/\/www.go4dogs.de\/index.php?rest_route=\/wp\/v2\/media\/7792"}],"wp:attachment":[{"href":"https:\/\/www.go4dogs.de\/index.php?rest_route=%2Fwp%2Fv2%2Fmedia&parent=7825"}],"wp:term":[{"taxonomy":"product_brand","embeddable":true,"href":"https:\/\/www.go4dogs.de\/index.php?rest_route=%2Fwp%2Fv2%2Fproduct_brand&post=7825"},{"taxonomy":"product_cat","embeddable":true,"href":"https:\/\/www.go4dogs.de\/index.php?rest_route=%2Fwp%2Fv2%2Fproduct_cat&post=7825"},{"taxonomy":"product_tag","embeddable":true,"href":"https:\/\/www.go4dogs.de\/index.php?rest_route=%2Fwp%2Fv2%2Fproduct_tag&post=7825"}],"curies":[{"name":"wp","href":"https:\/\/api.w.org\/{rel}","templated":true}]}}