{"id":7818,"date":"2018-10-09T07:30:42","date_gmt":"2018-10-09T05:30:42","guid":{"rendered":"https:\/\/www.go4dogs.de\/?post_type=product&#038;p=7818"},"modified":"2024-11-12T18:37:03","modified_gmt":"2024-11-12T16:37:03","slug":"dr-clauders-barf-komplettmenue-huehnerfrikassee","status":"publish","type":"product","link":"https:\/\/www.go4dogs.de\/?product=dr-clauders-barf-komplettmenue-huehnerfrikassee","title":{"rendered":"Dr.Clauder&#8217;s BARF Komplettmen\u00fc H\u00fchnerfrikassee"},"content":{"rendered":"<p><span style=\"font: 400 16px\/22.4px Georgia,Palatino; text-align: justify; color: #333333; text-transform: none; text-indent: 0px; letter-spacing: normal; text-decoration: none; word-spacing: 0px; display: inline !important; white-space: normal; orphans: 2; font-size-adjust: none; font-stretch: 100%; float: none; -webkit-text-stroke-width: 0px; background-color: transparent;\">Dr.Clauder\u2018s Komplett Menue \u201eH\u00fchnerfrikassee\u201c besteht in einem optimalen Verh\u00e4ltnis aus Muskelfleisch und Innereien. 100% vom Huhn &#8211; dazu Karotten, S\u00fc\u00dfkartoffeln, Spargel und Amaranth. Aus den zugef\u00fcgten \u00d6len werden die wichtigen Vitamine und Fetts\u00e4uren gezogen. N\u00e4her an der Natur kann nur noch das eigene Jagen sein. Aufgrund der Single-Protein Rezeptur ist dieses Produkt auch f\u00fcr Allergiker geeignet. Dr.Clauder\u2018s B.A.R.F. Spezialit\u00e4ten stehen f\u00fcr den puren Genuss f\u00fcr Ihren Hund.<\/span><\/p>\n<p><span style=\"font-family: Georgia,Palatino;\"><b>Alleinfuttermittel f\u00fcr erwachsene Hunde.<\/b> <\/span><\/p>\n<p><span style=\"font-family: Georgia,Palatino;\"><b>Zusammensetzung<\/b><span style=\"text-align: justify; color: #333333; text-transform: none; line-height: 22.4px; text-indent: 0px; letter-spacing: normal; font-size: 16px; font-style: normal; font-variant: normal; font-weight: 400; text-decoration: none; word-spacing: 0px; display: inline !important; white-space: normal; orphans: 2; font-size-adjust: none; font-stretch: 100%; float: none; -webkit-text-stroke-width: 0px; background-color: transparent;\">: 80% vom Huhn (Herz, Fleisch, Leber, Magen, H\u00e4lse), 5% Karotten, 5% Spargel, 5% S\u00fc\u00dfkartoffeln, 3% Amaranth, 1% Mineralstoffe, 0,5% Dorschlebertran, 0,5% Weizenkeim\u00f6l.<\/span><\/span><\/p>\n<p><span style=\"font-family: Georgia,Palatino;\"> <strong>Analytische Bestandteile<\/strong><span style=\"text-align: justify; color: #333333; text-transform: none; line-height: 22.4px; text-indent: 0px; letter-spacing: normal; font-size: 16px; font-style: normal; font-variant: normal; font-weight: 400; text-decoration: none; word-spacing: 0px; display: inline !important; white-space: normal; orphans: 2; font-size-adjust: none; font-stretch: 100%; float: none; -webkit-text-stroke-width: 0px; background-color: transparent;\">: Rohprotein 10%, Rohfett 5,7%, Rohasche 2,1%, Rohfaser 0,6%, Feuchtigkeit 77%. <\/span><\/span><\/p>\n<p><span style=\"font-family: Georgia,Palatino;\"><strong>Zusatzstoffe\/kg: Ern\u00e4hrungsphysiologische Zusatzstoffe<\/strong><span style=\"text-align: justify; color: #333333; text-transform: none; line-height: 22.4px; text-indent: 0px; letter-spacing: normal; font-size: 16px; font-style: normal; font-variant: normal; font-weight: 400; text-decoration: none; word-spacing: 0px; display: inline !important; white-space: normal; orphans: 2; font-size-adjust: none; font-stretch: 100%; float: none; -webkit-text-stroke-width: 0px; background-color: transparent;\">: : A 5.000IE, D3 500IE, E 11,7mg. <\/span><\/span><\/p>\n<p><span style=\"font-family: Georgia,Palatino;\"><strong>F\u00fctterungshinweise<\/strong><span style=\"text-align: justify; color: #333333; text-transform: none; line-height: 22.4px; text-indent: 0px; letter-spacing: normal; font-size: 16px; font-style: normal; font-variant: normal; font-weight: 400; text-decoration: none; word-spacing: 0px; display: inline !important; white-space: normal; orphans: 2; font-size-adjust: none; font-stretch: 100%; float: none; -webkit-text-stroke-width: 0px; background-color: transparent;\">: Futtermenge in 24h. Richtwerte: Hunde bis 5 kg &#8211; ca. 150 &#8211; 250g p. Tag, Hunde bis 15 kg &#8211; ca. 300 &#8211; 400g p. Tag, Hunde bis 25 kg &#8211; ca. 450 &#8211; 500g p. Tag, Hunde bis 40 kg &#8211; ca. 600 &#8211; 800g p. Tag. Die Futtermenge richtet sich nach Alter, Aktivit\u00e4t und Rasse des Hundes. Bitte zimmerwarm f\u00fcttern. Ausreichend Trinkwasser zur freien Aufnahme gew\u00e4hrleisten.<\/span><\/span><\/p>\n<p><span style=\"font-family: Georgia,Palatino;\"><strong>Verpackung<\/strong>: 400g Dose\u00a0 |\u00a0 800g Dose<\/span><\/p>\n","protected":false},"excerpt":{"rendered":"<p>Dr.Clauder\u2018s Komplett Menue \u201eH\u00fchnerfrikassee\u201c besteht in einem optimalen Verh\u00e4ltnis aus Muskelfleisch und Innereien. 100% vom Huhn &#8211; dazu Karotten, S\u00fc\u00dfkartoffeln, Spargel und Amaranth. Aus den zugef\u00fcgten \u00d6len werden die wichtigen Vitamine und Fetts\u00e4uren gezogen. N\u00e4her an der Natur kann nur noch das eigene Jagen sein. Aufgrund der Single-Protein Rezeptur ist dieses Produkt auch f\u00fcr Allergiker [&hellip;]<\/p>\n","protected":false},"featured_media":7807,"comment_status":"closed","ping_status":"closed","template":"","meta":[],"product_brand":[],"product_cat":[201,259],"product_tag":[],"class_list":{"0":"post-7818","1":"product","2":"type-product","3":"status-publish","4":"has-post-thumbnail","6":"product_cat-nassfutter-von-dr-clauders","7":"product_cat-dr-clauders-b-a-r-f-komplettmenues","8":"tm-no-options","10":"first","11":"instock","12":"taxable","13":"shipping-taxable","14":"product-type-variable"},"supplier_id":null,"supplier_sku":"","barcode":null,"atum_controlled":true,"out_stock_date":null,"out_stock_threshold":null,"inheritable":false,"inbound_stock":null,"stock_on_hold":null,"sold_today":null,"sales_last_days":null,"reserved_stock":null,"customer_returns":null,"warehouse_damage":null,"lost_in_post":null,"other_logs":null,"out_stock_days":null,"lost_sales":null,"has_location":null,"update_date":"2024-11-12T16:37:11","atum_locations":[],"atum_stock_status":"instock","restock_status":false,"low_stock_amount":"","sales_update_date":null,"calc_backorders":null,"jetpack_sharing_enabled":true,"_links":{"self":[{"href":"https:\/\/www.go4dogs.de\/index.php?rest_route=\/wp\/v2\/product\/7818","targetHints":{"allow":["GET"]}}],"collection":[{"href":"https:\/\/www.go4dogs.de\/index.php?rest_route=\/wp\/v2\/product"}],"about":[{"href":"https:\/\/www.go4dogs.de\/index.php?rest_route=\/wp\/v2\/types\/product"}],"replies":[{"embeddable":true,"href":"https:\/\/www.go4dogs.de\/index.php?rest_route=%2Fwp%2Fv2%2Fcomments&post=7818"}],"wp:featuredmedia":[{"embeddable":true,"href":"https:\/\/www.go4dogs.de\/index.php?rest_route=\/wp\/v2\/media\/7807"}],"wp:attachment":[{"href":"https:\/\/www.go4dogs.de\/index.php?rest_route=%2Fwp%2Fv2%2Fmedia&parent=7818"}],"wp:term":[{"taxonomy":"product_brand","embeddable":true,"href":"https:\/\/www.go4dogs.de\/index.php?rest_route=%2Fwp%2Fv2%2Fproduct_brand&post=7818"},{"taxonomy":"product_cat","embeddable":true,"href":"https:\/\/www.go4dogs.de\/index.php?rest_route=%2Fwp%2Fv2%2Fproduct_cat&post=7818"},{"taxonomy":"product_tag","embeddable":true,"href":"https:\/\/www.go4dogs.de\/index.php?rest_route=%2Fwp%2Fv2%2Fproduct_tag&post=7818"}],"curies":[{"name":"wp","href":"https:\/\/api.w.org\/{rel}","templated":true}]}}