{"id":7786,"date":"2018-10-09T07:14:32","date_gmt":"2018-10-09T05:14:32","guid":{"rendered":"https:\/\/www.go4dogs.de\/?post_type=product&#038;p=7786"},"modified":"2024-11-12T18:37:04","modified_gmt":"2024-11-12T16:37:04","slug":"dr-clauders-work-out-snack-multivitamin","status":"publish","type":"product","link":"https:\/\/www.go4dogs.de\/?product=dr-clauders-work-out-snack-multivitamin","title":{"rendered":"Dr.Clauder\u00b4s Work Out Snack Multivitamin"},"content":{"rendered":"<p><span style=\"font: 400 16px\/22.4px Georgia,Palatino; text-align: justify; color: #333333; text-transform: none; text-indent: 0px; letter-spacing: normal; text-decoration: none; word-spacing: 0px; display: inline !important; white-space: normal; orphans: 2; font-size-adjust: none; font-stretch: 100%; float: none; -webkit-text-stroke-width: 0px; background-color: transparent;\">Perfekt f\u00fcrs Training &#8211; mit praktischem Applikator. Typ &#8220;Multivitamin&#8221;. Dr.Clauder&#8217;s Work-Out Snack Multivitamin eignet sich hervorragend als Belohnung im Training, bei der Erziehung oder einfach nur zum Verw\u00f6hnen. Der praktische Applikator macht die Darreichung zum Kinderspiel. Einfach eine kleine Menge ablecken lassen &#8211; deshalb auch optimal f\u00fcr Agility.<\/span><\/p>\n<p><span style=\"font-family: Georgia,Palatino;\"><b>Zusammensetzung<\/b><span style=\"text-align: justify; color: #333333; text-transform: none; line-height: 22.4px; text-indent: 0px; letter-spacing: normal; font-size: 16px; font-style: normal; font-variant: normal; font-weight: 400; text-decoration: none; word-spacing: 0px; display: inline !important; white-space: normal; orphans: 2; font-size-adjust: none; font-stretch: 100%; float: none; -webkit-text-stroke-width: 0px; background-color: transparent;\">: H\u00fchnerprotein (getrocknet), Sonnenblumen\u00f6l, Gelatinehydrolysat. <\/span><\/span><\/p>\n<p><span style=\"font-family: Georgia,Palatino;\"><strong>Analytische Bestandteile<\/strong><span style=\"text-align: justify; color: #333333; text-transform: none; line-height: 22.4px; text-indent: 0px; letter-spacing: normal; font-size: 16px; font-style: normal; font-variant: normal; font-weight: 400; text-decoration: none; word-spacing: 0px; display: inline !important; white-space: normal; orphans: 2; font-size-adjust: none; font-stretch: 100%; float: none; -webkit-text-stroke-width: 0px; background-color: transparent;\">: Rohprotein 17%, Rohfett 25,8%, Rohfaser 0,5%, Rohasche 0,4%, Feuchtigkeit 53%. <\/span><\/span><\/p>\n<p><span style=\"font-family: Georgia,Palatino;\"><strong>Zusatzstoffe\/kg: Ern\u00e4hrungsphysiologische Zusatzstoffe<\/strong><span style=\"text-align: justify; color: #333333; text-transform: none; line-height: 22.4px; text-indent: 0px; letter-spacing: normal; font-size: 16px; font-style: normal; font-variant: normal; font-weight: 400; text-decoration: none; word-spacing: 0px; display: inline !important; white-space: normal; orphans: 2; font-size-adjust: none; font-stretch: 100%; float: none; -webkit-text-stroke-width: 0px; background-color: transparent;\">: Vitamine: A 260.000IE, D3 10.000IE, E 1.300mg, C 624mg, B1 312mg, B2 208mg, B6 156mg, B12 416mcg, Niacin 624mg, Pantothens\u00e4ure 390mg, Fols\u00e4ure 31,2mg, Biotin 1.040mcg, Cholinchlorid 1.500mg. <\/span><\/span><\/p>\n<p><span style=\"font-family: Georgia,Palatino;\"><strong>Technologische Zusatzstoffe<\/strong><span style=\"text-align: justify; color: #333333; text-transform: none; line-height: 22.4px; text-indent: 0px; letter-spacing: normal; font-size: 16px; font-style: normal; font-variant: normal; font-weight: 400; text-decoration: none; word-spacing: 0px; display: inline !important; white-space: normal; orphans: 2; font-size-adjust: none; font-stretch: 100%; float: none; -webkit-text-stroke-width: 0px; background-color: transparent;\">: Mit Konservierungsstoffen, mit Emulgator, mit pflanzlichen Verdickungsmitteln. <\/span><\/span><\/p>\n<p><span style=\"font-family: Georgia,Palatino;\"><strong>F\u00fctterungshinweise<\/strong><span style=\"text-align: justify; color: #333333; text-transform: none; line-height: 22.4px; text-indent: 0px; letter-spacing: normal; font-size: 16px; font-style: normal; font-variant: normal; font-weight: 400; text-decoration: none; word-spacing: 0px; display: inline !important; white-space: normal; orphans: 2; font-size-adjust: none; font-stretch: 100%; float: none; -webkit-text-stroke-width: 0px; background-color: transparent;\">: Als Belohnung. 1g=2,5kcal (ca. 1,5cm). <\/span><\/span><\/p>\n<p><span style=\"font-family: Georgia,Palatino;\"><strong>Anwendungshinweise<\/strong><span style=\"text-align: justify; color: #333333; text-transform: none; line-height: 22.4px; text-indent: 0px; letter-spacing: normal; font-size: 16px; font-style: normal; font-variant: normal; font-weight: 400; text-decoration: none; word-spacing: 0px; display: inline !important; white-space: normal; orphans: 2; font-size-adjust: none; font-stretch: 100%; float: none; -webkit-text-stroke-width: 0px; background-color: transparent;\">: K\u00fchl und trocken lagern.<\/span><\/span><\/p>\n<p><span style=\"font-family: Georgia,Palatino;\"><strong>Verpackung<\/strong>: 100ml Tube<\/span><\/p>\n","protected":false},"excerpt":{"rendered":"<p>Perfekt f\u00fcrs Training &#8211; mit praktischem Applikator. Typ &#8220;Multivitamin&#8221;. Dr.Clauder&#8217;s Work-Out Snack Multivitamin eignet sich hervorragend als Belohnung im Training, bei der Erziehung oder einfach nur zum Verw\u00f6hnen. Der praktische Applikator macht die Darreichung zum Kinderspiel. Einfach eine kleine Menge ablecken lassen &#8211; deshalb auch optimal f\u00fcr Agility. Zusammensetzung: H\u00fchnerprotein (getrocknet), Sonnenblumen\u00f6l, Gelatinehydrolysat. Analytische Bestandteile: [&hellip;]<\/p>\n","protected":false},"featured_media":7787,"comment_status":"closed","ping_status":"closed","template":"","meta":[],"product_brand":[],"product_cat":[203,216],"product_tag":[],"class_list":{"0":"post-7786","1":"product","2":"type-product","3":"status-publish","4":"has-post-thumbnail","6":"product_cat-leckerlies","7":"product_cat-leckerlies-von-dr-clauders","8":"tm-no-options","10":"first","11":"instock","12":"taxable","13":"shipping-taxable","14":"product-type-simple"},"supplier_id":null,"supplier_sku":"","barcode":null,"atum_controlled":true,"out_stock_date":null,"out_stock_threshold":null,"inheritable":false,"inbound_stock":0,"stock_on_hold":0,"sold_today":0,"sales_last_days":1,"reserved_stock":0,"customer_returns":0,"warehouse_damage":0,"lost_in_post":0,"other_logs":0,"out_stock_days":0,"lost_sales":0,"has_location":false,"update_date":"2024-11-12T16:37:11","atum_locations":[],"atum_stock_status":"instock","restock_status":false,"low_stock_amount":"","sales_update_date":"2024-04-10T09:23:32","calc_backorders":null,"jetpack_sharing_enabled":true,"_links":{"self":[{"href":"https:\/\/www.go4dogs.de\/index.php?rest_route=\/wp\/v2\/product\/7786","targetHints":{"allow":["GET"]}}],"collection":[{"href":"https:\/\/www.go4dogs.de\/index.php?rest_route=\/wp\/v2\/product"}],"about":[{"href":"https:\/\/www.go4dogs.de\/index.php?rest_route=\/wp\/v2\/types\/product"}],"replies":[{"embeddable":true,"href":"https:\/\/www.go4dogs.de\/index.php?rest_route=%2Fwp%2Fv2%2Fcomments&post=7786"}],"wp:featuredmedia":[{"embeddable":true,"href":"https:\/\/www.go4dogs.de\/index.php?rest_route=\/wp\/v2\/media\/7787"}],"wp:attachment":[{"href":"https:\/\/www.go4dogs.de\/index.php?rest_route=%2Fwp%2Fv2%2Fmedia&parent=7786"}],"wp:term":[{"taxonomy":"product_brand","embeddable":true,"href":"https:\/\/www.go4dogs.de\/index.php?rest_route=%2Fwp%2Fv2%2Fproduct_brand&post=7786"},{"taxonomy":"product_cat","embeddable":true,"href":"https:\/\/www.go4dogs.de\/index.php?rest_route=%2Fwp%2Fv2%2Fproduct_cat&post=7786"},{"taxonomy":"product_tag","embeddable":true,"href":"https:\/\/www.go4dogs.de\/index.php?rest_route=%2Fwp%2Fv2%2Fproduct_tag&post=7786"}],"curies":[{"name":"wp","href":"https:\/\/api.w.org\/{rel}","templated":true}]}}