{"id":7785,"date":"2018-10-09T07:11:35","date_gmt":"2018-10-09T05:11:35","guid":{"rendered":"https:\/\/www.go4dogs.de\/?post_type=product&#038;p=7785"},"modified":"2024-11-12T18:37:04","modified_gmt":"2024-11-12T16:37:04","slug":"dr-clauders-work-out-snack-lamm","status":"publish","type":"product","link":"https:\/\/www.go4dogs.de\/?product=dr-clauders-work-out-snack-lamm","title":{"rendered":"Dr.Clauder\u00b4s Work Out Snack Lamm"},"content":{"rendered":"<p><span style=\"font: 400 16px\/22.4px Georgia,Palatino; text-align: justify; color: #333333; text-transform: none; text-indent: 0px; letter-spacing: normal; text-decoration: none; word-spacing: 0px; display: inline !important; white-space: normal; orphans: 2; font-size-adjust: none; font-stretch: 100%; float: none; -webkit-text-stroke-width: 0px; background-color: transparent;\">Perfekt f\u00fcrs Training &#8211; mit praktischem Applikator. Typ &#8220;Lamm&#8221;. Dr.Clauder&#8217;s Work-Out Snack Lamm eignet sich hervorragend als Belohnung im Training, bei der Erziehung oder einfach nur zum Verw\u00f6hnen. Der praktische Applikator macht die Darreichung zum Kinderspiel. Lenkt im Training nicht von der Aufgabe ab, weil kein Kauen erforderlich ist &#8211; deshalb auch optimal f\u00fcr Agility.<\/span><\/p>\n<p><span style=\"font-family: Georgia,Palatino;\"><b>Zusammensetzung<\/b><span style=\"text-align: justify; color: #333333; text-transform: none; line-height: 22.4px; text-indent: 0px; letter-spacing: normal; font-size: 16px; font-style: normal; font-variant: normal; font-weight: 400; text-decoration: none; word-spacing: 0px; display: inline !important; white-space: normal; orphans: 2; font-size-adjust: none; font-stretch: 100%; float: none; -webkit-text-stroke-width: 0px; background-color: transparent;\">: Lammprotein (getrocknet) 25%, Sonnenblumen\u00f6l, Eiwei\u00dfhydrolysat. <\/span><\/span><\/p>\n<p><span style=\"font-family: Georgia,Palatino;\"><strong>Analytische Bestandteile<\/strong><span style=\"text-align: justify; color: #333333; text-transform: none; line-height: 22.4px; text-indent: 0px; letter-spacing: normal; font-size: 16px; font-style: normal; font-variant: normal; font-weight: 400; text-decoration: none; word-spacing: 0px; display: inline !important; white-space: normal; orphans: 2; font-size-adjust: none; font-stretch: 100%; float: none; -webkit-text-stroke-width: 0px; background-color: transparent;\">: Rohprotein 14%, Rohfett 28%, Rohfaser 0,1%, Rohasche 0,3%, Feuchtigkeit 55%. <\/span><\/span><\/p>\n<p><span style=\"font-family: Georgia,Palatino;\"><strong>Zusatzstoffe\/kg: Ern\u00e4hrungsphysiologische Zusatzstoffe<\/strong><span style=\"text-align: justify; color: #333333; text-transform: none; line-height: 22.4px; text-indent: 0px; letter-spacing: normal; font-size: 16px; font-style: normal; font-variant: normal; font-weight: 400; text-decoration: none; word-spacing: 0px; display: inline !important; white-space: normal; orphans: 2; font-size-adjust: none; font-stretch: 100%; float: none; -webkit-text-stroke-width: 0px; background-color: transparent;\">: Vitamine A 40.000IE, D3 1.600IE, E 285mg, C 96mg, B1 48mg, B2 32mg, B6 24mg, B12 64mcg, Nicotins\u00e4ure 96mg, Pantothens\u00e4ure 60mg, Fols\u00e4ure 4,8mg, Biotin 160mcg. <\/span><\/span><\/p>\n<p><span style=\"font-family: Georgia,Palatino;\"><strong>Technologische Zusatzstoffe<\/strong><span style=\"text-align: justify; color: #333333; text-transform: none; line-height: 22.4px; text-indent: 0px; letter-spacing: normal; font-size: 16px; font-style: normal; font-variant: normal; font-weight: 400; text-decoration: none; word-spacing: 0px; display: inline !important; white-space: normal; orphans: 2; font-size-adjust: none; font-stretch: 100%; float: none; -webkit-text-stroke-width: 0px; background-color: transparent;\">: Mit Konservierungsstoffen, mit Emulgator, mit pflanzlichen Verdickungsmitteln. <\/span><\/span><\/p>\n<p><span style=\"font-family: Georgia,Palatino;\"><strong>F\u00fctterungshinweise<\/strong><span style=\"text-align: justify; color: #333333; text-transform: none; line-height: 22.4px; text-indent: 0px; letter-spacing: normal; font-size: 16px; font-style: normal; font-variant: normal; font-weight: 400; text-decoration: none; word-spacing: 0px; display: inline !important; white-space: normal; orphans: 2; font-size-adjust: none; font-stretch: 100%; float: none; -webkit-text-stroke-width: 0px; background-color: transparent;\">: Als Belohnung. 1g=2,5kcal (ca. 1,5cm). <\/span><\/span><\/p>\n<p><span style=\"font-family: Georgia,Palatino;\"><strong>Anwendungshinweise<\/strong><span style=\"text-align: justify; color: #333333; text-transform: none; line-height: 22.4px; text-indent: 0px; letter-spacing: normal; font-size: 16px; font-style: normal; font-variant: normal; font-weight: 400; text-decoration: none; word-spacing: 0px; display: inline !important; white-space: normal; orphans: 2; font-size-adjust: none; font-stretch: 100%; float: none; -webkit-text-stroke-width: 0px; background-color: transparent;\">: K\u00fchl und trocken lagern.<\/span><\/span><\/p>\n<p><span style=\"font-family: Georgia,Palatino;\"><strong>Verpackung<\/strong>: 100ml Tube<\/span><\/p>\n","protected":false},"excerpt":{"rendered":"<p>Perfekt f\u00fcrs Training &#8211; mit praktischem Applikator. Typ &#8220;Lamm&#8221;. Dr.Clauder&#8217;s Work-Out Snack Lamm eignet sich hervorragend als Belohnung im Training, bei der Erziehung oder einfach nur zum Verw\u00f6hnen. Der praktische Applikator macht die Darreichung zum Kinderspiel. Lenkt im Training nicht von der Aufgabe ab, weil kein Kauen erforderlich ist &#8211; deshalb auch optimal f\u00fcr Agility. [&hellip;]<\/p>\n","protected":false},"featured_media":7779,"comment_status":"closed","ping_status":"closed","template":"","meta":[],"product_brand":[],"product_cat":[203,216],"product_tag":[],"class_list":{"0":"post-7785","1":"product","2":"type-product","3":"status-publish","4":"has-post-thumbnail","6":"product_cat-leckerlies","7":"product_cat-leckerlies-von-dr-clauders","8":"tm-no-options","10":"first","11":"instock","12":"taxable","13":"shipping-taxable","14":"product-type-simple"},"supplier_id":null,"supplier_sku":"","barcode":null,"atum_controlled":true,"out_stock_date":null,"out_stock_threshold":null,"inheritable":false,"inbound_stock":0,"stock_on_hold":0,"sold_today":0,"sales_last_days":1,"reserved_stock":0,"customer_returns":0,"warehouse_damage":0,"lost_in_post":0,"other_logs":0,"out_stock_days":0,"lost_sales":0,"has_location":false,"update_date":"2025-10-17T08:47:02","atum_locations":[],"atum_stock_status":"instock","restock_status":false,"low_stock_amount":"","sales_update_date":"2025-10-17T08:47:02","calc_backorders":null,"jetpack_sharing_enabled":true,"_links":{"self":[{"href":"https:\/\/www.go4dogs.de\/index.php?rest_route=\/wp\/v2\/product\/7785","targetHints":{"allow":["GET"]}}],"collection":[{"href":"https:\/\/www.go4dogs.de\/index.php?rest_route=\/wp\/v2\/product"}],"about":[{"href":"https:\/\/www.go4dogs.de\/index.php?rest_route=\/wp\/v2\/types\/product"}],"replies":[{"embeddable":true,"href":"https:\/\/www.go4dogs.de\/index.php?rest_route=%2Fwp%2Fv2%2Fcomments&post=7785"}],"wp:featuredmedia":[{"embeddable":true,"href":"https:\/\/www.go4dogs.de\/index.php?rest_route=\/wp\/v2\/media\/7779"}],"wp:attachment":[{"href":"https:\/\/www.go4dogs.de\/index.php?rest_route=%2Fwp%2Fv2%2Fmedia&parent=7785"}],"wp:term":[{"taxonomy":"product_brand","embeddable":true,"href":"https:\/\/www.go4dogs.de\/index.php?rest_route=%2Fwp%2Fv2%2Fproduct_brand&post=7785"},{"taxonomy":"product_cat","embeddable":true,"href":"https:\/\/www.go4dogs.de\/index.php?rest_route=%2Fwp%2Fv2%2Fproduct_cat&post=7785"},{"taxonomy":"product_tag","embeddable":true,"href":"https:\/\/www.go4dogs.de\/index.php?rest_route=%2Fwp%2Fv2%2Fproduct_tag&post=7785"}],"curies":[{"name":"wp","href":"https:\/\/api.w.org\/{rel}","templated":true}]}}