{"id":7751,"date":"2018-10-08T19:57:33","date_gmt":"2018-10-08T17:57:33","guid":{"rendered":"https:\/\/www.go4dogs.de\/?post_type=product&#038;p=7751"},"modified":"2025-11-30T15:06:30","modified_gmt":"2025-11-30T13:06:30","slug":"dr-clauders-dental-snack-huhn","status":"publish","type":"product","link":"https:\/\/www.go4dogs.de\/?product=dr-clauders-dental-snack-huhn","title":{"rendered":"Dr.Clauder`s Dental Snack Huhn"},"content":{"rendered":"<p><span style=\"font: 400 16px\/22.4px Georgia,Palatino; text-align: justify; color: #333333; text-transform: none; text-indent: 0px; letter-spacing: normal; text-decoration: none; word-spacing: 0px; display: inline !important; white-space: normal; orphans: 2; font-size-adjust: none; font-stretch: 100%; float: none; -webkit-text-stroke-width: 0px; background-color: transparent;\">Ideal f\u00fcr die t\u00e4gliche Zahnreinigung durch bissfeste Rinderhaut, schmackhaftem H\u00fchnerfilet und ausgesuchten mineralischen Bestandteilen. Fructoligosaccharide k\u00f6nnen die Verdauung unterst\u00fctzen.<\/span><\/p>\n<p><span style=\"font-family: Georgia,Palatino;\"><b>Erg\u00e4nzungsfuttermittel f\u00fcr Hunde.<\/b> <\/span><\/p>\n<p><span style=\"font-family: Georgia,Palatino;\"><strong>Zusammensetzung<\/strong><span style=\"text-align: justify; color: #333333; text-transform: none; line-height: 22.4px; text-indent: 0px; letter-spacing: normal; font-size: 16px; font-style: normal; font-variant: normal; font-weight: 400; text-decoration: none; word-spacing: 0px; display: inline !important; white-space: normal; orphans: 2; font-size-adjust: none; font-stretch: 100%; float: none; -webkit-text-stroke-width: 0px; background-color: transparent;\">: H\u00fchnerfilet 73%, Rinderhaut, Maisst\u00e4rke, Fructo Oligo Saccharide (FOS) 0,5%.<\/span><\/span><\/p>\n<p><span style=\"font-family: Georgia,Palatino;\"> <strong>Analytische Bestandteile<\/strong><span style=\"text-align: justify; color: #333333; text-transform: none; line-height: 22.4px; text-indent: 0px; letter-spacing: normal; font-size: 16px; font-style: normal; font-variant: normal; font-weight: 400; text-decoration: none; word-spacing: 0px; display: inline !important; white-space: normal; orphans: 2; font-size-adjust: none; font-stretch: 100%; float: none; -webkit-text-stroke-width: 0px; background-color: transparent;\">: Rohprotein 45%, Rohfett 2%, Rohfaser 0,2%, Rohasche 4%, Feuchtigkeit 18%. <\/span><\/span><\/p>\n<p><span style=\"font-family: Georgia,Palatino;\"><strong>Zusatzstoffe\/kg: Ern\u00e4hrungsphysiologische Zusatzstoffe<\/strong><span style=\"text-align: justify; color: #333333; text-transform: none; line-height: 22.4px; text-indent: 0px; letter-spacing: normal; font-size: 16px; font-style: normal; font-variant: normal; font-weight: 400; text-decoration: none; word-spacing: 0px; display: inline !important; white-space: normal; orphans: 2; font-size-adjust: none; font-stretch: 100%; float: none; -webkit-text-stroke-width: 0px; background-color: transparent;\">: Zinksulfat (als ZnSO4) 1.000mg. <\/span><\/span><\/p>\n<p><span style=\"font-family: Georgia,Palatino;\"><strong>F\u00fctterungshinweise<\/strong><span style=\"text-align: justify; color: #333333; text-transform: none; line-height: 22.4px; text-indent: 0px; letter-spacing: normal; font-size: 16px; font-style: normal; font-variant: normal; font-weight: 400; text-decoration: none; word-spacing: 0px; display: inline !important; white-space: normal; orphans: 2; font-size-adjust: none; font-stretch: 100%; float: none; -webkit-text-stroke-width: 0px; background-color: transparent;\">: T\u00e4glich einen Dental Snack geben.<\/span><\/span><\/p>\n<p><span style=\"font-family: Georgia,Palatino;\"><strong>Verpackung<\/strong>: Small Breed (80g Beutel)\u00a0 |\u00a0 Medium Breed (170g Beutel)\u00a0 |\u00a0 Large Breed (500g Beutel)<\/span><\/p>\n","protected":false},"excerpt":{"rendered":"<p>Ideal f\u00fcr die t\u00e4gliche Zahnreinigung durch bissfeste Rinderhaut, schmackhaftem H\u00fchnerfilet und ausgesuchten mineralischen Bestandteilen. Fructoligosaccharide k\u00f6nnen die Verdauung unterst\u00fctzen. Erg\u00e4nzungsfuttermittel f\u00fcr Hunde. Zusammensetzung: H\u00fchnerfilet 73%, Rinderhaut, Maisst\u00e4rke, Fructo Oligo Saccharide (FOS) 0,5%. Analytische Bestandteile: Rohprotein 45%, Rohfett 2%, Rohfaser 0,2%, Rohasche 4%, Feuchtigkeit 18%. Zusatzstoffe\/kg: Ern\u00e4hrungsphysiologische Zusatzstoffe: Zinksulfat (als ZnSO4) 1.000mg. F\u00fctterungshinweise: T\u00e4glich einen Dental [&hellip;]<\/p>\n","protected":false},"featured_media":7756,"comment_status":"closed","ping_status":"closed","template":"","meta":[],"product_brand":[],"product_cat":[203,216,241],"product_tag":[],"class_list":{"0":"post-7751","1":"product","2":"type-product","3":"status-publish","4":"has-post-thumbnail","6":"product_cat-leckerlies","7":"product_cat-leckerlies-von-dr-clauders","8":"product_cat-kauspass","9":"tm-no-options","11":"first","12":"instock","13":"taxable","14":"shipping-taxable","15":"product-type-variable"},"supplier_id":null,"supplier_sku":"","barcode":null,"atum_controlled":true,"out_stock_date":null,"out_stock_threshold":null,"inheritable":true,"inbound_stock":0,"stock_on_hold":0,"sold_today":0,"sales_last_days":6,"reserved_stock":0,"customer_returns":0,"warehouse_damage":0,"lost_in_post":0,"other_logs":0,"out_stock_days":null,"lost_sales":0,"has_location":false,"update_date":"2025-10-01T09:12:12","atum_locations":[],"atum_stock_status":"instock","restock_status":false,"low_stock_amount":"","sales_update_date":"2023-05-25T05:15:12","calc_backorders":null,"jetpack_sharing_enabled":true,"_links":{"self":[{"href":"https:\/\/www.go4dogs.de\/index.php?rest_route=\/wp\/v2\/product\/7751","targetHints":{"allow":["GET"]}}],"collection":[{"href":"https:\/\/www.go4dogs.de\/index.php?rest_route=\/wp\/v2\/product"}],"about":[{"href":"https:\/\/www.go4dogs.de\/index.php?rest_route=\/wp\/v2\/types\/product"}],"replies":[{"embeddable":true,"href":"https:\/\/www.go4dogs.de\/index.php?rest_route=%2Fwp%2Fv2%2Fcomments&post=7751"}],"wp:featuredmedia":[{"embeddable":true,"href":"https:\/\/www.go4dogs.de\/index.php?rest_route=\/wp\/v2\/media\/7756"}],"wp:attachment":[{"href":"https:\/\/www.go4dogs.de\/index.php?rest_route=%2Fwp%2Fv2%2Fmedia&parent=7751"}],"wp:term":[{"taxonomy":"product_brand","embeddable":true,"href":"https:\/\/www.go4dogs.de\/index.php?rest_route=%2Fwp%2Fv2%2Fproduct_brand&post=7751"},{"taxonomy":"product_cat","embeddable":true,"href":"https:\/\/www.go4dogs.de\/index.php?rest_route=%2Fwp%2Fv2%2Fproduct_cat&post=7751"},{"taxonomy":"product_tag","embeddable":true,"href":"https:\/\/www.go4dogs.de\/index.php?rest_route=%2Fwp%2Fv2%2Fproduct_tag&post=7751"}],"curies":[{"name":"wp","href":"https:\/\/api.w.org\/{rel}","templated":true}]}}