{"id":7750,"date":"2018-10-08T19:49:20","date_gmt":"2018-10-08T17:49:20","guid":{"rendered":"https:\/\/www.go4dogs.de\/?post_type=product&#038;p=7750"},"modified":"2024-11-12T18:37:05","modified_gmt":"2024-11-12T16:37:05","slug":"dr-clauders-trainee-snack-kaninchen","status":"publish","type":"product","link":"https:\/\/www.go4dogs.de\/?product=dr-clauders-trainee-snack-kaninchen","title":{"rendered":"Dr.Clauder`s Trainee Snack Kaninchen"},"content":{"rendered":"<p>Dr.Clauder\u00b4s Trainee Snacks Kaninchen bestehen zu 95% aus k\u00f6stlichem Kaninchenfleisch. Durch die schonende Dampftrocknung beh\u00e4lt das Fleisch sein einzigartiges Aroma. Mit FOS.<\/p>\n<p><strong>Erg\u00e4nzungsfuttermittel f\u00fcr Hunde und Katzen.<\/strong><\/p>\n<p><strong>Zusammensetzung<\/strong>: Kaninchen 95%, pflanzliche Nebenerzeugnisse, Inulin (FOS) 0,5%, Mineralstoffe.<\/p>\n<p><strong>Analytische Bestandteile<\/strong>: Rohprotein 32%, Rohfett 12,5%, Rohfaser 2%, Rohasche 6%, Feuchtigkeit 23%.<\/p>\n<p><strong>F\u00fctterungshinweise<\/strong>: T\u00e4glich einige St\u00fccke zur Belohnung geben<\/p>\n<p><strong>Anwendungshinweise<\/strong>: Stets frisches Wasser bereit stellen! Vor Feuchtigkeit sch\u00fctzen! K\u00fchl und trocken aufbewahren! F\u00fcr weitere Informationen &#8211; bitte QR-Code scannen. (*bezogen auf den Fleischanteil).<\/p>\n<p><span style=\"font-family: Georgia,Palatino;\"><strong>Verpackung<\/strong>: 80g Beutel<\/span><\/p>\n","protected":false},"excerpt":{"rendered":"<p>Dr.Clauder\u00b4s Trainee Snacks Kaninchen bestehen zu 95% aus k\u00f6stlichem Kaninchenfleisch. Durch die schonende Dampftrocknung beh\u00e4lt das Fleisch sein einzigartiges Aroma. Mit FOS. Erg\u00e4nzungsfuttermittel f\u00fcr Hunde und Katzen. Zusammensetzung: Kaninchen 95%, pflanzliche Nebenerzeugnisse, Inulin (FOS) 0,5%, Mineralstoffe. Analytische Bestandteile: Rohprotein 32%, Rohfett 12,5%, Rohfaser 2%, Rohasche 6%, Feuchtigkeit 23%. F\u00fctterungshinweise: T\u00e4glich einige St\u00fccke zur Belohnung geben [&hellip;]<\/p>\n","protected":false},"featured_media":22213,"comment_status":"closed","ping_status":"closed","template":"","meta":[],"product_brand":[],"product_cat":[203,216],"product_tag":[],"class_list":{"0":"post-7750","1":"product","2":"type-product","3":"status-publish","4":"has-post-thumbnail","6":"product_cat-leckerlies","7":"product_cat-leckerlies-von-dr-clauders","8":"tm-no-options","10":"first","11":"instock","12":"taxable","13":"shipping-taxable","14":"product-type-simple"},"supplier_id":null,"supplier_sku":"","barcode":null,"atum_controlled":true,"out_stock_date":null,"out_stock_threshold":null,"inheritable":false,"inbound_stock":0,"stock_on_hold":6,"sold_today":0,"sales_last_days":8,"reserved_stock":0,"customer_returns":0,"warehouse_damage":0,"lost_in_post":0,"other_logs":0,"out_stock_days":0,"lost_sales":0,"has_location":false,"update_date":"2025-08-27T08:52:07","atum_locations":[],"atum_stock_status":"instock","restock_status":false,"low_stock_amount":"","sales_update_date":"2025-08-27T08:52:07","calc_backorders":null,"jetpack_sharing_enabled":true,"_links":{"self":[{"href":"https:\/\/www.go4dogs.de\/index.php?rest_route=\/wp\/v2\/product\/7750","targetHints":{"allow":["GET"]}}],"collection":[{"href":"https:\/\/www.go4dogs.de\/index.php?rest_route=\/wp\/v2\/product"}],"about":[{"href":"https:\/\/www.go4dogs.de\/index.php?rest_route=\/wp\/v2\/types\/product"}],"replies":[{"embeddable":true,"href":"https:\/\/www.go4dogs.de\/index.php?rest_route=%2Fwp%2Fv2%2Fcomments&post=7750"}],"wp:featuredmedia":[{"embeddable":true,"href":"https:\/\/www.go4dogs.de\/index.php?rest_route=\/wp\/v2\/media\/22213"}],"wp:attachment":[{"href":"https:\/\/www.go4dogs.de\/index.php?rest_route=%2Fwp%2Fv2%2Fmedia&parent=7750"}],"wp:term":[{"taxonomy":"product_brand","embeddable":true,"href":"https:\/\/www.go4dogs.de\/index.php?rest_route=%2Fwp%2Fv2%2Fproduct_brand&post=7750"},{"taxonomy":"product_cat","embeddable":true,"href":"https:\/\/www.go4dogs.de\/index.php?rest_route=%2Fwp%2Fv2%2Fproduct_cat&post=7750"},{"taxonomy":"product_tag","embeddable":true,"href":"https:\/\/www.go4dogs.de\/index.php?rest_route=%2Fwp%2Fv2%2Fproduct_tag&post=7750"}],"curies":[{"name":"wp","href":"https:\/\/api.w.org\/{rel}","templated":true}]}}