{"id":7748,"date":"2018-10-08T19:43:38","date_gmt":"2018-10-08T17:43:38","guid":{"rendered":"https:\/\/www.go4dogs.de\/?post_type=product&#038;p=7748"},"modified":"2024-11-12T18:37:05","modified_gmt":"2024-11-12T16:37:05","slug":"dr-clauders-trainee-snack-pferd","status":"publish","type":"product","link":"https:\/\/www.go4dogs.de\/?product=dr-clauders-trainee-snack-pferd","title":{"rendered":"Dr.Clauder`s Trainee Snack Pferd"},"content":{"rendered":"<p>Dr.Clauder\u2018s Trainee Snacks Pferd bestehen zu 95% aus k\u00f6stlichem Pferdefleisch. Durch die schonende Dampftrocknung beh\u00e4lt das Fleisch sein einzigartiges Aroma. Mit FOS.<\/p>\n<p><strong>Erg\u00e4nzungsfuttermittel f\u00fcr Hunde und Katzen.<\/strong><\/p>\n<p><strong>Zusammensetzung<\/strong>: Pferd 95%, pflanzliche Nebenerzeugnisse, Inulin (FOS) 0,5%, Mineralstoffe.<\/p>\n<p><strong>Analytische Bestandteile<\/strong>: Rohprotein 36%, Rohfett 9%, Rohfaser 2%, Rohasche 3%, Feuchtigkeit 23%.<\/p>\n<p><strong>F\u00fctterungshinweise<\/strong>: T\u00e4glich einige St\u00fccke zur Belohnung geben.<\/p>\n<p><strong>Anwendungshinweise<\/strong>: Stets frisches Wasser bereit stellen! Vor Feuchtigkeit sch\u00fctzen! K\u00fchl und trocken aufbewahren! F\u00fcr weitere Informationen &#8211; bitte QR-Code scannen. (*bezogen auf den Fleischanteil).<\/p>\n<p><span style=\"font-family: Georgia,Palatino;\"><strong>Verpackung<\/strong>: 80g Beutel, 500g Beutel<\/span><\/p>\n","protected":false},"excerpt":{"rendered":"<p>Dr.Clauder\u2018s Trainee Snacks Pferd bestehen zu 95% aus k\u00f6stlichem Pferdefleisch. Durch die schonende Dampftrocknung beh\u00e4lt das Fleisch sein einzigartiges Aroma. Mit FOS. Erg\u00e4nzungsfuttermittel f\u00fcr Hunde und Katzen. Zusammensetzung: Pferd 95%, pflanzliche Nebenerzeugnisse, Inulin (FOS) 0,5%, Mineralstoffe. Analytische Bestandteile: Rohprotein 36%, Rohfett 9%, Rohfaser 2%, Rohasche 3%, Feuchtigkeit 23%. F\u00fctterungshinweise: T\u00e4glich einige St\u00fccke zur Belohnung geben. [&hellip;]<\/p>\n","protected":false},"featured_media":22219,"comment_status":"closed","ping_status":"closed","template":"","meta":[],"product_brand":[],"product_cat":[203,216],"product_tag":[],"class_list":{"0":"post-7748","1":"product","2":"type-product","3":"status-publish","4":"has-post-thumbnail","6":"product_cat-leckerlies","7":"product_cat-leckerlies-von-dr-clauders","8":"tm-no-options","10":"first","11":"instock","12":"taxable","13":"shipping-taxable","14":"product-type-variable"},"supplier_id":null,"supplier_sku":"","barcode":null,"atum_controlled":true,"out_stock_date":null,"out_stock_threshold":null,"inheritable":true,"inbound_stock":0,"stock_on_hold":1,"sold_today":1,"sales_last_days":2,"reserved_stock":0,"customer_returns":0,"warehouse_damage":0,"lost_in_post":0,"other_logs":0,"out_stock_days":0,"lost_sales":0,"has_location":false,"update_date":"2025-07-03T08:59:20","atum_locations":[],"atum_stock_status":"instock","restock_status":false,"low_stock_amount":"","sales_update_date":"2023-11-28T06:14:11","calc_backorders":null,"jetpack_sharing_enabled":true,"_links":{"self":[{"href":"https:\/\/www.go4dogs.de\/index.php?rest_route=\/wp\/v2\/product\/7748","targetHints":{"allow":["GET"]}}],"collection":[{"href":"https:\/\/www.go4dogs.de\/index.php?rest_route=\/wp\/v2\/product"}],"about":[{"href":"https:\/\/www.go4dogs.de\/index.php?rest_route=\/wp\/v2\/types\/product"}],"replies":[{"embeddable":true,"href":"https:\/\/www.go4dogs.de\/index.php?rest_route=%2Fwp%2Fv2%2Fcomments&post=7748"}],"wp:featuredmedia":[{"embeddable":true,"href":"https:\/\/www.go4dogs.de\/index.php?rest_route=\/wp\/v2\/media\/22219"}],"wp:attachment":[{"href":"https:\/\/www.go4dogs.de\/index.php?rest_route=%2Fwp%2Fv2%2Fmedia&parent=7748"}],"wp:term":[{"taxonomy":"product_brand","embeddable":true,"href":"https:\/\/www.go4dogs.de\/index.php?rest_route=%2Fwp%2Fv2%2Fproduct_brand&post=7748"},{"taxonomy":"product_cat","embeddable":true,"href":"https:\/\/www.go4dogs.de\/index.php?rest_route=%2Fwp%2Fv2%2Fproduct_cat&post=7748"},{"taxonomy":"product_tag","embeddable":true,"href":"https:\/\/www.go4dogs.de\/index.php?rest_route=%2Fwp%2Fv2%2Fproduct_tag&post=7748"}],"curies":[{"name":"wp","href":"https:\/\/api.w.org\/{rel}","templated":true}]}}