{"id":7709,"date":"2018-10-08T17:38:27","date_gmt":"2018-10-08T15:38:27","guid":{"rendered":"https:\/\/www.go4dogs.de\/?post_type=product&#038;p=7709"},"modified":"2024-11-12T18:37:06","modified_gmt":"2024-11-12T16:37:06","slug":"dr-clauders-huehnerbrustfiletstreifen","status":"publish","type":"product","link":"https:\/\/www.go4dogs.de\/?product=dr-clauders-huehnerbrustfiletstreifen","title":{"rendered":"Dr.Clauder\u00b4s H\u00fchnerbrustfiletstreifen"},"content":{"rendered":"<p><span style=\"font: 400 16px\/22.4px Georgia,Palatino; text-align: justify; color: #333333; text-transform: none; text-indent: 0px; letter-spacing: normal; text-decoration: none; word-spacing: 0px; display: inline !important; white-space: normal; orphans: 2; font-size-adjust: none; font-stretch: 100%; float: none; -webkit-text-stroke-width: 0px; background-color: transparent;\">Dr.Clauder\u2018s H\u00fchnerbrust Filetstreifen bestehen zu 100% aus k\u00f6stlichem H\u00fchnerbrustfilet. Durch die schonende Dampftrocknung beh\u00e4lt das Fleisch sein einzigartiges Aroma. 100% Natur. Mit FOS.<\/span><\/p>\n<p><span style=\"font-family: Georgia,Palatino;\"><b>Erg\u00e4nzungsfuttermittel f\u00fcr Hunde.<\/b> <\/span><\/p>\n<p><span style=\"font-family: Georgia,Palatino;\"><strong>Zusammensetzung<\/strong><span style=\"text-align: justify; color: #333333; text-transform: none; line-height: 22.4px; text-indent: 0px; letter-spacing: normal; font-size: 16px; font-style: normal; font-variant: normal; font-weight: 400; text-decoration: none; word-spacing: 0px; display: inline !important; white-space: normal; orphans: 2; font-size-adjust: none; font-stretch: 100%; float: none; -webkit-text-stroke-width: 0px; background-color: transparent;\">: H\u00fchnerbrustfilet 99,5%, Fructo Oligo Saccharide (FOS) 0,5%. <\/span><\/span><\/p>\n<p><span style=\"font-family: Georgia,Palatino;\"><strong>Analytische Bestandteile<\/strong><span style=\"text-align: justify; color: #333333; text-transform: none; line-height: 22.4px; text-indent: 0px; letter-spacing: normal; font-size: 16px; font-style: normal; font-variant: normal; font-weight: 400; text-decoration: none; word-spacing: 0px; display: inline !important; white-space: normal; orphans: 2; font-size-adjust: none; font-stretch: 100%; float: none; -webkit-text-stroke-width: 0px; background-color: transparent;\">: Rohprotein 41,1%, Rohfett 2,21%, Rohfaser 0,1%, Rohasche 2,9%, Feuchtigkeit 26,4%.\u00a0<\/span><\/span><\/p>\n<p><span style=\"font-family: Georgia,Palatino;\"><strong>F\u00fctterungshinweise<\/strong><span style=\"text-align: justify; color: #333333; text-transform: none; line-height: 22.4px; text-indent: 0px; letter-spacing: normal; font-size: 16px; font-style: normal; font-variant: normal; font-weight: 400; text-decoration: none; word-spacing: 0px; display: inline !important; white-space: normal; orphans: 2; font-size-adjust: none; font-stretch: 100%; float: none; -webkit-text-stroke-width: 0px; background-color: transparent;\">: T\u00e4glich einige St\u00fccke zur Belohnung geben.<\/span><\/span><\/p>\n<p><span style=\"font-family: Georgia,Palatino;\"><strong>Verpackung<\/strong>: 80g Beutel<\/span><\/p>\n","protected":false},"excerpt":{"rendered":"<p>Dr.Clauder\u2018s H\u00fchnerbrust Filetstreifen bestehen zu 100% aus k\u00f6stlichem H\u00fchnerbrustfilet. Durch die schonende Dampftrocknung beh\u00e4lt das Fleisch sein einzigartiges Aroma. 100% Natur. Mit FOS. Erg\u00e4nzungsfuttermittel f\u00fcr Hunde. Zusammensetzung: H\u00fchnerbrustfilet 99,5%, Fructo Oligo Saccharide (FOS) 0,5%. Analytische Bestandteile: Rohprotein 41,1%, Rohfett 2,21%, Rohfaser 0,1%, Rohasche 2,9%, Feuchtigkeit 26,4%.\u00a0 F\u00fctterungshinweise: T\u00e4glich einige St\u00fccke zur Belohnung geben. Verpackung: 80g [&hellip;]<\/p>\n","protected":false},"featured_media":7700,"comment_status":"closed","ping_status":"closed","template":"","meta":[],"product_brand":[],"product_cat":[203,216],"product_tag":[],"class_list":{"0":"post-7709","1":"product","2":"type-product","3":"status-publish","4":"has-post-thumbnail","6":"product_cat-leckerlies","7":"product_cat-leckerlies-von-dr-clauders","8":"tm-no-options","10":"first","11":"instock","12":"taxable","13":"shipping-taxable","14":"product-type-simple"},"supplier_id":null,"supplier_sku":"","barcode":null,"atum_controlled":true,"out_stock_date":null,"out_stock_threshold":null,"inheritable":false,"inbound_stock":0,"stock_on_hold":0,"sold_today":0,"sales_last_days":2,"reserved_stock":0,"customer_returns":0,"warehouse_damage":0,"lost_in_post":0,"other_logs":0,"out_stock_days":0,"lost_sales":0,"has_location":false,"update_date":"2024-11-12T16:37:11","atum_locations":[],"atum_stock_status":"instock","restock_status":false,"low_stock_amount":"","sales_update_date":"2024-04-10T09:23:32","calc_backorders":null,"jetpack_sharing_enabled":true,"_links":{"self":[{"href":"https:\/\/www.go4dogs.de\/index.php?rest_route=\/wp\/v2\/product\/7709","targetHints":{"allow":["GET"]}}],"collection":[{"href":"https:\/\/www.go4dogs.de\/index.php?rest_route=\/wp\/v2\/product"}],"about":[{"href":"https:\/\/www.go4dogs.de\/index.php?rest_route=\/wp\/v2\/types\/product"}],"replies":[{"embeddable":true,"href":"https:\/\/www.go4dogs.de\/index.php?rest_route=%2Fwp%2Fv2%2Fcomments&post=7709"}],"wp:featuredmedia":[{"embeddable":true,"href":"https:\/\/www.go4dogs.de\/index.php?rest_route=\/wp\/v2\/media\/7700"}],"wp:attachment":[{"href":"https:\/\/www.go4dogs.de\/index.php?rest_route=%2Fwp%2Fv2%2Fmedia&parent=7709"}],"wp:term":[{"taxonomy":"product_brand","embeddable":true,"href":"https:\/\/www.go4dogs.de\/index.php?rest_route=%2Fwp%2Fv2%2Fproduct_brand&post=7709"},{"taxonomy":"product_cat","embeddable":true,"href":"https:\/\/www.go4dogs.de\/index.php?rest_route=%2Fwp%2Fv2%2Fproduct_cat&post=7709"},{"taxonomy":"product_tag","embeddable":true,"href":"https:\/\/www.go4dogs.de\/index.php?rest_route=%2Fwp%2Fv2%2Fproduct_tag&post=7709"}],"curies":[{"name":"wp","href":"https:\/\/api.w.org\/{rel}","templated":true}]}}