{"id":7374,"date":"2018-08-25T10:40:45","date_gmt":"2018-08-25T08:40:45","guid":{"rendered":"https:\/\/www.go4dogs.de\/?post_type=product&#038;p=7374"},"modified":"2024-11-15T12:43:49","modified_gmt":"2024-11-15T10:43:49","slug":"planet-dog-orbee-tuff-sport-baseball","status":"publish","type":"product","link":"https:\/\/www.go4dogs.de\/?product=planet-dog-orbee-tuff-sport-baseball","title":{"rendered":"Planet Dog Orbee-Tuff Sport Baseball"},"content":{"rendered":"<p><span style=\"float: none;background-color: transparent;color: #454545;font-family: 'Open Sans',sans-serif;font-size: 14px;font-style: normal;font-variant: normal;font-weight: 400;letter-spacing: 1px;line-height: 24px;text-align: justify;text-decoration: none;text-indent: 0px\">Homerun auf der Hundewiese! Bei dem <\/span><strong>Planet Dog Orbee-Tuff Sport Baseball<\/strong><span style=\"float: none;background-color: transparent;color: #454545;font-family: 'Open Sans',sans-serif;font-size: 14px;font-style: normal;font-variant: normal;font-weight: 400;letter-spacing: 1px;line-height: 24px;text-align: justify;text-decoration: none;text-indent: 0px\"> handelt es sich um ein ausgesprochen fetziges Wurf- und Apportierspielzeug, welches auf authentische Weise einem Baseball nachempfunden ist und Ihrem vierbeinigen Spielkameraden ein besonders vergn\u00fcgliches Spielerlebnis bietet. F\u00fcr zus\u00e4tzlichen Anreiz oder zu Belohnungszwecken k\u00f6nnen Sie im Inneren kleine Leckerleien verstecken. <\/span><\/p>\n<table class=\"techdata\" border=\"0\" cellspacing=\"0\" cellpadding=\"0\">\n<tbody>\n<tr>\n<td class=\"spec\">Erh\u00e4ltliche Farben<\/td>\n<td class=\"val\">wei\u00df<\/td>\n<\/tr>\n<tr>\n<td class=\"spec\">Material<\/td>\n<td class=\"val\"><\/td>\n<\/tr>\n<tr>\n<td class=\"spec\">Gr\u00f6sse<\/td>\n<td class=\"val\">Durchmesser ca. 7,5 cm<\/td>\n<\/tr>\n<tr>\n<td class=\"spec\">Eigenschaften<\/td>\n<td class=\"val\">\n<ul>\n<li>stabiles Wurf- und Apportierspielzeug<\/li>\n<li>l\u00e4sst sich mit Leckerlis bef\u00fcllen<\/li>\n<li>f\u00f6rdert Ausdauer und Koordinationsverm\u00f6gen mit gro\u00dfem Spa\u00dffaktor<\/li>\n<li>ungiftiges und recyclebares Material<\/li>\n<li>angenehmer, anregender Minzgeruch<\/li>\n<li>l\u00e4sst sich leicht abwaschen<\/li>\n<li>hergestellt in den USA<\/li>\n<\/ul>\n<\/td>\n<\/tr>\n<\/tbody>\n<\/table>\n<p><span style=\"float: none;background-color: transparent;color: #454545;font-family: 'Open Sans',sans-serif;font-size: 14px;font-style: normal;font-variant: normal;font-weight: 400;letter-spacing: 1px;line-height: 24px;text-align: left;text-decoration: none;text-indent: 0px\">Wenn Ihr vierbeiniger Sportfreund schon immer einmal in den bei uns Menschen \u00e4u\u00dferst beliebten Schlagsport hineinschnuppern wollte, dann k\u00f6nnen Sie ihm diesen Wunsch dank der kreativen T\u00fcftler von Planet Dog ab sofort problemlos erf\u00fcllen. Der etwa 7,5 Zentimeter Hundeball steht mit seiner authentischen Farbgestaltung und seinen roten Ziern\u00e4hten dem Original in nichts nach. Im Gegensatz zu dem Lederball, den wir Menschen verwenden, besteht der Hundeball von Planet Dog jedoch aus ihrem bew\u00e4hrten Orbee Tuff Material, das nicht nur absolut ungiftig und umweltfreundlich ist, sondern au\u00dferdem durch seine enorme Haltbarkeit und Pflegeleichtigkeit zu begeistern wei\u00df. Auf Grund seiner schwimmf\u00e4higen Eigenschaften eignet sich der Baseball au\u00dferdem besonders gut f\u00fcr vierbeinige Wasserratten, die sich gerne am Baggersee oder am Strand aufhalten. F\u00fcr ein besonders sinnliches Spielvergn\u00fcgen verstr\u00f6mt der fetzige Wurf- und Apportierball au\u00dferdem ein dezentes Minzaroma. Als ob das nicht genug w\u00e4re, k\u00f6nnen Sie im Inneren kleine Knuspersnacks f\u00fcr Ihren Hund verstecken. <\/span><\/p>\n","protected":false},"excerpt":{"rendered":"<p>Homerun auf der Hundewiese! Bei dem Planet Dog Orbee-Tuff Sport Baseball handelt es sich um ein ausgesprochen fetziges Wurf- und Apportierspielzeug, welches auf authentische Weise einem Baseball nachempfunden ist und Ihrem vierbeinigen Spielkameraden ein besonders vergn\u00fcgliches Spielerlebnis bietet. F\u00fcr zus\u00e4tzlichen Anreiz oder zu Belohnungszwecken k\u00f6nnen Sie im Inneren kleine Leckerleien verstecken. Erh\u00e4ltliche Farben wei\u00df Material [&hellip;]<\/p>\n","protected":false},"featured_media":7364,"comment_status":"closed","ping_status":"closed","template":"","meta":[],"product_brand":[],"product_cat":[218],"product_tag":[],"class_list":{"0":"post-7374","1":"product","2":"type-product","3":"status-publish","4":"has-post-thumbnail","6":"product_cat-zum-werfen-zerren-jagen","7":"tm-no-options","9":"first","10":"instock","11":"taxable","12":"shipping-taxable","13":"purchasable","14":"product-type-simple"},"supplier_id":null,"supplier_sku":"","barcode":null,"atum_controlled":true,"out_stock_date":null,"out_stock_threshold":null,"inheritable":false,"inbound_stock":0,"stock_on_hold":0,"sold_today":0,"sales_last_days":0,"reserved_stock":0,"customer_returns":0,"warehouse_damage":0,"lost_in_post":0,"other_logs":0,"out_stock_days":0,"lost_sales":0,"has_location":false,"update_date":"2024-11-15T10:43:51","atum_locations":[],"atum_stock_status":"instock","restock_status":false,"low_stock_amount":"","sales_update_date":"2024-05-21T09:08:47","calc_backorders":null,"jetpack_sharing_enabled":true,"_links":{"self":[{"href":"https:\/\/www.go4dogs.de\/index.php?rest_route=\/wp\/v2\/product\/7374","targetHints":{"allow":["GET"]}}],"collection":[{"href":"https:\/\/www.go4dogs.de\/index.php?rest_route=\/wp\/v2\/product"}],"about":[{"href":"https:\/\/www.go4dogs.de\/index.php?rest_route=\/wp\/v2\/types\/product"}],"replies":[{"embeddable":true,"href":"https:\/\/www.go4dogs.de\/index.php?rest_route=%2Fwp%2Fv2%2Fcomments&post=7374"}],"wp:featuredmedia":[{"embeddable":true,"href":"https:\/\/www.go4dogs.de\/index.php?rest_route=\/wp\/v2\/media\/7364"}],"wp:attachment":[{"href":"https:\/\/www.go4dogs.de\/index.php?rest_route=%2Fwp%2Fv2%2Fmedia&parent=7374"}],"wp:term":[{"taxonomy":"product_brand","embeddable":true,"href":"https:\/\/www.go4dogs.de\/index.php?rest_route=%2Fwp%2Fv2%2Fproduct_brand&post=7374"},{"taxonomy":"product_cat","embeddable":true,"href":"https:\/\/www.go4dogs.de\/index.php?rest_route=%2Fwp%2Fv2%2Fproduct_cat&post=7374"},{"taxonomy":"product_tag","embeddable":true,"href":"https:\/\/www.go4dogs.de\/index.php?rest_route=%2Fwp%2Fv2%2Fproduct_tag&post=7374"}],"curies":[{"name":"wp","href":"https:\/\/api.w.org\/{rel}","templated":true}]}}