{"id":7092,"date":"2018-07-28T12:37:10","date_gmt":"2018-07-28T10:37:10","guid":{"rendered":"https:\/\/www.go4dogs.de\/?post_type=product&#038;p=7092"},"modified":"2024-11-13T20:27:13","modified_gmt":"2024-11-13T18:27:13","slug":"west-paw-hundefrisbee-zisc","status":"publish","type":"product","link":"https:\/\/www.go4dogs.de\/?product=west-paw-hundefrisbee-zisc","title":{"rendered":"West Paw Hundefrisbee Zisc"},"content":{"rendered":"<p><span style=\"color: #009000; font-family: 'Open Sans',sans-serif;\"><span style=\"display: inline !important; float: none; background-color: transparent; color: #454545; font-family: 'Open Sans',sans-serif; font-size: 14px; font-style: normal; font-variant: normal; font-weight: 400; letter-spacing: 1px; line-height: 24px; orphans: 2; text-align: justify; text-decoration: none; text-indent: 0px; text-transform: none; -webkit-text-stroke-width: 0px; white-space: normal; word-spacing: 0px;\">Das <\/span><strong>West Paw Hundefrisbee Zisc<\/strong><span style=\"display: inline !important; float: none; background-color: transparent; color: #454545; font-family: 'Open Sans',sans-serif; font-size: 14px; font-style: normal; font-variant: normal; font-weight: 400; letter-spacing: 1px; line-height: 24px; orphans: 2; text-align: justify; text-decoration: none; text-indent: 0px; text-transform: none; -webkit-text-stroke-width: 0px; white-space: normal; word-spacing: 0px;\"> besteht aus Vollgummi und ist daher f\u00fcr Ihren Hund angenehm weich zu tragen und zu fangen. Mit seinen Eigenschaften eignet es sich hervorragend z.B. f\u00fcr Welpen, Senioren oder empfindliche Hunde. <\/span><\/span><\/p>\n<table class=\"techdata\" border=\"0\" cellspacing=\"0\" cellpadding=\"0\">\n<tbody>\n<tr>\n<td class=\"spec\">Material<\/td>\n<td class=\"val\">\n<ul>\n<li>Gummi (Vollgummi)<\/li>\n<\/ul>\n<\/td>\n<\/tr>\n<tr>\n<td class=\"spec\">Gr\u00f6sse<\/td>\n<td class=\"val\">\n<ul>\n<li>ca. 21,6cm mini\/small<\/li>\n<li>ca. 16cm, 225g M\/L<\/li>\n<\/ul>\n<\/td>\n<\/tr>\n<tr>\n<td class=\"spec\">Eigenschaften<\/td>\n<td class=\"val\">\n<ul>\n<li>schwimmt<\/li>\n<li>KEIN Kauspielzeug<\/li>\n<\/ul>\n<\/td>\n<\/tr>\n<\/tbody>\n<\/table>\n<p>Das Hundefrisbee Zisc ist vielseitig einsetzbar, im Garten, auf dem Feld oder auch im Sommer im Wasser.<\/p>\n<p>Der Hersteller hat bei Herstellung und Verpackung besonders auf Umweltvertr\u00e4glichkeit geachtet. Die Verpackung besteht aus 100% recycelten Papier.<\/p>\n<p>&nbsp;<\/p>\n","protected":false},"excerpt":{"rendered":"<p>Das West Paw Hundefrisbee Zisc besteht aus Vollgummi und ist daher f\u00fcr Ihren Hund angenehm weich zu tragen und zu fangen. Mit seinen Eigenschaften eignet es sich hervorragend z.B. f\u00fcr Welpen, Senioren oder empfindliche Hunde. Material Gummi (Vollgummi) Gr\u00f6sse ca. 21,6cm mini\/small ca. 16cm, 225g M\/L Eigenschaften schwimmt KEIN Kauspielzeug Das Hundefrisbee Zisc ist vielseitig [&hellip;]<\/p>\n","protected":false},"featured_media":7105,"comment_status":"closed","ping_status":"closed","template":"","meta":[],"product_brand":[],"product_cat":[218],"product_tag":[],"class_list":{"0":"post-7092","1":"product","2":"type-product","3":"status-publish","4":"has-post-thumbnail","6":"product_cat-zum-werfen-zerren-jagen","7":"tm-no-options","9":"first","10":"instock","11":"taxable","12":"shipping-taxable","13":"product-type-variable"},"supplier_id":null,"supplier_sku":"","barcode":null,"atum_controlled":true,"out_stock_date":null,"out_stock_threshold":null,"inheritable":false,"inbound_stock":0,"stock_on_hold":0,"sold_today":0,"sales_last_days":1,"reserved_stock":0,"customer_returns":0,"warehouse_damage":0,"lost_in_post":0,"other_logs":0,"out_stock_days":null,"lost_sales":0,"has_location":false,"update_date":"2024-11-13T18:27:15","atum_locations":[],"atum_stock_status":"instock","restock_status":false,"low_stock_amount":"","sales_update_date":"2024-05-21T09:08:47","calc_backorders":null,"jetpack_sharing_enabled":true,"_links":{"self":[{"href":"https:\/\/www.go4dogs.de\/index.php?rest_route=\/wp\/v2\/product\/7092","targetHints":{"allow":["GET"]}}],"collection":[{"href":"https:\/\/www.go4dogs.de\/index.php?rest_route=\/wp\/v2\/product"}],"about":[{"href":"https:\/\/www.go4dogs.de\/index.php?rest_route=\/wp\/v2\/types\/product"}],"replies":[{"embeddable":true,"href":"https:\/\/www.go4dogs.de\/index.php?rest_route=%2Fwp%2Fv2%2Fcomments&post=7092"}],"wp:featuredmedia":[{"embeddable":true,"href":"https:\/\/www.go4dogs.de\/index.php?rest_route=\/wp\/v2\/media\/7105"}],"wp:attachment":[{"href":"https:\/\/www.go4dogs.de\/index.php?rest_route=%2Fwp%2Fv2%2Fmedia&parent=7092"}],"wp:term":[{"taxonomy":"product_brand","embeddable":true,"href":"https:\/\/www.go4dogs.de\/index.php?rest_route=%2Fwp%2Fv2%2Fproduct_brand&post=7092"},{"taxonomy":"product_cat","embeddable":true,"href":"https:\/\/www.go4dogs.de\/index.php?rest_route=%2Fwp%2Fv2%2Fproduct_cat&post=7092"},{"taxonomy":"product_tag","embeddable":true,"href":"https:\/\/www.go4dogs.de\/index.php?rest_route=%2Fwp%2Fv2%2Fproduct_tag&post=7092"}],"curies":[{"name":"wp","href":"https:\/\/api.w.org\/{rel}","templated":true}]}}