{"id":5918,"date":"2018-04-20T10:01:13","date_gmt":"2018-04-20T08:01:13","guid":{"rendered":"https:\/\/www.go4dogs.de\/?post_type=product&#038;p=5918"},"modified":"2025-01-25T14:26:47","modified_gmt":"2025-01-25T12:26:47","slug":"wolfsblut-cracker-red-rock-225g","status":"publish","type":"product","link":"https:\/\/www.go4dogs.de\/?product=wolfsblut-cracker-red-rock-225g","title":{"rendered":"Wolfsblut Cracker Red Rock 225g"},"content":{"rendered":"<h3>Produktbeschreibung<\/h3>\n<hr noshade=\"noshade\" size=\"1\" \/>\n<p>Wolfsblut Cracker sind Hundekekse ohne Getreide und ohne Gluten mit einem hohen Fleischanteil. Die Cracker enthalten ebenso keinen industriell hergestellten Zucker, keine Farb-, Duft-, Lock-, F\u00fcll- oder Konservierungsstoffe und auch keine chemischen Antioxidantien.<\/p>\n<p><strong>Red Rock Cracker enthalten nur nat\u00fcrliche Stoffe:<\/strong><\/p>\n<ul>\n<li>Viel K\u00e4ngurufleisch in Lebensmittelqualit\u00e4t aus Australien, wo j\u00e4hrlich eine bestimmte Anzahl von K\u00e4ngurus durch staatlich zugelassene J\u00e4ger erlegt werden<\/li>\n<li>S\u00fc\u00dfkartoffeln, die laut der amerikanischen Gesundheitsbeh\u00f6rde CSPI zum n\u00e4hrstoffreichsten Gem\u00fcse geh\u00f6ren<\/li>\n<li>Brennnessel, Ringelblume, Cranberry, L\u00f6wenzahn und ihren nat\u00fcrlich positiven Wirkungen auf die Gesundheit<\/li>\n<li>Immutop\u00ae, das Konzentrat der Topinambur-Pflanze (geh\u00f6rt zur Familie der Korbbl\u00fctler), wirkt st\u00e4rkend auf die Immunabwehr und erleichtert die Verdauung<\/li>\n<\/ul>\n<p>Red Rock Cracker von Wolfsblut sind Hundekekse, mit denen Sie die t\u00e4gliche Ern\u00e4hrung Ihres Hundes erg\u00e4nzen. Sie sind<\/p>\n<ul>\n<li>eine gesunde Belohnung oder<\/li>\n<li>eine kleine Mahlzeit f\u00fcr unterwegs.<\/li>\n<\/ul>\n<p>In Verbindung mit einer Wolfsblut-Futtersorte erm\u00f6glichen die Red Rock Cracker eine rundum gesunde und artgerechte Ern\u00e4hrung Ihres Hundes. Dabei dienen alle Zutaten dieser einzigartigen Kombination dem Erhalt der Gesundheit Ihres Sch\u00fctzlings.<\/p>\n<p>Red Rock Cracker von Wolfsblut eignen sich auch f\u00fcr allergiegef\u00e4hrdete Hunde und Allergiker.<\/p>\n<hr \/>\n<p><strong>Analytische Bestandteile:<br \/>\n<\/strong>Rohprotein: 24 %<br \/>\nRohfett: 10 %<br \/>\nRohfaser: 4 %<br \/>\nRohasche: 3,5 %<\/p>\n<p><strong>Zusammensetzung:<br \/>\n<\/strong>K\u00e4ngurufleisch (min. 50 %), S\u00fc\u00dfkartoffeln (min. 23 %), K\u00fcrbis (min. 12 %), Pferdefett, Erbsenprotein, Tomatenmark, Thymian, Majoran, Oregano, Petersilie, Salbei, Immutop\u00ae (Topinamburkonzentrat), Spinat, M\u00f6hrenflocken, Brombeeren, Himbeeren, Heidelbeeren, Schwarze Johannisbeeren, Holunderbeeren, Aroniabeeren, Fenchel, Fingertang, Lappentang, Irish Moos, Darmtang, Meeressalat, Leinsamen, rote Bete, gr\u00fcne Bohnen, Brennnessel, Wei\u00dfdorn, Ginseng, Pfefferminze, Ringelblume, getrocknete Cranberry, L\u00f6wenzahn<\/p>\n<p><strong>Ern\u00e4hrungsphysiologische Zusatzstoffe pro kg:<\/strong><br \/>\nVitamine: Taurin 1.100 mg<\/p>\n","protected":false},"excerpt":{"rendered":"<p>Produktbeschreibung Wolfsblut Cracker sind Hundekekse ohne Getreide und ohne Gluten mit einem hohen Fleischanteil. Die Cracker enthalten ebenso keinen industriell hergestellten Zucker, keine Farb-, Duft-, Lock-, F\u00fcll- oder Konservierungsstoffe und auch keine chemischen Antioxidantien. Red Rock Cracker enthalten nur nat\u00fcrliche Stoffe: Viel K\u00e4ngurufleisch in Lebensmittelqualit\u00e4t aus Australien, wo j\u00e4hrlich eine bestimmte Anzahl von K\u00e4ngurus durch [&hellip;]<\/p>\n","protected":false},"featured_media":5919,"comment_status":"closed","ping_status":"closed","template":"","meta":[],"product_brand":[],"product_cat":[233],"product_tag":[],"class_list":{"0":"post-5918","1":"product","2":"type-product","3":"status-publish","4":"has-post-thumbnail","6":"product_cat-leckerlies-von-wolfsblut","7":"tm-no-options","9":"first","10":"instock","11":"taxable","12":"shipping-taxable","13":"product-type-simple"},"supplier_id":null,"supplier_sku":"","barcode":null,"atum_controlled":true,"out_stock_date":null,"out_stock_threshold":null,"inheritable":false,"inbound_stock":0,"stock_on_hold":0,"sold_today":0,"sales_last_days":1,"reserved_stock":0,"customer_returns":0,"warehouse_damage":0,"lost_in_post":0,"other_logs":0,"out_stock_days":0,"lost_sales":0,"has_location":false,"update_date":"2025-01-29T10:07:31","atum_locations":[],"atum_stock_status":"instock","restock_status":false,"low_stock_amount":"","sales_update_date":"2025-01-29T10:07:31","calc_backorders":null,"jetpack_sharing_enabled":true,"_links":{"self":[{"href":"https:\/\/www.go4dogs.de\/index.php?rest_route=\/wp\/v2\/product\/5918","targetHints":{"allow":["GET"]}}],"collection":[{"href":"https:\/\/www.go4dogs.de\/index.php?rest_route=\/wp\/v2\/product"}],"about":[{"href":"https:\/\/www.go4dogs.de\/index.php?rest_route=\/wp\/v2\/types\/product"}],"replies":[{"embeddable":true,"href":"https:\/\/www.go4dogs.de\/index.php?rest_route=%2Fwp%2Fv2%2Fcomments&post=5918"}],"wp:featuredmedia":[{"embeddable":true,"href":"https:\/\/www.go4dogs.de\/index.php?rest_route=\/wp\/v2\/media\/5919"}],"wp:attachment":[{"href":"https:\/\/www.go4dogs.de\/index.php?rest_route=%2Fwp%2Fv2%2Fmedia&parent=5918"}],"wp:term":[{"taxonomy":"product_brand","embeddable":true,"href":"https:\/\/www.go4dogs.de\/index.php?rest_route=%2Fwp%2Fv2%2Fproduct_brand&post=5918"},{"taxonomy":"product_cat","embeddable":true,"href":"https:\/\/www.go4dogs.de\/index.php?rest_route=%2Fwp%2Fv2%2Fproduct_cat&post=5918"},{"taxonomy":"product_tag","embeddable":true,"href":"https:\/\/www.go4dogs.de\/index.php?rest_route=%2Fwp%2Fv2%2Fproduct_tag&post=5918"}],"curies":[{"name":"wp","href":"https:\/\/api.w.org\/{rel}","templated":true}]}}