{"id":5914,"date":"2018-04-20T09:57:08","date_gmt":"2018-04-20T07:57:08","guid":{"rendered":"https:\/\/www.go4dogs.de\/?post_type=product&#038;p=5914"},"modified":"2025-08-22T19:59:28","modified_gmt":"2025-08-22T17:59:28","slug":"wolfsblut-cracker-wild-duck-225g","status":"publish","type":"product","link":"https:\/\/www.go4dogs.de\/?product=wolfsblut-cracker-wild-duck-225g","title":{"rendered":"Wolfsblut Cracker Wild Duck 225g"},"content":{"rendered":"<h3>Produktbeschreibung<\/h3>\n<hr noshade=\"noshade\" size=\"1\" \/>\n<p>Wolfsblut Cracker sind Hundekekse ohne Getreide und ohne Gluten mit einem hohen Fleischanteil. Die Cracker enthalten ebenso keinen industriell hergestellten Zucker, keine Farb-, Duft-, Lock-, F\u00fcll- oder Konservierungsstoffe und auch keine chemischen Antioxidantien.<\/p>\n<p><strong>Wild Duck Cracker enthalten nur nat\u00fcrliche Stoffe:<\/strong><\/p>\n<ul>\n<li>Viel Entenfleisch in Lebensmittelqualit\u00e4t aus b\u00e4uerlicher Freilandhaltung<\/li>\n<li>Kartoffeln, die \u00fcber einen gro\u00dfen Anteil an C- und B-Vitaminen sowie 15 verschiedenen Mineralstoffen und Spurenelementen verf\u00fcgen<\/li>\n<li>L\u00f6wenzahn, Anissamen, Aroniabeeren, Bockshornklee und ihren nat\u00fcrlich positiven Wirkungen auf die Gesundheit<\/li>\n<li>Immutop\u00ae, das Konzentrat der Topinambur-Pflanze (geh\u00f6rt zur Familie der Korbbl\u00fctler), wirkt st\u00e4rkend auf die Immunabwehr und erleichtert die Verdauung<\/li>\n<\/ul>\n<p>Wild Duck Cracker von Wolfsblut erg\u00e4nzen die t\u00e4gliche Ern\u00e4hrung Ihres Hundes. Sie sind<\/p>\n<ul>\n<li>eine gesunde Belohnung oder<\/li>\n<li>eine kleine Mahlzeit f\u00fcr unterwegs.<\/li>\n<\/ul>\n<p>In Verbindung mit einer Wolfsblut-Futtersorte erm\u00f6glichen die Wild Duck Cracker eine rundum gesunde und artgerechte Ern\u00e4hrung Ihres Hundes. Dabei dienen alle Zutaten dieser einzigartigen Kombination dem Erhalt der Gesundheit Ihres Sch\u00fctzlings.<\/p>\n<p>Wild Duck Cracker von Wolfsblut eignen sich auch f\u00fcr allergiegef\u00e4hrdete Hunde und Allergiker.<\/p>\n<hr \/>\n<p><strong>Analytische Bestandteile:<br \/>\n<\/strong>Rohprotein: 24,5 %<br \/>\nRohfett: 14 %<br \/>\nRohfaser: 4 %<br \/>\nRohasche: 7,5 %<\/p>\n<p><strong>Zusammensetzung:<br \/>\n<\/strong>Kartoffeln (min. 35 %), Entenfleisch (min.23 %), getrocknetes Entenfleisch (min.19 %), Erbsenfasern, Erbsen, Entenfett, H\u00fchnerjus, Leinsamen, Thymian, Majoran, Oregano, Petersilie, Salbei, Immutop\u00ae(Topinamburkonzentrat), Erbsenprotein, Brombeeren, Himbeeren, Heidelbeeren, Schwarze Johannisbeeren, Holunderbeeren, Aroniabeeren, L\u00f6wenzahn, Anissamen, Bockshornklee<\/p>\n<p><strong>Ern\u00e4hrungsphysiologische Zusatzstoffe pro kg:<\/strong><br \/>\nVitamine: Taurin 1.100 mg<\/p>\n<p>&nbsp;<\/p>\n","protected":false},"excerpt":{"rendered":"<p>Produktbeschreibung Wolfsblut Cracker sind Hundekekse ohne Getreide und ohne Gluten mit einem hohen Fleischanteil. Die Cracker enthalten ebenso keinen industriell hergestellten Zucker, keine Farb-, Duft-, Lock-, F\u00fcll- oder Konservierungsstoffe und auch keine chemischen Antioxidantien. Wild Duck Cracker enthalten nur nat\u00fcrliche Stoffe: Viel Entenfleisch in Lebensmittelqualit\u00e4t aus b\u00e4uerlicher Freilandhaltung Kartoffeln, die \u00fcber einen gro\u00dfen Anteil an [&hellip;]<\/p>\n","protected":false},"featured_media":5915,"comment_status":"closed","ping_status":"closed","template":"","meta":[],"product_brand":[],"product_cat":[233],"product_tag":[],"class_list":{"0":"post-5914","1":"product","2":"type-product","3":"status-publish","4":"has-post-thumbnail","6":"product_cat-leckerlies-von-wolfsblut","7":"tm-no-options","9":"first","10":"instock","11":"taxable","12":"shipping-taxable","13":"product-type-simple"},"supplier_id":null,"supplier_sku":"","barcode":null,"atum_controlled":true,"out_stock_date":null,"out_stock_threshold":null,"inheritable":false,"inbound_stock":0,"stock_on_hold":0,"sold_today":0,"sales_last_days":1,"reserved_stock":0,"customer_returns":0,"warehouse_damage":0,"lost_in_post":0,"other_logs":0,"out_stock_days":3,"lost_sales":2,"has_location":false,"update_date":"2025-08-22T17:59:29","atum_locations":[],"atum_stock_status":"instock","restock_status":false,"low_stock_amount":"","sales_update_date":"2024-03-07T10:48:13","calc_backorders":null,"jetpack_sharing_enabled":true,"_links":{"self":[{"href":"https:\/\/www.go4dogs.de\/index.php?rest_route=\/wp\/v2\/product\/5914","targetHints":{"allow":["GET"]}}],"collection":[{"href":"https:\/\/www.go4dogs.de\/index.php?rest_route=\/wp\/v2\/product"}],"about":[{"href":"https:\/\/www.go4dogs.de\/index.php?rest_route=\/wp\/v2\/types\/product"}],"replies":[{"embeddable":true,"href":"https:\/\/www.go4dogs.de\/index.php?rest_route=%2Fwp%2Fv2%2Fcomments&post=5914"}],"wp:featuredmedia":[{"embeddable":true,"href":"https:\/\/www.go4dogs.de\/index.php?rest_route=\/wp\/v2\/media\/5915"}],"wp:attachment":[{"href":"https:\/\/www.go4dogs.de\/index.php?rest_route=%2Fwp%2Fv2%2Fmedia&parent=5914"}],"wp:term":[{"taxonomy":"product_brand","embeddable":true,"href":"https:\/\/www.go4dogs.de\/index.php?rest_route=%2Fwp%2Fv2%2Fproduct_brand&post=5914"},{"taxonomy":"product_cat","embeddable":true,"href":"https:\/\/www.go4dogs.de\/index.php?rest_route=%2Fwp%2Fv2%2Fproduct_cat&post=5914"},{"taxonomy":"product_tag","embeddable":true,"href":"https:\/\/www.go4dogs.de\/index.php?rest_route=%2Fwp%2Fv2%2Fproduct_tag&post=5914"}],"curies":[{"name":"wp","href":"https:\/\/api.w.org\/{rel}","templated":true}]}}