{"id":4878,"date":"2018-03-29T22:03:52","date_gmt":"2018-03-29T20:03:52","guid":{"rendered":"https:\/\/www.go4dogs.de\/?post_type=product&#038;p=4878"},"modified":"2024-12-01T20:53:07","modified_gmt":"2024-12-01T18:53:07","slug":"john-paul-pet-full-body-paw-bath-wipes-45-stueck","status":"publish","type":"product","link":"https:\/\/www.go4dogs.de\/?product=john-paul-pet-full-body-paw-bath-wipes-45-stueck","title":{"rendered":"John Paul Pet: Full Body &amp; Paw Bath Wipes (45 St\u00fcck)"},"content":{"rendered":"<p>Reinigungst\u00fccher f\u00fcr K\u00f6rper und Pfoten. Mit Aloe Vera versetzt reinigen und pflegen die feuchten T\u00fccher Fell und Pfoten im Handumdrehen. Schmutz, lose Haare und Hautschuppen werden in dem Tuch eingefangen, gleichzeitig versorgt es trockenes Fell und rissige Pfoten mit Feuchtigkeit.<\/p>\n<p><b>Reinigende Feuchtigkeitst\u00fccher \u2028f\u00fcr Pfoten und Fell<\/b><\/p>\n<ul>\n<li>Schnelle Reinigung \u2013 perfekt f\u00fcr die schnelle Reinigung von Pfoten und Fell<\/li>\n<li>S\u00e4ubert \u2013 f\u00e4ngt lose Haar- und Hautschuppen ein<\/li>\n<li>Schenkt Glanz \u2013 verleiht dem Fell einen wunderbaren Glanz<\/li>\n<\/ul>\n<p><b>Anwendung <\/b><\/p>\n<p>Sanft den K\u00f6rper und die Pfoten reinigen. Kontakt mit Augen und Ohren vermeiden. Full Body &amp; Paw Bath Wipes sind ideal f\u00fcr jeden Tag, zwischen den Nassw\u00e4schen und f\u00fcr unterwegs.<\/p>\n<p><b>Inhalt:<\/b> 45 St\u00fcck<\/p>\n","protected":false},"excerpt":{"rendered":"<p>Reinigungst\u00fccher f\u00fcr K\u00f6rper und Pfoten. Mit Aloe Vera versetzt reinigen und pflegen die feuchten T\u00fccher Fell und Pfoten im Handumdrehen. Schmutz, lose Haare und Hautschuppen werden in dem Tuch eingefangen, gleichzeitig versorgt es trockenes Fell und rissige Pfoten mit Feuchtigkeit. Reinigende Feuchtigkeitst\u00fccher \u2028f\u00fcr Pfoten und Fell Schnelle Reinigung \u2013 perfekt f\u00fcr die schnelle Reinigung von [&hellip;]<\/p>\n","protected":false},"featured_media":21724,"comment_status":"closed","ping_status":"closed","template":"","meta":[],"product_brand":[],"product_cat":[235],"product_tag":[],"class_list":{"0":"post-4878","1":"product","2":"type-product","3":"status-publish","4":"has-post-thumbnail","6":"product_cat-alles-fuer-die-pflege","7":"tm-no-options","9":"first","10":"instock","11":"taxable","12":"shipping-taxable","13":"product-type-simple"},"supplier_id":null,"supplier_sku":"","barcode":null,"atum_controlled":true,"out_stock_date":null,"out_stock_threshold":null,"inheritable":false,"inbound_stock":null,"stock_on_hold":null,"sold_today":null,"sales_last_days":null,"reserved_stock":null,"customer_returns":null,"warehouse_damage":null,"lost_in_post":null,"other_logs":null,"out_stock_days":null,"lost_sales":null,"has_location":false,"update_date":"2024-12-01T18:53:09","atum_locations":[],"atum_stock_status":"instock","restock_status":false,"low_stock_amount":"","sales_update_date":null,"calc_backorders":null,"jetpack_sharing_enabled":true,"_links":{"self":[{"href":"https:\/\/www.go4dogs.de\/index.php?rest_route=\/wp\/v2\/product\/4878","targetHints":{"allow":["GET"]}}],"collection":[{"href":"https:\/\/www.go4dogs.de\/index.php?rest_route=\/wp\/v2\/product"}],"about":[{"href":"https:\/\/www.go4dogs.de\/index.php?rest_route=\/wp\/v2\/types\/product"}],"replies":[{"embeddable":true,"href":"https:\/\/www.go4dogs.de\/index.php?rest_route=%2Fwp%2Fv2%2Fcomments&post=4878"}],"wp:featuredmedia":[{"embeddable":true,"href":"https:\/\/www.go4dogs.de\/index.php?rest_route=\/wp\/v2\/media\/21724"}],"wp:attachment":[{"href":"https:\/\/www.go4dogs.de\/index.php?rest_route=%2Fwp%2Fv2%2Fmedia&parent=4878"}],"wp:term":[{"taxonomy":"product_brand","embeddable":true,"href":"https:\/\/www.go4dogs.de\/index.php?rest_route=%2Fwp%2Fv2%2Fproduct_brand&post=4878"},{"taxonomy":"product_cat","embeddable":true,"href":"https:\/\/www.go4dogs.de\/index.php?rest_route=%2Fwp%2Fv2%2Fproduct_cat&post=4878"},{"taxonomy":"product_tag","embeddable":true,"href":"https:\/\/www.go4dogs.de\/index.php?rest_route=%2Fwp%2Fv2%2Fproduct_tag&post=4878"}],"curies":[{"name":"wp","href":"https:\/\/api.w.org\/{rel}","templated":true}]}}