{"id":4875,"date":"2018-03-29T22:00:29","date_gmt":"2018-03-29T20:00:29","guid":{"rendered":"https:\/\/www.go4dogs.de\/?post_type=product&#038;p=4875"},"modified":"2024-12-01T20:53:07","modified_gmt":"2024-12-01T18:53:07","slug":"john-paul-pet-tearless-shampoo-473-ml","status":"publish","type":"product","link":"https:\/\/www.go4dogs.de\/?product=john-paul-pet-tearless-shampoo-473-ml","title":{"rendered":"John Paul Pet: Tearless Shampoo 473 ml"},"content":{"rendered":"<p><strong>Shampoo f\u00fcr Welpen und Katzenjunge \u2013\u00a0JOHN PAUL PET<\/strong><\/p>\n<div>\n<p><strong>Vorteile des Tiershampoos:<\/strong><\/p>\n<\/div>\n<ul>\n<li>Pflegestoffe wie Aloe vera, Kamille und Hafermehl wirken beruhigend und pflegend. Verleiht ein angenehmes Frischegef\u00fchl.<\/li>\n<li>Mild reinigende Wirkstoffe und S\u00e4ureneutralisatoren sorgen f\u00fcr einen niedrigen pH-Wert, wodurch Hautirritationen im Bereich der Augen und an anderen empfindlichen Stellen vorgebeugt wird.<\/li>\n<li>Shampoo f\u00fcr Welpen und Katzenjunge<\/li>\n<\/ul>\n<p>Im Bereich der Augen und Ohren sanft mit einem feuchten Schwamm in das feuchte Fell einarbeiten. Gr\u00fcndlich mit k\u00fchlem, klarem Wasser aussp\u00fclen. Mit einem Handtuch trockenreiben.<\/p>\n<p>Inhaltsstoffe:<\/p>\n<p><span class=\"metafield-multi_line_text_field\">Water\/Aqua\/Eau, Cocamidopropyl Betaine, PEG-80 Sorbitan Laurate, Sodium Trideceth Sulfate, Aloe Barbadensis Leaf Juice, Chamomilla Recutita (Matricaria) Flower Extract, Prunus Amygdalus Dulcis (Sweet Almond) Oil, Hydrolyzed Oat Protein, Panthenol, PEG-150 Distearate, Aminomethyl Propanol, Butylene Glycol, Sodium Chloride, Phenoxyethanol, Magnesium Chloride, Magnesium Nitrate, Methylchloroisothiazolinone, Methylisothiazolinone, Fragrance (Parfum)<\/span><\/p>\n<p><b>Inhalt:<\/b>\u00a0473 ml<\/p>\n","protected":false},"excerpt":{"rendered":"<p>Shampoo f\u00fcr Welpen und Katzenjunge \u2013\u00a0JOHN PAUL PET Vorteile des Tiershampoos: Pflegestoffe wie Aloe vera, Kamille und Hafermehl wirken beruhigend und pflegend. Verleiht ein angenehmes Frischegef\u00fchl. Mild reinigende Wirkstoffe und S\u00e4ureneutralisatoren sorgen f\u00fcr einen niedrigen pH-Wert, wodurch Hautirritationen im Bereich der Augen und an anderen empfindlichen Stellen vorgebeugt wird. Shampoo f\u00fcr Welpen und Katzenjunge Im [&hellip;]<\/p>\n","protected":false},"featured_media":21729,"comment_status":"closed","ping_status":"closed","template":"","meta":[],"product_brand":[],"product_cat":[235],"product_tag":[],"class_list":{"0":"post-4875","1":"product","2":"type-product","3":"status-publish","4":"has-post-thumbnail","6":"product_cat-alles-fuer-die-pflege","7":"tm-no-options","9":"first","10":"instock","11":"taxable","12":"shipping-taxable","13":"product-type-simple"},"supplier_id":null,"supplier_sku":"","barcode":null,"atum_controlled":true,"out_stock_date":null,"out_stock_threshold":null,"inheritable":false,"inbound_stock":null,"stock_on_hold":0,"sold_today":0,"sales_last_days":1,"reserved_stock":null,"customer_returns":null,"warehouse_damage":null,"lost_in_post":null,"other_logs":null,"out_stock_days":0,"lost_sales":0,"has_location":false,"update_date":"2024-12-01T18:53:10","atum_locations":[],"atum_stock_status":"instock","restock_status":false,"low_stock_amount":"","sales_update_date":"2023-04-27T05:45:04","calc_backorders":null,"jetpack_sharing_enabled":true,"_links":{"self":[{"href":"https:\/\/www.go4dogs.de\/index.php?rest_route=\/wp\/v2\/product\/4875","targetHints":{"allow":["GET"]}}],"collection":[{"href":"https:\/\/www.go4dogs.de\/index.php?rest_route=\/wp\/v2\/product"}],"about":[{"href":"https:\/\/www.go4dogs.de\/index.php?rest_route=\/wp\/v2\/types\/product"}],"replies":[{"embeddable":true,"href":"https:\/\/www.go4dogs.de\/index.php?rest_route=%2Fwp%2Fv2%2Fcomments&post=4875"}],"wp:featuredmedia":[{"embeddable":true,"href":"https:\/\/www.go4dogs.de\/index.php?rest_route=\/wp\/v2\/media\/21729"}],"wp:attachment":[{"href":"https:\/\/www.go4dogs.de\/index.php?rest_route=%2Fwp%2Fv2%2Fmedia&parent=4875"}],"wp:term":[{"taxonomy":"product_brand","embeddable":true,"href":"https:\/\/www.go4dogs.de\/index.php?rest_route=%2Fwp%2Fv2%2Fproduct_brand&post=4875"},{"taxonomy":"product_cat","embeddable":true,"href":"https:\/\/www.go4dogs.de\/index.php?rest_route=%2Fwp%2Fv2%2Fproduct_cat&post=4875"},{"taxonomy":"product_tag","embeddable":true,"href":"https:\/\/www.go4dogs.de\/index.php?rest_route=%2Fwp%2Fv2%2Fproduct_tag&post=4875"}],"curies":[{"name":"wp","href":"https:\/\/api.w.org\/{rel}","templated":true}]}}