{"id":4874,"date":"2018-03-29T21:59:39","date_gmt":"2018-03-29T19:59:39","guid":{"rendered":"https:\/\/www.go4dogs.de\/?post_type=product&#038;p=4874"},"modified":"2024-12-01T20:53:07","modified_gmt":"2024-12-01T18:53:07","slug":"john-paul-pet-waterless-foam-shampoo-250-ml","status":"publish","type":"product","link":"https:\/\/www.go4dogs.de\/?product=john-paul-pet-waterless-foam-shampoo-250-ml","title":{"rendered":"John Paul Pet: Oatmeal Waterless Foam Shampoo 250 ml"},"content":{"rendered":"<p><strong>Trockenschaum-Shampoo f\u00fcr Hunde und Katzen \u2013\u00a0JOHN PAUL PET<\/strong><\/p>\n<p><b>Vorteile des Trockenshampoos:<\/b><\/p>\n<ul>\n<li>Der sanfte Schaum wurde speziell entwickelt, um ohne Hinzugabe von Wasser in das Fell einzudringen, es zu reinigen und die Haut zu beruhigen.<\/li>\n<li>Sorgt f\u00fcr ein sauberes, weiches Fell.<\/li>\n<li>Die spezielle Rezeptur hilft dabei, \u00d6l und Schmutz so zu verbinden, dass sie sich einfach ausb\u00fcrsten lassen.<\/li>\n<li>Aloe vera und hydrolisierte Haferproteine beruhigen und spenden Feuchtigkeit.<\/li>\n<li>S\u00fc\u00dfes Mandel\u00f6l sorgt f\u00fcr einen wunderbaren Duft.<\/li>\n<li>Da das Produkt nicht ausgesp\u00fclt werden muss, ist es ideal f\u00fcr die Verwendung an k\u00fchleren Tagen geeignet.<\/li>\n<li>Optimal auch f\u00fcr wasserscheue Hunde und Katzen<\/li>\n<\/ul>\n<p>Eine kleine Menge Schaum auf die Hand geben: ein Pumpsto\u00df f\u00fcr kleine Tiere, zwei Pumpst\u00f6\u00dfe f\u00fcr mittlere Tiere und drei Pumpst\u00f6\u00dfe f\u00fcr gro\u00dfe Tiere. Schaum in den H\u00e4nden verreiben, gleichm\u00e4\u00dfig verteilen und in das trockene Fell einmassieren. B\u00fcrsten.<\/p>\n<p>Inhaltsstoffe: Water\/Aqua\/Eau, Sodium C14-16 Olefin Sulfonate, Cocamidopropyl Betaine, Aloe Barbadensis Leaf Juice, Chamomilla Recutita (Matricaria) Flower Extract, Prunus Amygdalus Dulcis (Sweet Almond) Oil, Hydrolyzed Oat Protein, Cocamide MIPA, Butylene Glycol, Citric Acid, Phenoxyethanol, Sodium Hydroxymethylglycinate, Fragrance (Parfum)<\/p>\n<p><b>Inhalt:<\/b> 250 ml<\/p>\n","protected":false},"excerpt":{"rendered":"<p>Trockenschaum-Shampoo f\u00fcr Hunde und Katzen \u2013\u00a0JOHN PAUL PET Vorteile des Trockenshampoos: Der sanfte Schaum wurde speziell entwickelt, um ohne Hinzugabe von Wasser in das Fell einzudringen, es zu reinigen und die Haut zu beruhigen. Sorgt f\u00fcr ein sauberes, weiches Fell. Die spezielle Rezeptur hilft dabei, \u00d6l und Schmutz so zu verbinden, dass sie sich einfach [&hellip;]<\/p>\n","protected":false},"featured_media":21731,"comment_status":"closed","ping_status":"closed","template":"","meta":[],"product_brand":[],"product_cat":[235],"product_tag":[],"class_list":{"0":"post-4874","1":"product","2":"type-product","3":"status-publish","4":"has-post-thumbnail","6":"product_cat-alles-fuer-die-pflege","7":"tm-no-options","9":"first","10":"instock","11":"taxable","12":"shipping-taxable","13":"product-type-simple"},"supplier_id":null,"supplier_sku":"","barcode":null,"atum_controlled":true,"out_stock_date":null,"out_stock_threshold":null,"inheritable":false,"inbound_stock":null,"stock_on_hold":null,"sold_today":null,"sales_last_days":null,"reserved_stock":null,"customer_returns":null,"warehouse_damage":null,"lost_in_post":null,"other_logs":null,"out_stock_days":null,"lost_sales":null,"has_location":false,"update_date":"2024-12-01T18:53:10","atum_locations":[],"atum_stock_status":"instock","restock_status":false,"low_stock_amount":"","sales_update_date":null,"calc_backorders":null,"jetpack_sharing_enabled":true,"_links":{"self":[{"href":"https:\/\/www.go4dogs.de\/index.php?rest_route=\/wp\/v2\/product\/4874","targetHints":{"allow":["GET"]}}],"collection":[{"href":"https:\/\/www.go4dogs.de\/index.php?rest_route=\/wp\/v2\/product"}],"about":[{"href":"https:\/\/www.go4dogs.de\/index.php?rest_route=\/wp\/v2\/types\/product"}],"replies":[{"embeddable":true,"href":"https:\/\/www.go4dogs.de\/index.php?rest_route=%2Fwp%2Fv2%2Fcomments&post=4874"}],"wp:featuredmedia":[{"embeddable":true,"href":"https:\/\/www.go4dogs.de\/index.php?rest_route=\/wp\/v2\/media\/21731"}],"wp:attachment":[{"href":"https:\/\/www.go4dogs.de\/index.php?rest_route=%2Fwp%2Fv2%2Fmedia&parent=4874"}],"wp:term":[{"taxonomy":"product_brand","embeddable":true,"href":"https:\/\/www.go4dogs.de\/index.php?rest_route=%2Fwp%2Fv2%2Fproduct_brand&post=4874"},{"taxonomy":"product_cat","embeddable":true,"href":"https:\/\/www.go4dogs.de\/index.php?rest_route=%2Fwp%2Fv2%2Fproduct_cat&post=4874"},{"taxonomy":"product_tag","embeddable":true,"href":"https:\/\/www.go4dogs.de\/index.php?rest_route=%2Fwp%2Fv2%2Fproduct_tag&post=4874"}],"curies":[{"name":"wp","href":"https:\/\/api.w.org\/{rel}","templated":true}]}}