{"id":4873,"date":"2018-03-29T21:58:33","date_gmt":"2018-03-29T19:58:33","guid":{"rendered":"https:\/\/www.go4dogs.de\/?post_type=product&#038;p=4873"},"modified":"2024-12-01T20:53:07","modified_gmt":"2024-12-01T18:53:07","slug":"john-paul-pet-tea-tree-shampoo-473-ml","status":"publish","type":"product","link":"https:\/\/www.go4dogs.de\/?product=john-paul-pet-tea-tree-shampoo-473-ml","title":{"rendered":"John Paul Pet: Tea Tree Shampoo 473 ml"},"content":{"rendered":"<p><strong>Fellpflege-Shampoo mit Teebaum\u00f6l<\/strong><strong>\u00a0\u2013\u00a0JOHN PAUL PET<\/strong><\/p>\n<div>\n<div>\n<p><strong>Vorteile des Tiershampoos:<\/strong><\/p>\n<\/div>\n<\/div>\n<ul>\n<li>Teebaum\u00f6l und Eukalyptus lindern Hautirritationen und f\u00f6rdern die Wundheilung.<\/li>\n<li>Mandel\u00f6l und Kamille beruhigen, Aloe vera spendet Feuchtigkeit.<br \/>\nF\u00fcr eine intensive Pflegewirkung anschlie\u00dfend Oatmeal Conditioning Rinse verwenden.<\/li>\n<li>Reinigt, beruhigt und reduziert Hautirritationen.<\/li>\n<\/ul>\n<p><b>Anwendung <\/b><\/p>\n<p>Eine kleine Menge in das feuchte Fell einmassieren. Kontakt mit Augen und Ohren vermeiden. Eine Minute einwirken lassen und mit k\u00fchlem, klarem Wasser aussp\u00fclen. Mit einem Handtuch trockenreiben und k\u00e4mmen.<\/p>\n<p>&nbsp;<\/p>\n<p>Inhaltsstoffe: Water\/Aqua\/Eau, Sodium Laureth Sulfate, Cocamide MIPA, Cocamidopropyl Betaine, Melaleuca Alternifolia (Tea Tree) Leaf Oil, Eucalyptus Globulus Leaf Oil, Aloe Barbadensis Leaf Juice, Chamomilla Recutita (Matricaria) Flower Extract, Prunus Amygdalus Dulcis (Sweet Almond) Oil, Hydrolyzed Oat Protein, Glycerin, Butylene Glycol, Citric Acid, Sodium Chloride, Phenoxyethanol, Magnesium Chloride, Magnesium Nitrate, Methylchloroisothiazolinone, Methylisothiazolinone, Blue 1 (CI 42090), Yellow 5 (CI 19140)<\/p>\n<p><b>Inhalt:<\/b>\u00a0473 ml<\/p>\n","protected":false},"excerpt":{"rendered":"<p>Fellpflege-Shampoo mit Teebaum\u00f6l\u00a0\u2013\u00a0JOHN PAUL PET Vorteile des Tiershampoos: Teebaum\u00f6l und Eukalyptus lindern Hautirritationen und f\u00f6rdern die Wundheilung. Mandel\u00f6l und Kamille beruhigen, Aloe vera spendet Feuchtigkeit. F\u00fcr eine intensive Pflegewirkung anschlie\u00dfend Oatmeal Conditioning Rinse verwenden. Reinigt, beruhigt und reduziert Hautirritationen. Anwendung Eine kleine Menge in das feuchte Fell einmassieren. Kontakt mit Augen und Ohren vermeiden. Eine [&hellip;]<\/p>\n","protected":false},"featured_media":4887,"comment_status":"closed","ping_status":"closed","template":"","meta":[],"product_brand":[],"product_cat":[235],"product_tag":[],"class_list":{"0":"post-4873","1":"product","2":"type-product","3":"status-publish","4":"has-post-thumbnail","6":"product_cat-alles-fuer-die-pflege","7":"tm-no-options","9":"first","10":"instock","11":"taxable","12":"shipping-taxable","13":"product-type-simple"},"supplier_id":null,"supplier_sku":"","barcode":null,"atum_controlled":true,"out_stock_date":null,"out_stock_threshold":null,"inheritable":false,"inbound_stock":null,"stock_on_hold":null,"sold_today":null,"sales_last_days":null,"reserved_stock":null,"customer_returns":null,"warehouse_damage":null,"lost_in_post":null,"other_logs":null,"out_stock_days":null,"lost_sales":null,"has_location":false,"update_date":"2024-12-01T18:53:10","atum_locations":[],"atum_stock_status":"instock","restock_status":false,"low_stock_amount":"","sales_update_date":null,"calc_backorders":null,"jetpack_sharing_enabled":true,"_links":{"self":[{"href":"https:\/\/www.go4dogs.de\/index.php?rest_route=\/wp\/v2\/product\/4873","targetHints":{"allow":["GET"]}}],"collection":[{"href":"https:\/\/www.go4dogs.de\/index.php?rest_route=\/wp\/v2\/product"}],"about":[{"href":"https:\/\/www.go4dogs.de\/index.php?rest_route=\/wp\/v2\/types\/product"}],"replies":[{"embeddable":true,"href":"https:\/\/www.go4dogs.de\/index.php?rest_route=%2Fwp%2Fv2%2Fcomments&post=4873"}],"wp:featuredmedia":[{"embeddable":true,"href":"https:\/\/www.go4dogs.de\/index.php?rest_route=\/wp\/v2\/media\/4887"}],"wp:attachment":[{"href":"https:\/\/www.go4dogs.de\/index.php?rest_route=%2Fwp%2Fv2%2Fmedia&parent=4873"}],"wp:term":[{"taxonomy":"product_brand","embeddable":true,"href":"https:\/\/www.go4dogs.de\/index.php?rest_route=%2Fwp%2Fv2%2Fproduct_brand&post=4873"},{"taxonomy":"product_cat","embeddable":true,"href":"https:\/\/www.go4dogs.de\/index.php?rest_route=%2Fwp%2Fv2%2Fproduct_cat&post=4873"},{"taxonomy":"product_tag","embeddable":true,"href":"https:\/\/www.go4dogs.de\/index.php?rest_route=%2Fwp%2Fv2%2Fproduct_tag&post=4873"}],"curies":[{"name":"wp","href":"https:\/\/api.w.org\/{rel}","templated":true}]}}