{"id":4872,"date":"2018-03-29T21:57:42","date_gmt":"2018-03-29T19:57:42","guid":{"rendered":"https:\/\/www.go4dogs.de\/?post_type=product&#038;p=4872"},"modified":"2024-12-01T20:53:07","modified_gmt":"2024-12-01T18:53:07","slug":"john-paul-pet-super-bright-shampoo-473-ml","status":"publish","type":"product","link":"https:\/\/www.go4dogs.de\/?product=john-paul-pet-super-bright-shampoo-473-ml","title":{"rendered":"John Paul Pet: Super Bright Shampoo 473 ml"},"content":{"rendered":"<p><strong>Nur das Beste f\u00fcr den vierbeinigen Freund\u00a0\u2013\u00a0JOHN PAUL PET<\/strong><\/p>\n<p><strong>Vorteile des Fellpflege-Sprays:<\/strong><\/p>\n<ul>\n<li>Shampoo sorgt f\u00fcr ein strahlendes, sauberes und gl\u00e4nzendes Fell.<\/li>\n<li>Blaue und violette Farbpigmente<\/li>\n<li>L\u00e4sst mattes Fell strahlender erscheinen<\/li>\n<li>F\u00fcr alle Fellfarben geeignet.<\/li>\n<li>Enth\u00e4lt Aloe vera, Kamille und Hafermehl, die beruhigenund Feuchtigkeit spenden<\/li>\n<\/ul>\n<p><b>Anwendung <\/b><\/p>\n<p>Eine kleine Menge sanft in das feuchte Fell einmassieren oder als Vorbehandlung von wei\u00dfen Stellen vor dem Shampoonieren auf das trockene Fell auftragen. Kontakt mit Augen und Ohren vermeiden. Mit k\u00fchlem, klarem Wasser aussp\u00fclen. Mit einem Handtuch trockenreiben und k\u00e4mmen.<\/p>\n<p>Inhaltsstoffe: Water\/Aqua\/Eau, Sodium Laureth Sulfate, Cocamidopropyl Betaine, Sodium Chloride, Aloe Barbadensis Leaf Juice, Chamomilla Recutita (Matricaria) Flower Extract, Prunus Amygdalus Dulcis (Sweet Almond) Oil, Hydrolyzed Oat Protein, Panthenol, Cocamide MIPA, Glycol Stearate, Glycerin, Butylene Glycol, Citric Acid, Guar Hydroxypropyltrimonium Chloride, Phenoxyethanol, Magnesium Chloride, Magnesium Nitrate, Methylchloroisothiazolinone, Methylisothiazolinone, Fragrance (Parfum), Benzyl Salicylate, Limonene, Hexyl Cinnamal, Blue 1 (CI 42090), Ext. Violet 2 (CI 60730)<\/p>\n<p><b>Inhalt:<\/b>\u00a0473 ml<\/p>\n","protected":false},"excerpt":{"rendered":"<p>Nur das Beste f\u00fcr den vierbeinigen Freund\u00a0\u2013\u00a0JOHN PAUL PET Vorteile des Fellpflege-Sprays: Shampoo sorgt f\u00fcr ein strahlendes, sauberes und gl\u00e4nzendes Fell. Blaue und violette Farbpigmente L\u00e4sst mattes Fell strahlender erscheinen F\u00fcr alle Fellfarben geeignet. Enth\u00e4lt Aloe vera, Kamille und Hafermehl, die beruhigenund Feuchtigkeit spenden Anwendung Eine kleine Menge sanft in das feuchte Fell einmassieren oder [&hellip;]<\/p>\n","protected":false},"featured_media":21734,"comment_status":"closed","ping_status":"closed","template":"","meta":[],"product_brand":[],"product_cat":[235],"product_tag":[],"class_list":{"0":"post-4872","1":"product","2":"type-product","3":"status-publish","4":"has-post-thumbnail","6":"product_cat-alles-fuer-die-pflege","7":"tm-no-options","9":"first","10":"instock","11":"taxable","12":"shipping-taxable","13":"product-type-simple"},"supplier_id":null,"supplier_sku":"","barcode":null,"atum_controlled":true,"out_stock_date":null,"out_stock_threshold":null,"inheritable":false,"inbound_stock":0,"stock_on_hold":0,"sold_today":0,"sales_last_days":0,"reserved_stock":0,"customer_returns":0,"warehouse_damage":0,"lost_in_post":0,"other_logs":0,"out_stock_days":0,"lost_sales":0,"has_location":false,"update_date":"2024-12-01T18:53:10","atum_locations":[],"atum_stock_status":"instock","restock_status":false,"low_stock_amount":"","sales_update_date":"2023-01-13T12:36:07","calc_backorders":null,"jetpack_sharing_enabled":true,"_links":{"self":[{"href":"https:\/\/www.go4dogs.de\/index.php?rest_route=\/wp\/v2\/product\/4872","targetHints":{"allow":["GET"]}}],"collection":[{"href":"https:\/\/www.go4dogs.de\/index.php?rest_route=\/wp\/v2\/product"}],"about":[{"href":"https:\/\/www.go4dogs.de\/index.php?rest_route=\/wp\/v2\/types\/product"}],"replies":[{"embeddable":true,"href":"https:\/\/www.go4dogs.de\/index.php?rest_route=%2Fwp%2Fv2%2Fcomments&post=4872"}],"wp:featuredmedia":[{"embeddable":true,"href":"https:\/\/www.go4dogs.de\/index.php?rest_route=\/wp\/v2\/media\/21734"}],"wp:attachment":[{"href":"https:\/\/www.go4dogs.de\/index.php?rest_route=%2Fwp%2Fv2%2Fmedia&parent=4872"}],"wp:term":[{"taxonomy":"product_brand","embeddable":true,"href":"https:\/\/www.go4dogs.de\/index.php?rest_route=%2Fwp%2Fv2%2Fproduct_brand&post=4872"},{"taxonomy":"product_cat","embeddable":true,"href":"https:\/\/www.go4dogs.de\/index.php?rest_route=%2Fwp%2Fv2%2Fproduct_cat&post=4872"},{"taxonomy":"product_tag","embeddable":true,"href":"https:\/\/www.go4dogs.de\/index.php?rest_route=%2Fwp%2Fv2%2Fproduct_tag&post=4872"}],"curies":[{"name":"wp","href":"https:\/\/api.w.org\/{rel}","templated":true}]}}