{"id":4867,"date":"2018-03-29T21:50:19","date_gmt":"2018-03-29T19:50:19","guid":{"rendered":"https:\/\/www.go4dogs.de\/?post_type=product&#038;p=4867"},"modified":"2024-11-13T20:28:54","modified_gmt":"2024-11-13T18:28:54","slug":"ruffwear-gnawt-a-cone","status":"publish","type":"product","link":"https:\/\/www.go4dogs.de\/?product=ruffwear-gnawt-a-cone","title":{"rendered":"Ruffwear Gnawt-a-Cone"},"content":{"rendered":"<p>Zum Anbei\u00dfen gut! Der <strong>Ruffwear Gnawt-a-Cone<\/strong> ist ein ausgesprochen vielseitiges Apportierspielzeug, das sich im Wasser und, bef\u00fcllt mit kleinen Hundesnacks, auch als Kauspielzeug verwenden l\u00e4sst. Das einem Kiefernzapfen nachempfundene Wurfspielzeug verh\u00e4lt sich nach dem Aufprall willkillk\u00fcrlich und bietet Ihrem vierbeinigen Wildfang dadurch ein besonders spannendes und abwechslungsreiches Spielvergn\u00fcgen.<\/p>\n<h2>Material und Eigenschaften<\/h2>\n<table class=\"techdata\" border=\"0\" cellspacing=\"0\" cellpadding=\"0\">\n<tbody>\n<tr>\n<td class=\"spec\">Farbe<\/td>\n<td class=\"val\">dandelion yellow, metolius blue oder sockeye red<\/td>\n<\/tr>\n<tr>\n<td class=\"spec\">Material<\/td>\n<td class=\"val\">Naturkautschuk<\/td>\n<\/tr>\n<tr>\n<td class=\"spec\">Gr\u00f6ssen<\/td>\n<td class=\"val\">ca. 7,5 x 10 cm<\/td>\n<\/tr>\n<tr>\n<td class=\"spec\">Eigenschaften<\/td>\n<td class=\"val\">\n<ul>\n<li>farbenfrohes Hundespielzeug mit interessantem Formdesign<\/li>\n<li>bissfester, strapazierf\u00e4higer Naturkautschuk<\/li>\n<li>l\u00e4sst sich mit Leckerlis bef\u00fcllen<\/li>\n<li>verh\u00e4lt sich nach dem Aufprall besonders willk\u00fcrlich und unvorhersehbar<\/li>\n<li>spannendes, abwechslungsreiches Spielvergn\u00fcgen<\/li>\n<li>schwimmf\u00e4hig<\/li>\n<li>Signalfarbe erh\u00f6ht Sichtbarkeit bei schlechten Lichtverh\u00e4ltnissen<\/li>\n<\/ul>\n<\/td>\n<\/tr>\n<\/tbody>\n<\/table>\n<h2>Ruffwear Gnawt-a-Cone<\/h2>\n<p>Mit ihrer au\u00dfergew\u00f6hnlichen Gnawt-Spielzeugkollektion orientieren sich die kreativen K\u00f6pfe von Ruffwear an der Formenvielfalt unserer nat\u00fcrlichen Lebensr\u00e4ume. Der etwa 10 mal 7,5 Zentimeter gro\u00dfe Gnawt-a-Cone ist dabei einem Kiefernzapfen nachempfunden, die unsere vierbeinigen Freunde gerne bei ausgiebigen Waldspazierg\u00e4ngen aufsp\u00fcren. Das Besondere an dem fetzigen Gnawt-a-Cone ist neben seiner enormen Stabilit\u00e4t und seiner einfachen Handhabung vor allem sein ausgefallenes Farb- und Formdesign. Durch seine unregelm\u00e4\u00dfige Oberfl\u00e4che springt das bunte Wurfspielzeug nach dem Aufprall unvorhersehbar umher und macht das Apportieren f\u00fcr Ihren Hund zu einem spannungsgeladenen Vergn\u00fcgen. Als Motivationsschub lassen sich im Inneren des bissfesten Hundespielzeugs au\u00dferdem kleine Leckerlis verstecken, die Ihr kaufreudiger Vierbeiner durch intensives Knabbern und Abtasten zu Tage f\u00f6rdern muss. Dieser gen\u00fcssliche Zeitvertreib schult nicht nur seine Feinmotorik, sondern massiert praktischer Weise auch sein Zahnfleisch. H\u00e4lt sich Ihr Hund gerne in Gew\u00e4ssern auf, dann haben wir noch eine gute Nachricht: der Gnawt-a-Cone ist schwimmf\u00e4hig und treibt durch seine auff\u00e4llige Signalfarbe besonders gut sichtbar auf dem Wasser.<\/p>\n","protected":false},"excerpt":{"rendered":"<p>Zum Anbei\u00dfen gut! Der Ruffwear Gnawt-a-Cone ist ein ausgesprochen vielseitiges Apportierspielzeug, das sich im Wasser und, bef\u00fcllt mit kleinen Hundesnacks, auch als Kauspielzeug verwenden l\u00e4sst. Das einem Kiefernzapfen nachempfundene Wurfspielzeug verh\u00e4lt sich nach dem Aufprall willkillk\u00fcrlich und bietet Ihrem vierbeinigen Wildfang dadurch ein besonders spannendes und abwechslungsreiches Spielvergn\u00fcgen. Material und Eigenschaften Farbe dandelion yellow, metolius [&hellip;]<\/p>\n","protected":false},"featured_media":5059,"comment_status":"closed","ping_status":"closed","template":"","meta":[],"product_brand":[],"product_cat":[218],"product_tag":[],"class_list":{"0":"post-4867","1":"product","2":"type-product","3":"status-publish","4":"has-post-thumbnail","6":"product_cat-zum-werfen-zerren-jagen","7":"tm-no-options","9":"first","10":"instock","11":"taxable","12":"shipping-taxable","13":"purchasable","14":"product-type-variable"},"supplier_id":null,"supplier_sku":"","barcode":null,"atum_controlled":true,"out_stock_date":null,"out_stock_threshold":null,"inheritable":false,"inbound_stock":0,"stock_on_hold":0,"sold_today":null,"sales_last_days":null,"reserved_stock":0,"customer_returns":0,"warehouse_damage":0,"lost_in_post":0,"other_logs":0,"out_stock_days":null,"lost_sales":null,"has_location":false,"update_date":"2024-11-13T18:28:56","atum_locations":[],"atum_stock_status":"instock","restock_status":false,"low_stock_amount":"","sales_update_date":"2024-05-21T09:08:48","calc_backorders":null,"jetpack_sharing_enabled":true,"_links":{"self":[{"href":"https:\/\/www.go4dogs.de\/index.php?rest_route=\/wp\/v2\/product\/4867","targetHints":{"allow":["GET"]}}],"collection":[{"href":"https:\/\/www.go4dogs.de\/index.php?rest_route=\/wp\/v2\/product"}],"about":[{"href":"https:\/\/www.go4dogs.de\/index.php?rest_route=\/wp\/v2\/types\/product"}],"replies":[{"embeddable":true,"href":"https:\/\/www.go4dogs.de\/index.php?rest_route=%2Fwp%2Fv2%2Fcomments&post=4867"}],"wp:featuredmedia":[{"embeddable":true,"href":"https:\/\/www.go4dogs.de\/index.php?rest_route=\/wp\/v2\/media\/5059"}],"wp:attachment":[{"href":"https:\/\/www.go4dogs.de\/index.php?rest_route=%2Fwp%2Fv2%2Fmedia&parent=4867"}],"wp:term":[{"taxonomy":"product_brand","embeddable":true,"href":"https:\/\/www.go4dogs.de\/index.php?rest_route=%2Fwp%2Fv2%2Fproduct_brand&post=4867"},{"taxonomy":"product_cat","embeddable":true,"href":"https:\/\/www.go4dogs.de\/index.php?rest_route=%2Fwp%2Fv2%2Fproduct_cat&post=4867"},{"taxonomy":"product_tag","embeddable":true,"href":"https:\/\/www.go4dogs.de\/index.php?rest_route=%2Fwp%2Fv2%2Fproduct_tag&post=4867"}],"curies":[{"name":"wp","href":"https:\/\/api.w.org\/{rel}","templated":true}]}}