{"id":4866,"date":"2018-03-29T21:46:43","date_gmt":"2018-03-29T19:46:43","guid":{"rendered":"https:\/\/www.go4dogs.de\/?post_type=product&#038;p=4866"},"modified":"2025-10-30T13:24:38","modified_gmt":"2025-10-30T11:24:38","slug":"kong-cuteseas","status":"publish","type":"product","link":"https:\/\/www.go4dogs.de\/?product=kong-cuteseas","title":{"rendered":"KONG Cuteseas"},"content":{"rendered":"<p>Tauchen Sie mit Ihrem Hund gemeinsam ab! Die <strong>KONG Cuteseas<\/strong> sind flauschige Meeresbewohner aus weichem Cordstoff. Dieses Hundespielzeug eignet sich hervorragend zum Spielen und Kuscheln.<\/p>\n<table class=\"techdata\" border=\"0\" cellspacing=\"0\" cellpadding=\"0\">\n<tbody>\n<tr>\n<td class=\"spec\">Material<\/td>\n<td class=\"val\">weicher Cordstoff, Polyester, Polyfill<\/td>\n<\/tr>\n<tr>\n<td class=\"spec\">Gr\u00f6\u00dfen<\/td>\n<td class=\"val\">\n<ul>\n<li>klein: ca. 17cm x 6cm x 6cm<\/li>\n<li>gross: ca. 32cm x 13cm x 11cm<\/li>\n<\/ul>\n<\/td>\n<\/tr>\n<tr>\n<td class=\"spec\">Eigenschaften<\/td>\n<td class=\"val\">\n<ul>\n<li>integrierter Quietscher und Knisterger\u00e4usch regen zum Spielen an<\/li>\n<li>weicher Cordstoff ist ideal zum Kuscheln<\/li>\n<li>geistig anregendes Spielzeug<\/li>\n<li>drei Figuren erh\u00e4ltlich: Seepferdchen, Krake und Wal<\/li>\n<li>zwei Gr\u00f6\u00dfen erh\u00e4ltlich<\/li>\n<li>Wurf-, Apportier- und Kuschelspielzeug<\/li>\n<\/ul>\n<\/td>\n<\/tr>\n<\/tbody>\n<\/table>\n<h2>KONG Cuteseas<\/h2>\n<p>Die <strong>KONG Cuteseas<\/strong> enthalten nicht nur einen Quietscher, sondern geben beim Spielen auch ein f\u00fcr Ihren vierbeingein Liebling sehr interessantes Knisterger\u00e4usch von sich. Alle drei Meeresbewohner &#8211; Seepferdchen, Krake und Wal &#8211; eignen sich prima zum Werfen, Apportieren und Kuscheln.<\/p>\n","protected":false},"excerpt":{"rendered":"<p>Tauchen Sie mit Ihrem Hund gemeinsam ab! Die KONG Cuteseas sind flauschige Meeresbewohner aus weichem Cordstoff. Dieses Hundespielzeug eignet sich hervorragend zum Spielen und Kuscheln. Material weicher Cordstoff, Polyester, Polyfill Gr\u00f6\u00dfen klein: ca. 17cm x 6cm x 6cm gross: ca. 32cm x 13cm x 11cm Eigenschaften integrierter Quietscher und Knisterger\u00e4usch regen zum Spielen an weicher [&hellip;]<\/p>\n","protected":false},"featured_media":4939,"comment_status":"closed","ping_status":"closed","template":"","meta":[],"product_brand":[],"product_cat":[220],"product_tag":[],"class_list":{"0":"post-4866","1":"product","2":"type-product","3":"status-publish","4":"has-post-thumbnail","6":"product_cat-zum-kuscheln","7":"tm-no-options","9":"first","10":"instock","11":"taxable","12":"shipping-taxable","13":"product-type-variable"},"supplier_id":null,"supplier_sku":"","barcode":null,"atum_controlled":true,"out_stock_date":null,"out_stock_threshold":null,"inheritable":true,"inbound_stock":0,"stock_on_hold":0,"sold_today":0,"sales_last_days":0,"reserved_stock":0,"customer_returns":0,"warehouse_damage":0,"lost_in_post":0,"other_logs":0,"out_stock_days":null,"lost_sales":0,"has_location":false,"update_date":"2025-10-22T06:47:55","atum_locations":[],"atum_stock_status":"instock","restock_status":false,"low_stock_amount":"","sales_update_date":"2023-01-14T16:32:27","calc_backorders":null,"jetpack_sharing_enabled":true,"_links":{"self":[{"href":"https:\/\/www.go4dogs.de\/index.php?rest_route=\/wp\/v2\/product\/4866","targetHints":{"allow":["GET"]}}],"collection":[{"href":"https:\/\/www.go4dogs.de\/index.php?rest_route=\/wp\/v2\/product"}],"about":[{"href":"https:\/\/www.go4dogs.de\/index.php?rest_route=\/wp\/v2\/types\/product"}],"replies":[{"embeddable":true,"href":"https:\/\/www.go4dogs.de\/index.php?rest_route=%2Fwp%2Fv2%2Fcomments&post=4866"}],"wp:featuredmedia":[{"embeddable":true,"href":"https:\/\/www.go4dogs.de\/index.php?rest_route=\/wp\/v2\/media\/4939"}],"wp:attachment":[{"href":"https:\/\/www.go4dogs.de\/index.php?rest_route=%2Fwp%2Fv2%2Fmedia&parent=4866"}],"wp:term":[{"taxonomy":"product_brand","embeddable":true,"href":"https:\/\/www.go4dogs.de\/index.php?rest_route=%2Fwp%2Fv2%2Fproduct_brand&post=4866"},{"taxonomy":"product_cat","embeddable":true,"href":"https:\/\/www.go4dogs.de\/index.php?rest_route=%2Fwp%2Fv2%2Fproduct_cat&post=4866"},{"taxonomy":"product_tag","embeddable":true,"href":"https:\/\/www.go4dogs.de\/index.php?rest_route=%2Fwp%2Fv2%2Fproduct_tag&post=4866"}],"curies":[{"name":"wp","href":"https:\/\/api.w.org\/{rel}","templated":true}]}}