{"id":4865,"date":"2018-03-29T21:45:19","date_gmt":"2018-03-29T19:45:19","guid":{"rendered":"https:\/\/www.go4dogs.de\/?post_type=product&#038;p=4865"},"modified":"2025-04-11T14:45:50","modified_gmt":"2025-04-11T12:45:50","slug":"kong-safestix-apportierspielzeug","status":"publish","type":"product","link":"https:\/\/www.go4dogs.de\/?product=kong-safestix-apportierspielzeug","title":{"rendered":"Kong Safestix Apportierspielzeug"},"content":{"rendered":"<p>Das <strong>Kong &#8220;Safestix&#8221; Apportierspielzeug<\/strong> ist die aktuellste Kreation von Kong. Das Hundespielzeug ist flexibel, biegsam und schwimmf\u00e4hig. Der Allrounder ist in drei unterschiedlichen Gr\u00f6\u00dfen erh\u00e4ltlich und somit prima f\u00fcr kleine und gro\u00dfe Hunde einsetzbar.<\/p>\n<table class=\"techdata\" border=\"0\" cellspacing=\"0\" cellpadding=\"0\">\n<tbody>\n<tr>\n<td class=\"spec\">Farbe<\/td>\n<td class=\"val\">pink, rot, gr\u00fcn, t\u00fcrkis (farblich sortiert)<\/td>\n<\/tr>\n<tr>\n<td class=\"spec\">Material<\/td>\n<td class=\"val\">Naturkautschuk<\/td>\n<\/tr>\n<tr>\n<td class=\"spec\">Gr\u00f6ssen<\/td>\n<td class=\"val\">\n<ul>\n<li>S 30cm<\/li>\n<li>M 50cm<\/li>\n<li>L 70cm<\/li>\n<\/ul>\n<\/td>\n<\/tr>\n<tr>\n<td class=\"spec\">Eigenschaften<\/td>\n<td class=\"val\">\n<ul>\n<li>ideales Wurf-, Apportier- und Zerrspielzeug<\/li>\n<li>flexibel, biegsam und schwimmf\u00e4hig<\/li>\n<li>ideal f\u00fcr kleine, gro\u00dfe und mherere Hunde &#8211; erh\u00e4ltliche Varianten von 30cm, 50cm und 70cm<\/li>\n<li>robuster und extrem haltbarer Naturkautschuk<\/li>\n<li>abgerundeten Enden, beugen Verletzungen beim Spielen und Toben vor<\/li>\n<li>durch auff\u00e4llige Farben sehr gut zu sehen<\/li>\n<li><b>tolle Alternative f\u00fcr alle Stock-begeisterten Hunde<\/b><\/li>\n<\/ul>\n<\/td>\n<\/tr>\n<\/tbody>\n<\/table>\n<h2>Kong Safestix Apportierspielzeug<\/h2>\n<p>Die spannende, innovative Form und die ausgefallene Oberfl\u00e4chenstruktur machen das <strong>Kong &#8220;Safestix&#8221; Apportierspielzeug<\/strong> zu einem fantastischen Wurf-, Apportier- und Zerrspielzeug. Die abgerundeten Enden, beugen Verletzungen beim Spielen und Toben vor.<\/p>\n<p>Tipp: Das Kong Hundespielzeug ist f\u00fcr die hochwertigen Materialien und die lange Lebensdauer bei Hund und Frauchen\/Herrchen beliebt.<\/p>\n","protected":false},"excerpt":{"rendered":"<p>Das Kong &#8220;Safestix&#8221; Apportierspielzeug ist die aktuellste Kreation von Kong. Das Hundespielzeug ist flexibel, biegsam und schwimmf\u00e4hig. Der Allrounder ist in drei unterschiedlichen Gr\u00f6\u00dfen erh\u00e4ltlich und somit prima f\u00fcr kleine und gro\u00dfe Hunde einsetzbar. Farbe pink, rot, gr\u00fcn, t\u00fcrkis (farblich sortiert) Material Naturkautschuk Gr\u00f6ssen S 30cm M 50cm L 70cm Eigenschaften ideales Wurf-, Apportier- und [&hellip;]<\/p>\n","protected":false},"featured_media":5048,"comment_status":"closed","ping_status":"closed","template":"","meta":[],"product_brand":[],"product_cat":[218],"product_tag":[],"class_list":{"0":"post-4865","1":"product","2":"type-product","3":"status-publish","4":"has-post-thumbnail","6":"product_cat-zum-werfen-zerren-jagen","7":"tm-no-options","9":"first","10":"instock","11":"taxable","12":"shipping-taxable","13":"product-type-variable"},"supplier_id":null,"supplier_sku":"","barcode":null,"atum_controlled":true,"out_stock_date":null,"out_stock_threshold":null,"inheritable":false,"inbound_stock":0,"stock_on_hold":0,"sold_today":0,"sales_last_days":0,"reserved_stock":0,"customer_returns":0,"warehouse_damage":0,"lost_in_post":0,"other_logs":0,"out_stock_days":0,"lost_sales":0,"has_location":false,"update_date":"2025-05-14T13:15:06","atum_locations":[],"atum_stock_status":"instock","restock_status":false,"low_stock_amount":"","sales_update_date":"2025-05-14T13:15:06","calc_backorders":null,"jetpack_sharing_enabled":true,"_links":{"self":[{"href":"https:\/\/www.go4dogs.de\/index.php?rest_route=\/wp\/v2\/product\/4865","targetHints":{"allow":["GET"]}}],"collection":[{"href":"https:\/\/www.go4dogs.de\/index.php?rest_route=\/wp\/v2\/product"}],"about":[{"href":"https:\/\/www.go4dogs.de\/index.php?rest_route=\/wp\/v2\/types\/product"}],"replies":[{"embeddable":true,"href":"https:\/\/www.go4dogs.de\/index.php?rest_route=%2Fwp%2Fv2%2Fcomments&post=4865"}],"wp:featuredmedia":[{"embeddable":true,"href":"https:\/\/www.go4dogs.de\/index.php?rest_route=\/wp\/v2\/media\/5048"}],"wp:attachment":[{"href":"https:\/\/www.go4dogs.de\/index.php?rest_route=%2Fwp%2Fv2%2Fmedia&parent=4865"}],"wp:term":[{"taxonomy":"product_brand","embeddable":true,"href":"https:\/\/www.go4dogs.de\/index.php?rest_route=%2Fwp%2Fv2%2Fproduct_brand&post=4865"},{"taxonomy":"product_cat","embeddable":true,"href":"https:\/\/www.go4dogs.de\/index.php?rest_route=%2Fwp%2Fv2%2Fproduct_cat&post=4865"},{"taxonomy":"product_tag","embeddable":true,"href":"https:\/\/www.go4dogs.de\/index.php?rest_route=%2Fwp%2Fv2%2Fproduct_tag&post=4865"}],"curies":[{"name":"wp","href":"https:\/\/api.w.org\/{rel}","templated":true}]}}