{"id":4863,"date":"2018-03-29T21:41:32","date_gmt":"2018-03-29T19:41:32","guid":{"rendered":"https:\/\/www.go4dogs.de\/?post_type=product&#038;p=4863"},"modified":"2024-12-01T20:55:52","modified_gmt":"2024-12-01T18:55:52","slug":"kong-standard-goodie-bone-rot","status":"publish","type":"product","link":"https:\/\/www.go4dogs.de\/?product=kong-standard-goodie-bone-rot","title":{"rendered":"Kong Standard Goodie Bone, rot"},"content":{"rendered":"<p>Der <strong>Kong Standard Goodie Bone, rot<\/strong> ist ein sehr stabiles Naturkatuschukspielzeug in Knochenform. Der Knochen l\u00e4\u00dft sich an beiden \u00d6ffnungen durch patentierten Goodie Gripper\u0099 \u00d6ffnungen einfach bef\u00fcllen.<\/p>\n<table class=\"techdata\" border=\"0\" cellspacing=\"0\" cellpadding=\"0\">\n<tbody>\n<tr>\n<td class=\"spec\">Farben<\/td>\n<td class=\"val\"><b>rot<\/b><\/td>\n<\/tr>\n<tr>\n<td class=\"spec\">Material<\/td>\n<td class=\"val\">Naturkautschuk<\/td>\n<\/tr>\n<tr>\n<td class=\"spec\">Gr\u00f6ssen<\/td>\n<td class=\"val\">\n<ul>\n<li>S ca. 5cm x 13cm<\/li>\n<li>M ca. 6,5 x 18cm<\/li>\n<li>L ca. 8,5 x 22cm<\/li>\n<\/ul>\n<\/td>\n<\/tr>\n<tr>\n<td class=\"spec\">Eigenschaften<\/td>\n<td class=\"val\">\n<ul>\n<li>auch f\u00fcr extrem kauende Hunde geeignet<\/li>\n<li>ideales Apportier- und Zerrspielzeug<\/li>\n<li>langlebiges Material<\/li>\n<li>pflegeleicht und leicht zu reinigen<\/li>\n<li>sehr robust und strapazierf\u00e4hig<\/li>\n<li>bef\u00fcllbar mit Hundesnacks, Nassfutter u.v.m.<\/li>\n<\/ul>\n<\/td>\n<\/tr>\n<\/tbody>\n<\/table>\n<h2>Kong Standard Goodie Bone, rot<\/h2>\n<p>Die drei erh\u00e4ltlichen Gr\u00f6\u00dfen machen den <strong>Kong Standard Goodie Bone in rot<\/strong> f\u00fcr kleine, mittelgro\u00dfe und gro\u00dfe Hunde einsetzbar. Egal ob zum Kauen, Werfen, Apportieren oder f\u00fcr Suchspiele &#8211; der Kong Goodie Bone bringt langanhaltenden Spielspa\u00df nach Hause.<\/p>\n","protected":false},"excerpt":{"rendered":"<p>Der Kong Standard Goodie Bone, rot ist ein sehr stabiles Naturkatuschukspielzeug in Knochenform. Der Knochen l\u00e4\u00dft sich an beiden \u00d6ffnungen durch patentierten Goodie Gripper\u0099 \u00d6ffnungen einfach bef\u00fcllen. Farben rot Material Naturkautschuk Gr\u00f6ssen S ca. 5cm x 13cm M ca. 6,5 x 18cm L ca. 8,5 x 22cm Eigenschaften auch f\u00fcr extrem kauende Hunde geeignet ideales [&hellip;]<\/p>\n","protected":false},"featured_media":4915,"comment_status":"closed","ping_status":"closed","template":"","meta":[],"product_brand":[],"product_cat":[219],"product_tag":[],"class_list":{"0":"post-4863","1":"product","2":"type-product","3":"status-publish","4":"has-post-thumbnail","6":"product_cat-zum-beschaeftigen","7":"tm-no-options","9":"first","10":"instock","11":"taxable","12":"shipping-taxable","13":"product-type-variable"},"supplier_id":null,"supplier_sku":"","barcode":null,"atum_controlled":true,"out_stock_date":null,"out_stock_threshold":null,"inheritable":false,"inbound_stock":0,"stock_on_hold":0,"sold_today":null,"sales_last_days":null,"reserved_stock":0,"customer_returns":0,"warehouse_damage":0,"lost_in_post":0,"other_logs":0,"out_stock_days":null,"lost_sales":null,"has_location":false,"update_date":"2024-12-01T18:55:54","atum_locations":[],"atum_stock_status":"instock","restock_status":false,"low_stock_amount":"","sales_update_date":"2023-01-14T16:32:29","calc_backorders":null,"jetpack_sharing_enabled":true,"_links":{"self":[{"href":"https:\/\/www.go4dogs.de\/index.php?rest_route=\/wp\/v2\/product\/4863","targetHints":{"allow":["GET"]}}],"collection":[{"href":"https:\/\/www.go4dogs.de\/index.php?rest_route=\/wp\/v2\/product"}],"about":[{"href":"https:\/\/www.go4dogs.de\/index.php?rest_route=\/wp\/v2\/types\/product"}],"replies":[{"embeddable":true,"href":"https:\/\/www.go4dogs.de\/index.php?rest_route=%2Fwp%2Fv2%2Fcomments&post=4863"}],"wp:featuredmedia":[{"embeddable":true,"href":"https:\/\/www.go4dogs.de\/index.php?rest_route=\/wp\/v2\/media\/4915"}],"wp:attachment":[{"href":"https:\/\/www.go4dogs.de\/index.php?rest_route=%2Fwp%2Fv2%2Fmedia&parent=4863"}],"wp:term":[{"taxonomy":"product_brand","embeddable":true,"href":"https:\/\/www.go4dogs.de\/index.php?rest_route=%2Fwp%2Fv2%2Fproduct_brand&post=4863"},{"taxonomy":"product_cat","embeddable":true,"href":"https:\/\/www.go4dogs.de\/index.php?rest_route=%2Fwp%2Fv2%2Fproduct_cat&post=4863"},{"taxonomy":"product_tag","embeddable":true,"href":"https:\/\/www.go4dogs.de\/index.php?rest_route=%2Fwp%2Fv2%2Fproduct_tag&post=4863"}],"curies":[{"name":"wp","href":"https:\/\/api.w.org\/{rel}","templated":true}]}}