{"id":4747,"date":"2018-03-24T13:45:33","date_gmt":"2018-03-24T11:45:33","guid":{"rendered":"https:\/\/www.go4dogs.de\/?post_type=product&#038;p=4747"},"modified":"2025-10-08T11:22:39","modified_gmt":"2025-10-08T09:22:39","slug":"rogz-hundeball-gumz","status":"publish","type":"product","link":"https:\/\/www.go4dogs.de\/?product=rogz-hundeball-gumz","title":{"rendered":"Rogz Hundeball Gumz"},"content":{"rendered":"<p><span style=\"display: inline !important; float: none; background-color: transparent; color: #454545; font-family: 'Open Sans',sans-serif; font-size: 14px; font-style: normal; font-variant: normal; font-weight: 400; letter-spacing: 1px; line-height: 24px; orphans: 2; text-align: justify; text-decoration: none; text-indent: 0px; text-transform: none; -webkit-text-stroke-width: 0px; white-space: normal; word-spacing: 0px;\">Der <\/span><strong>Rogz Hundeball &#8220;Gumz&#8221;<\/strong><span style=\"display: inline !important; float: none; background-color: transparent; color: #454545; font-family: 'Open Sans',sans-serif; font-size: 14px; font-style: normal; font-variant: normal; font-weight: 400; letter-spacing: 1px; line-height: 24px; orphans: 2; text-align: justify; text-decoration: none; text-indent: 0px; text-transform: none; -webkit-text-stroke-width: 0px; white-space: normal; word-spacing: 0px;\"> ist ein fantastisches Kau- und Wurfspielzeug aus extrem robusten Naturkautschuk. Der Rogz Ball l\u00e4\u00dft sich durch die beidseitigen \u00d6ffnungen wunderbar mit kleinen Leckerlies bef\u00fcllen. <\/span><\/p>\n<table class=\"techdata\" border=\"0\" cellspacing=\"0\" cellpadding=\"0\">\n<tbody>\n<tr>\n<td class=\"spec\">Farben<\/td>\n<td class=\"val\">rot, blau, orange, gr\u00fcn, pink<\/td>\n<\/tr>\n<tr>\n<td class=\"spec\">Material<\/td>\n<td class=\"val\">85% Naturkautschuk<\/td>\n<\/tr>\n<tr>\n<td class=\"spec\">Gr\u00f6ssen<\/td>\n<td class=\"val\">\n<ul>\n<li>S &#8211; ca. 5cm<\/li>\n<li>M &#8211; ca. 6,5cm<\/li>\n<li>L &#8211; ca. 8cm<\/li>\n<\/ul>\n<\/td>\n<\/tr>\n<tr>\n<td class=\"spec\">Eigenschaften<\/td>\n<td class=\"val\">\n<ul>\n<li>hochwertiger, isolierender, rei\u00df- und rutschfester Naturkautschuk<\/li>\n<li>nicht toxisch f\u00fcr Hund und Mensch<\/li>\n<li>mit Leckerlies bef\u00fcllbar<\/li>\n<li>robust &amp; langlebig<\/li>\n<li>leicht aufzunehmen und zu tragen<\/li>\n<li>hervorragende Sprungkraft<\/li>\n<li>tolles Wurf- und Apportierspielzeug<\/li>\n<li>Bei\u00dfometer 4 von 5 Punkte<\/li>\n<\/ul>\n<\/td>\n<\/tr>\n<\/tbody>\n<\/table>\n<h2>Rogz Hundeball Gumz<\/h2>\n<p>Der <strong>Rogz Hundeball &#8220;Gumz&#8221;<\/strong> ist in drei Gr\u00f6\u00dfen und f\u00fcnf bunten Farben erh\u00e4ltlich. Der Ball l\u00e4\u00dft sich prima als Wurf-, Futter- und\/oder Apportierspielzeug einsetzen. Mit dem Gumz Ball von Rogz ist ein langanhaltender Spielspa\u00df f\u00fcr junge, alte, kleine und gro\u00dfe Hunde garantiert.<\/p>\n<p>Tipp: Sie ben\u00f6tigen f\u00fcr Ihren Hund ein stabiles Spielzeug? Sie finden bei uns eine gro\u00dfe Auswahl an robustem Hundespielzeug.<\/p>\n","protected":false},"excerpt":{"rendered":"<p>Der Rogz Hundeball &#8220;Gumz&#8221; ist ein fantastisches Kau- und Wurfspielzeug aus extrem robusten Naturkautschuk. Der Rogz Ball l\u00e4\u00dft sich durch die beidseitigen \u00d6ffnungen wunderbar mit kleinen Leckerlies bef\u00fcllen. Farben rot, blau, orange, gr\u00fcn, pink Material 85% Naturkautschuk Gr\u00f6ssen S &#8211; ca. 5cm M &#8211; ca. 6,5cm L &#8211; ca. 8cm Eigenschaften hochwertiger, isolierender, rei\u00df- und [&hellip;]<\/p>\n","protected":false},"featured_media":4750,"comment_status":"closed","ping_status":"closed","template":"","meta":[],"product_brand":[],"product_cat":[218],"product_tag":[],"class_list":{"0":"post-4747","1":"product","2":"type-product","3":"status-publish","4":"has-post-thumbnail","6":"product_cat-zum-werfen-zerren-jagen","7":"tm-no-options","9":"first","10":"outofstock","11":"taxable","12":"shipping-taxable","13":"product-type-variable"},"supplier_id":null,"supplier_sku":"","barcode":null,"atum_controlled":true,"out_stock_date":null,"out_stock_threshold":null,"inheritable":true,"inbound_stock":0,"stock_on_hold":1,"sold_today":1,"sales_last_days":1,"reserved_stock":0,"customer_returns":0,"warehouse_damage":0,"lost_in_post":0,"other_logs":0,"out_stock_days":null,"lost_sales":0,"has_location":false,"update_date":"2025-10-08T09:22:41","atum_locations":[],"atum_stock_status":"outofstock","restock_status":false,"low_stock_amount":"","sales_update_date":"2024-05-21T09:08:48","calc_backorders":null,"jetpack_sharing_enabled":true,"_links":{"self":[{"href":"https:\/\/www.go4dogs.de\/index.php?rest_route=\/wp\/v2\/product\/4747","targetHints":{"allow":["GET"]}}],"collection":[{"href":"https:\/\/www.go4dogs.de\/index.php?rest_route=\/wp\/v2\/product"}],"about":[{"href":"https:\/\/www.go4dogs.de\/index.php?rest_route=\/wp\/v2\/types\/product"}],"replies":[{"embeddable":true,"href":"https:\/\/www.go4dogs.de\/index.php?rest_route=%2Fwp%2Fv2%2Fcomments&post=4747"}],"wp:featuredmedia":[{"embeddable":true,"href":"https:\/\/www.go4dogs.de\/index.php?rest_route=\/wp\/v2\/media\/4750"}],"wp:attachment":[{"href":"https:\/\/www.go4dogs.de\/index.php?rest_route=%2Fwp%2Fv2%2Fmedia&parent=4747"}],"wp:term":[{"taxonomy":"product_brand","embeddable":true,"href":"https:\/\/www.go4dogs.de\/index.php?rest_route=%2Fwp%2Fv2%2Fproduct_brand&post=4747"},{"taxonomy":"product_cat","embeddable":true,"href":"https:\/\/www.go4dogs.de\/index.php?rest_route=%2Fwp%2Fv2%2Fproduct_cat&post=4747"},{"taxonomy":"product_tag","embeddable":true,"href":"https:\/\/www.go4dogs.de\/index.php?rest_route=%2Fwp%2Fv2%2Fproduct_tag&post=4747"}],"curies":[{"name":"wp","href":"https:\/\/api.w.org\/{rel}","templated":true}]}}