{"id":4716,"date":"2018-03-24T13:08:21","date_gmt":"2018-03-24T11:08:21","guid":{"rendered":"https:\/\/www.go4dogs.de\/?post_type=product&#038;p=4716"},"modified":"2024-11-12T18:18:42","modified_gmt":"2024-11-12T16:18:42","slug":"tau-spielzeug-wurfball","status":"publish","type":"product","link":"https:\/\/www.go4dogs.de\/?product=tau-spielzeug-wurfball","title":{"rendered":"Tau-Spielzeug Wurfball"},"content":{"rendered":"<p>Das Treusinn Tau-Spielzeug Wurfball aus hochwertigem Segeltau eignet sich hervorragend f\u00fcr Apportier\u00fcbungen und Zerrspiele mit Ihrem Vierbeiner. Dank praktischer Handschlaufe haben Herrchen und Frauchen das Spielzeug aus Tauwerk fest im Griff. Durch sein Eigengewicht und dem Ball am Ende der Schlaufe, l\u00e4sst sich das Tauspielzeug hervorragend werfen und ist auch f\u00fcr \u00dcbungen im Wasser geeignet. Der Wurfball\u00a0schwimmt\u00a0auf der Wasseroberfl\u00e4che und ist dadurch f\u00fcr den Hund gut greifbar und sichtbar.\u00a0Ganz nebenbei reinigt das Tau die Z\u00e4hne des Hundes und st\u00e4rkt sein Gebiss. Ein tolles Spielzeug f\u00fcr aktive Hunde.<\/p>\n<p>Handgefertigt in einer Werkstatt f\u00fcr Menschen mit Behinderungen.<\/p>\n<table id=\"zebra\" border=\"0\">\n<tbody>\n<tr>\n<td valign=\"top\">Gr\u00f6\u00dfen:<\/td>\n<td>Klein I 35 cm L\u00e4nge, \u00d8 ca. 6,5 cm<br \/>\nGro\u00df I 45 cm L\u00e4nge, \u00d8 ca. 8 cm<\/td>\n<\/tr>\n<tr>\n<td>Farbe:<\/td>\n<td>Hanf<\/td>\n<\/tr>\n<tr>\n<td>Material:<\/td>\n<td>Stabiles Segeltau \u201eMade in Germany\u201c<br \/>\n100% Polypropylen<\/td>\n<\/tr>\n<tr>\n<td>Pflege:<\/td>\n<td>Maschinenwaschbar bei 30 Grad<\/td>\n<\/tr>\n<\/tbody>\n<\/table>\n<p>Der Wurfball ist kein Kauspielzeug.<br \/>\nBeaufsichtigen Sie ihr Tier beim Spiel.<\/p>\n","protected":false},"excerpt":{"rendered":"<p>Das Treusinn Tau-Spielzeug Wurfball aus hochwertigem Segeltau eignet sich hervorragend f\u00fcr Apportier\u00fcbungen und Zerrspiele mit Ihrem Vierbeiner. Dank praktischer Handschlaufe haben Herrchen und Frauchen das Spielzeug aus Tauwerk fest im Griff. Durch sein Eigengewicht und dem Ball am Ende der Schlaufe, l\u00e4sst sich das Tauspielzeug hervorragend werfen und ist auch f\u00fcr \u00dcbungen im Wasser geeignet. [&hellip;]<\/p>\n","protected":false},"featured_media":4724,"comment_status":"closed","ping_status":"closed","template":"","meta":[],"product_brand":[],"product_cat":[218],"product_tag":[],"class_list":{"0":"post-4716","1":"product","2":"type-product","3":"status-publish","4":"has-post-thumbnail","6":"product_cat-zum-werfen-zerren-jagen","7":"tm-no-options","9":"first","10":"instock","11":"taxable","12":"shipping-taxable","13":"product-type-variable"},"supplier_id":null,"supplier_sku":"","barcode":null,"atum_controlled":true,"out_stock_date":null,"out_stock_threshold":null,"inheritable":false,"inbound_stock":0,"stock_on_hold":0,"sold_today":null,"sales_last_days":null,"reserved_stock":0,"customer_returns":0,"warehouse_damage":0,"lost_in_post":0,"other_logs":0,"out_stock_days":null,"lost_sales":null,"has_location":false,"update_date":"2024-11-12T16:18:44","atum_locations":[],"atum_stock_status":"instock","restock_status":false,"low_stock_amount":"","sales_update_date":"2024-05-21T09:12:18","calc_backorders":null,"jetpack_sharing_enabled":true,"_links":{"self":[{"href":"https:\/\/www.go4dogs.de\/index.php?rest_route=\/wp\/v2\/product\/4716","targetHints":{"allow":["GET"]}}],"collection":[{"href":"https:\/\/www.go4dogs.de\/index.php?rest_route=\/wp\/v2\/product"}],"about":[{"href":"https:\/\/www.go4dogs.de\/index.php?rest_route=\/wp\/v2\/types\/product"}],"replies":[{"embeddable":true,"href":"https:\/\/www.go4dogs.de\/index.php?rest_route=%2Fwp%2Fv2%2Fcomments&post=4716"}],"wp:featuredmedia":[{"embeddable":true,"href":"https:\/\/www.go4dogs.de\/index.php?rest_route=\/wp\/v2\/media\/4724"}],"wp:attachment":[{"href":"https:\/\/www.go4dogs.de\/index.php?rest_route=%2Fwp%2Fv2%2Fmedia&parent=4716"}],"wp:term":[{"taxonomy":"product_brand","embeddable":true,"href":"https:\/\/www.go4dogs.de\/index.php?rest_route=%2Fwp%2Fv2%2Fproduct_brand&post=4716"},{"taxonomy":"product_cat","embeddable":true,"href":"https:\/\/www.go4dogs.de\/index.php?rest_route=%2Fwp%2Fv2%2Fproduct_cat&post=4716"},{"taxonomy":"product_tag","embeddable":true,"href":"https:\/\/www.go4dogs.de\/index.php?rest_route=%2Fwp%2Fv2%2Fproduct_tag&post=4716"}],"curies":[{"name":"wp","href":"https:\/\/api.w.org\/{rel}","templated":true}]}}