{"id":4688,"date":"2018-03-24T12:54:42","date_gmt":"2018-03-24T10:54:42","guid":{"rendered":"https:\/\/www.go4dogs.de\/?post_type=product&#038;p=4688"},"modified":"2024-11-12T18:18:42","modified_gmt":"2024-11-12T16:18:42","slug":"hundespielzeug-original-spiely-xl","status":"publish","type":"product","link":"https:\/\/www.go4dogs.de\/?product=hundespielzeug-original-spiely-xl","title":{"rendered":"Hundespielzeug Original Spiely XL"},"content":{"rendered":"<p>Maximaler Spielspa\u00df f\u00fcr Hund &amp; Mensch: Das Original Spiely XL von Treusinn ist ideal zum Zerren, Werfen, Suchen und Apportieren. Eine langlebige Alternative zu St\u00f6ckchen, Ball und Co! Das robuste Hundespielzeug aus leichtem Tauwerk schwimmt im Wasser und trotzt jedem Wetter. Seine Wasseraufnahmef\u00e4higkeit ist gleich Null. Durch seine robuste Struktur reinigt das Spiely au\u00dferdem die Z\u00e4hne des Hundes. Und: Das praktische Hundespielzeug passt in fast jede Hosentasche. Ein sch\u00f6nes Mitbringsel oder Geschenk \u2013 und der eigene Hund freut sich sicher auch.<\/p>\n<p>Handgefertigt in einer Werkstatt f\u00fcr Menschen mit Behinderungen.<\/p>\n<table id=\"zebra\" border=\"0\">\n<tbody>\n<tr>\n<td valign=\"top\">Gr\u00f6\u00dfe:<\/td>\n<td>40 cm L\u00e4nge, \u00d8 ca. 4,5 cm<\/td>\n<\/tr>\n<tr>\n<td>Farben:<\/td>\n<td>Rot, Smaragdgr\u00fcn, Lila, Pink<\/td>\n<\/tr>\n<tr>\n<td>Material:<\/td>\n<td>Stabiles Segeltau \u201eMade in Germany\u201c<br \/>\n100% Polypropylen<\/td>\n<\/tr>\n<tr>\n<td>Pflege:<\/td>\n<td>Maschinenwaschbar bei 30 Grad<\/td>\n<\/tr>\n<\/tbody>\n<\/table>\n<p>Das Spiely ist kein Kauspielzeug.<br \/>\nBeaufsichtigen Sie ihr Tier beim Spiel.<br \/>\nGebrauchsmustergesch\u00fctzt.<\/p>\n","protected":false},"excerpt":{"rendered":"<p>Maximaler Spielspa\u00df f\u00fcr Hund &amp; Mensch: Das Original Spiely XL von Treusinn ist ideal zum Zerren, Werfen, Suchen und Apportieren. Eine langlebige Alternative zu St\u00f6ckchen, Ball und Co! Das robuste Hundespielzeug aus leichtem Tauwerk schwimmt im Wasser und trotzt jedem Wetter. Seine Wasseraufnahmef\u00e4higkeit ist gleich Null. Durch seine robuste Struktur reinigt das Spiely au\u00dferdem die [&hellip;]<\/p>\n","protected":false},"featured_media":4692,"comment_status":"closed","ping_status":"closed","template":"","meta":[],"product_brand":[],"product_cat":[218],"product_tag":[],"class_list":{"0":"post-4688","1":"product","2":"type-product","3":"status-publish","4":"has-post-thumbnail","6":"product_cat-zum-werfen-zerren-jagen","7":"tm-no-options","9":"first","10":"instock","11":"taxable","12":"shipping-taxable","13":"product-type-variable"},"supplier_id":null,"supplier_sku":"","barcode":null,"atum_controlled":true,"out_stock_date":null,"out_stock_threshold":null,"inheritable":false,"inbound_stock":0,"stock_on_hold":0,"sold_today":null,"sales_last_days":null,"reserved_stock":0,"customer_returns":0,"warehouse_damage":0,"lost_in_post":0,"other_logs":0,"out_stock_days":null,"lost_sales":null,"has_location":false,"update_date":"2024-11-12T16:18:44","atum_locations":[],"atum_stock_status":"instock","restock_status":false,"low_stock_amount":"","sales_update_date":"2024-05-21T09:12:19","calc_backorders":null,"jetpack_sharing_enabled":true,"_links":{"self":[{"href":"https:\/\/www.go4dogs.de\/index.php?rest_route=\/wp\/v2\/product\/4688","targetHints":{"allow":["GET"]}}],"collection":[{"href":"https:\/\/www.go4dogs.de\/index.php?rest_route=\/wp\/v2\/product"}],"about":[{"href":"https:\/\/www.go4dogs.de\/index.php?rest_route=\/wp\/v2\/types\/product"}],"replies":[{"embeddable":true,"href":"https:\/\/www.go4dogs.de\/index.php?rest_route=%2Fwp%2Fv2%2Fcomments&post=4688"}],"wp:featuredmedia":[{"embeddable":true,"href":"https:\/\/www.go4dogs.de\/index.php?rest_route=\/wp\/v2\/media\/4692"}],"wp:attachment":[{"href":"https:\/\/www.go4dogs.de\/index.php?rest_route=%2Fwp%2Fv2%2Fmedia&parent=4688"}],"wp:term":[{"taxonomy":"product_brand","embeddable":true,"href":"https:\/\/www.go4dogs.de\/index.php?rest_route=%2Fwp%2Fv2%2Fproduct_brand&post=4688"},{"taxonomy":"product_cat","embeddable":true,"href":"https:\/\/www.go4dogs.de\/index.php?rest_route=%2Fwp%2Fv2%2Fproduct_cat&post=4688"},{"taxonomy":"product_tag","embeddable":true,"href":"https:\/\/www.go4dogs.de\/index.php?rest_route=%2Fwp%2Fv2%2Fproduct_tag&post=4688"}],"curies":[{"name":"wp","href":"https:\/\/api.w.org\/{rel}","templated":true}]}}