{"id":2787,"date":"2017-05-01T20:53:50","date_gmt":"2017-05-01T18:53:50","guid":{"rendered":"https:\/\/www.go4dogs.de\/?post_type=product&#038;p=2787"},"modified":"2024-11-20T10:45:23","modified_gmt":"2024-11-20T08:45:23","slug":"lilalovesit-pfoetchenpflege","status":"publish","type":"product","link":"https:\/\/www.go4dogs.de\/?product=lilalovesit-pfoetchenpflege","title":{"rendered":"Lila Loves It &#8211; Pf\u00f6tchenpflege"},"content":{"rendered":"<h2>Die PF\u00d6TCHENPFLEGE von LILA LOVES IT \u2013 unsere Nummer 1 bei der Pfotenpflege!<\/h2>\n<p>Die PF\u00d6TCHENPFLEGE sch\u00fctzt die empfindlichen Pfoten besonders im Winter vor Streusalz und Splitt. Bei kleineren Verletzungen \u2013 wie Kratzern und Rissen \u2013 wirken die hochwertigen Inhaltsstoffe Ringelblume, Bienenwachs, Kokos-, Aprikosenkern- und Rosen\u00f6l f\u00f6rdernd bei der Heilung. Die Widerstandsf\u00e4higkeit der Ballen wird gest\u00e4rkt. Die Haut ist gesch\u00fctzt gegen mechanische Einfl\u00fcsse und wird zudem geschmeidig gepflegt. Ungewollten Verh\u00e4rtungen wirkt die\u00a0PF\u00d6TCHENPFLEGE aktiv entgegen.<\/p>\n<p>&nbsp;<\/p>\n<h2>Bei Liegeschwielen hilft\u00a0unsere PF\u00d6TCHENPFLEGE<\/h2>\n<p>Auch bei\u00a0Liegeschwielen ist die Anwendung der PF\u00d6TCHENPFLEGE sehr empfehlenswert. Die Haut bildet bei Liegeschwielen durch dauerhafte Druckbelastung eine dicke, verhornte Schutzschicht. Diese entsteht meist an Stellen, an denen die Haut des Hundes direkt \u00fcber vorstehenden Knochenpunkten liegt, z. B. am Ellenbogen, am Sprunggelenk oder am Brustbein. Wenn in der dicker werdenden, krustigen Oberfl\u00e4che Risse entstehen, k\u00f6nnen Bakterien eindringen und zu n\u00e4ssenden bzw. eitrigen Entz\u00fcndungen f\u00fchren. Durch das Auftragen der PF\u00d6TCHENPFLEGE bleibt die Haut weich, vorhandene Schwielen werden gemindert. Vorsorglich aufgetragen, beugt die PF\u00d6TCHENPFLEGE Liegeschwielen vor.<\/p>\n","protected":false},"excerpt":{"rendered":"<p>Pf\u00f6tchenpflege von Lila Loves It<\/p>\n","protected":false},"featured_media":2789,"comment_status":"closed","ping_status":"closed","template":"","meta":[],"product_brand":[],"product_cat":[235],"product_tag":[],"class_list":{"0":"post-2787","1":"product","2":"type-product","3":"status-publish","4":"has-post-thumbnail","6":"product_cat-alles-fuer-die-pflege","7":"tm-no-options","9":"first","10":"instock","11":"taxable","12":"shipping-taxable","13":"product-type-simple"},"supplier_id":null,"supplier_sku":"","barcode":null,"atum_controlled":true,"out_stock_date":null,"out_stock_threshold":null,"inheritable":false,"inbound_stock":null,"stock_on_hold":0,"sold_today":0,"sales_last_days":1,"reserved_stock":null,"customer_returns":null,"warehouse_damage":null,"lost_in_post":null,"other_logs":null,"out_stock_days":0,"lost_sales":0,"has_location":false,"update_date":"2024-11-20T09:43:18","atum_locations":[],"atum_stock_status":"instock","restock_status":false,"low_stock_amount":"","sales_update_date":"2024-11-20T09:43:18","calc_backorders":null,"jetpack_sharing_enabled":true,"_links":{"self":[{"href":"https:\/\/www.go4dogs.de\/index.php?rest_route=\/wp\/v2\/product\/2787","targetHints":{"allow":["GET"]}}],"collection":[{"href":"https:\/\/www.go4dogs.de\/index.php?rest_route=\/wp\/v2\/product"}],"about":[{"href":"https:\/\/www.go4dogs.de\/index.php?rest_route=\/wp\/v2\/types\/product"}],"replies":[{"embeddable":true,"href":"https:\/\/www.go4dogs.de\/index.php?rest_route=%2Fwp%2Fv2%2Fcomments&post=2787"}],"wp:featuredmedia":[{"embeddable":true,"href":"https:\/\/www.go4dogs.de\/index.php?rest_route=\/wp\/v2\/media\/2789"}],"wp:attachment":[{"href":"https:\/\/www.go4dogs.de\/index.php?rest_route=%2Fwp%2Fv2%2Fmedia&parent=2787"}],"wp:term":[{"taxonomy":"product_brand","embeddable":true,"href":"https:\/\/www.go4dogs.de\/index.php?rest_route=%2Fwp%2Fv2%2Fproduct_brand&post=2787"},{"taxonomy":"product_cat","embeddable":true,"href":"https:\/\/www.go4dogs.de\/index.php?rest_route=%2Fwp%2Fv2%2Fproduct_cat&post=2787"},{"taxonomy":"product_tag","embeddable":true,"href":"https:\/\/www.go4dogs.de\/index.php?rest_route=%2Fwp%2Fv2%2Fproduct_tag&post=2787"}],"curies":[{"name":"wp","href":"https:\/\/api.w.org\/{rel}","templated":true}]}}