{"id":2783,"date":"2017-05-01T20:42:57","date_gmt":"2017-05-01T18:42:57","guid":{"rendered":"https:\/\/www.go4dogs.de\/?post_type=product&#038;p=2783"},"modified":"2024-11-12T18:17:50","modified_gmt":"2024-11-12T16:17:50","slug":"lilalovesit-anti-tique-spray","status":"publish","type":"product","link":"https:\/\/www.go4dogs.de\/?product=lilalovesit-anti-tique-spray","title":{"rendered":"Lila Loves It &#8211; Anti-Tique Spray 100ml"},"content":{"rendered":"<h2>NAT\u00dcRLICHER ZECKENSCHUTZ f\u00fcr Mensch und Tier<\/h2>\n<p>Das ANTI-TIQUE SPRAY bietet wirksamen und nat\u00fcrlichen <b>Zeckenschutz<\/b>. Dar\u00fcber hinaus sch\u00fctzt es vor FL\u00d6HEN, M\u00dcCKEN und weiteren Insekten. Die nat\u00fcrliche Formel des ANTI-TIQUE SPRAYs ist einzigartig und macht es besonders vertr\u00e4glich. Nat\u00fcrliche Inhaltsstoffe wie der Zitronen-Eukalyptus Extrakt \u201eCitriodiol\u00ae\u201c, Lavendel und Bio-Kokos\u00f6l wirken zugleich effektiv im Schutz und dank hochwertiger \u00d6le pflegend auf die Haut. Dank seiner guten Vertr\u00e4glichkeit ist das ANTI-TIQUE SPRAY auch f\u00fcr Welpen geeignet.<\/p>\n<h2>Das ANTI-TIQUE SPRAY \u2013 ein verl\u00e4ssliches Repellent<\/h2>\n<p>Repellente sind Stoffe, die l\u00e4stiges Ungeziefer \u00fcber ihren Geruch vertreiben. Zecken, Fl\u00f6he, M\u00fccken und weitere Insekten werden hierdurch fern gehalten. Dies gelingt dem ANTI-TiQUE SPRAY auf vollkommen nat\u00fcrliche Weise ohne chemische Inhaltsstoffe. Eine echte und rein pflanzliche Alternative zu chemischen Produkten oder Spot On Pr\u00e4paraten.<\/p>\n<h2>Zeckenschutz f\u00fcr Unterwegs<\/h2>\n<p>Das ANTI-TIQUE SPRAY von LILA LOVES IT ist der ideale Begleiter f\u00fcr Unterwegs.\u00a0Einmal aufgetragen ist der Mensch und sein vierbeiniger Liebling f\u00fcr bis zu vier Stunden zuverl\u00e4ssig gesch\u00fctzt. Vor dem Spaziergang einfach auf das Fell oder die Haut aufspr\u00fchen und schon l\u00e4sst sich die Outdoorsaison ausgiebig genie\u00dfen. Bei Tieren die sich nicht so gerne einspr\u00fchen lassen, kann das ANTI-TIQUE SPRAY auch ganz einfach auf die Hand aufgespr\u00fcht und anschlie\u00dfend mit den H\u00e4nden im Fell verteilt werden.<\/p>\n<ul>\n<li><strong>Biozidprodukte vorsichtig verwenden.<\/strong><\/li>\n<li><strong>Vor Gebrauch stets Etikett und Produktinformationen lesen.<\/strong><\/li>\n<\/ul>\n<p>&nbsp;<\/p>\n","protected":false},"excerpt":{"rendered":"<p>Nat\u00fcrlicher Zeckenschutz\u00a0von Lila Loves It<\/p>\n","protected":false},"featured_media":2785,"comment_status":"closed","ping_status":"closed","template":"","meta":[],"product_brand":[],"product_cat":[236],"product_tag":[],"class_list":{"0":"post-2783","1":"product","2":"type-product","3":"status-publish","4":"has-post-thumbnail","6":"product_cat-nahrungsergaenzung-und-apotheke","7":"tm-no-options","9":"first","10":"instock","11":"taxable","12":"shipping-taxable","13":"product-type-simple"},"supplier_id":null,"supplier_sku":"","barcode":null,"atum_controlled":true,"out_stock_date":null,"out_stock_threshold":null,"inheritable":false,"inbound_stock":null,"stock_on_hold":1,"sold_today":0,"sales_last_days":0,"reserved_stock":null,"customer_returns":null,"warehouse_damage":null,"lost_in_post":null,"other_logs":null,"out_stock_days":0,"lost_sales":0,"has_location":false,"update_date":"2024-11-12T16:17:53","atum_locations":[],"atum_stock_status":"instock","restock_status":false,"low_stock_amount":"","sales_update_date":"2024-05-13T13:19:48","calc_backorders":null,"jetpack_sharing_enabled":true,"_links":{"self":[{"href":"https:\/\/www.go4dogs.de\/index.php?rest_route=\/wp\/v2\/product\/2783","targetHints":{"allow":["GET"]}}],"collection":[{"href":"https:\/\/www.go4dogs.de\/index.php?rest_route=\/wp\/v2\/product"}],"about":[{"href":"https:\/\/www.go4dogs.de\/index.php?rest_route=\/wp\/v2\/types\/product"}],"replies":[{"embeddable":true,"href":"https:\/\/www.go4dogs.de\/index.php?rest_route=%2Fwp%2Fv2%2Fcomments&post=2783"}],"wp:featuredmedia":[{"embeddable":true,"href":"https:\/\/www.go4dogs.de\/index.php?rest_route=\/wp\/v2\/media\/2785"}],"wp:attachment":[{"href":"https:\/\/www.go4dogs.de\/index.php?rest_route=%2Fwp%2Fv2%2Fmedia&parent=2783"}],"wp:term":[{"taxonomy":"product_brand","embeddable":true,"href":"https:\/\/www.go4dogs.de\/index.php?rest_route=%2Fwp%2Fv2%2Fproduct_brand&post=2783"},{"taxonomy":"product_cat","embeddable":true,"href":"https:\/\/www.go4dogs.de\/index.php?rest_route=%2Fwp%2Fv2%2Fproduct_cat&post=2783"},{"taxonomy":"product_tag","embeddable":true,"href":"https:\/\/www.go4dogs.de\/index.php?rest_route=%2Fwp%2Fv2%2Fproduct_tag&post=2783"}],"curies":[{"name":"wp","href":"https:\/\/api.w.org\/{rel}","templated":true}]}}