{"id":2511,"date":"2017-04-20T17:28:12","date_gmt":"2017-04-20T15:28:12","guid":{"rendered":"https:\/\/www.go4dogs.de\/?post_type=product&#038;p=2511"},"modified":"2024-11-12T18:17:51","modified_gmt":"2024-11-12T16:17:51","slug":"lilalovesit-silberspray","status":"publish","type":"product","link":"https:\/\/www.go4dogs.de\/?product=lilalovesit-silberspray","title":{"rendered":"Lila Loves It &#8211; Silberspray 50ml"},"content":{"rendered":"<h1 class=\"product_title entry-title\">SILBERSPRAY<\/h1>\n<h2>Antiseptische Wundversorgung \u2013 schnelle und effektive Hilfe mit Mikrosilber<\/h2>\n<p>SILBERSPRAY + ALOE VERA\u00a0wird zur Erstversorgung von Verletzungen, Wunden, Absch\u00fcrfungen oder nach Operationen eingesetzt und direkt auf die zu versorgende Hautpartie aufgespr\u00fcht. Diese Behandlung ist leicht und absolut schmerzfrei und kann auch gro\u00dffl\u00e4chig durchgef\u00fchrt werden.\u00a0Auch bei Ekzemen und Pilzbefall ist das SILBERSPRAY + ALOE VERA eine verl\u00e4ssliche St\u00fctze f\u00fcr die Regeneration der Haut.<\/p>\n<h2>Hyaluron, Aloe Vera und Mikrosilber \u2013 unser bew\u00e4hrtes Wundschutz-Trio!<\/h2>\n<p>Hyaluron wirkt wie ein \u201eTurbo\u201c unterst\u00fctzend im Aufbau neuer Hautstrukturen. Mit seiner au\u00dfergew\u00f6hnlich starken F\u00e4higkeit 7000-fach zu seinem Eigengewicht Wasser zu binden, verbessert Hyaluron somit den Feuchtigkeits- und N\u00e4hrstoffaustausch w\u00e4hrend der Wundheilung. Neben seinen antientz\u00fcndlichen Eigenschaften verbessert Hyaluron die Zellaktivit\u00e4t.<\/p>\n<p>Die Aloe Vera ist f\u00fcr ihre entz\u00fcndungshemmende Wirkung bekannt. Sie lindert gereizte Haut und unterst\u00fctzt in der Wundheilung. Mikro Silber wirkt leicht antiseptisch und verbleibt nachweislich nach der Applikation auf der Haut ohne einzudringen. Das SILBERSPRAY von LILA LOVES IT \u2013 Ein unverzichtbarer Helfer f\u00fcr jeden Tierbesitzer.<\/p>\n","protected":false},"excerpt":{"rendered":"<p>Shampoo\u00a0sensitive<br \/>\nf\u00fcr Welpen &amp;\u00a0empfindsame Haut\u00a0von Lila Loves It<\/p>\n","protected":false},"featured_media":8139,"comment_status":"closed","ping_status":"closed","template":"","meta":[],"product_brand":[],"product_cat":[236],"product_tag":[],"class_list":{"0":"post-2511","1":"product","2":"type-product","3":"status-publish","4":"has-post-thumbnail","6":"product_cat-nahrungsergaenzung-und-apotheke","7":"tm-no-options","9":"first","10":"instock","11":"taxable","12":"shipping-taxable","13":"product-type-simple"},"supplier_id":null,"supplier_sku":"","barcode":null,"atum_controlled":true,"out_stock_date":null,"out_stock_threshold":null,"inheritable":false,"inbound_stock":null,"stock_on_hold":1,"sold_today":0,"sales_last_days":0,"reserved_stock":null,"customer_returns":null,"warehouse_damage":null,"lost_in_post":null,"other_logs":null,"out_stock_days":0,"lost_sales":0,"has_location":false,"update_date":"2024-11-12T16:17:53","atum_locations":[],"atum_stock_status":"instock","restock_status":false,"low_stock_amount":"","sales_update_date":"2024-05-13T13:19:48","calc_backorders":null,"jetpack_sharing_enabled":true,"_links":{"self":[{"href":"https:\/\/www.go4dogs.de\/index.php?rest_route=\/wp\/v2\/product\/2511","targetHints":{"allow":["GET"]}}],"collection":[{"href":"https:\/\/www.go4dogs.de\/index.php?rest_route=\/wp\/v2\/product"}],"about":[{"href":"https:\/\/www.go4dogs.de\/index.php?rest_route=\/wp\/v2\/types\/product"}],"replies":[{"embeddable":true,"href":"https:\/\/www.go4dogs.de\/index.php?rest_route=%2Fwp%2Fv2%2Fcomments&post=2511"}],"wp:featuredmedia":[{"embeddable":true,"href":"https:\/\/www.go4dogs.de\/index.php?rest_route=\/wp\/v2\/media\/8139"}],"wp:attachment":[{"href":"https:\/\/www.go4dogs.de\/index.php?rest_route=%2Fwp%2Fv2%2Fmedia&parent=2511"}],"wp:term":[{"taxonomy":"product_brand","embeddable":true,"href":"https:\/\/www.go4dogs.de\/index.php?rest_route=%2Fwp%2Fv2%2Fproduct_brand&post=2511"},{"taxonomy":"product_cat","embeddable":true,"href":"https:\/\/www.go4dogs.de\/index.php?rest_route=%2Fwp%2Fv2%2Fproduct_cat&post=2511"},{"taxonomy":"product_tag","embeddable":true,"href":"https:\/\/www.go4dogs.de\/index.php?rest_route=%2Fwp%2Fv2%2Fproduct_tag&post=2511"}],"curies":[{"name":"wp","href":"https:\/\/api.w.org\/{rel}","templated":true}]}}