{"id":2509,"date":"2017-04-20T17:23:28","date_gmt":"2017-04-20T15:23:28","guid":{"rendered":"https:\/\/www.go4dogs.de\/?post_type=product&#038;p=2509"},"modified":"2024-11-12T18:17:51","modified_gmt":"2024-11-12T16:17:51","slug":"lilalovesit-ohr-reiniger","status":"publish","type":"product","link":"https:\/\/www.go4dogs.de\/?product=lilalovesit-ohr-reiniger","title":{"rendered":"Lila Loves It &#8211; Ohr-Reiniger 100ml"},"content":{"rendered":"<h1 class=\"product_title entry-title\">OHR-REINIGER<\/h1>\n<h2><b><\/b>Der OHR-REINIGER \u2013 das Wunder gegen Schmutz, Juckreiz und Ohrensch\u00fctteln<\/h2>\n<p>Der OHR-REINIGER l\u00f6st schonend festsitzenden Ohrenschmalz, mindert den Juckreiz und befreit den Geh\u00f6rgang von unangenehmen Ger\u00fcchen. Er beugt Entz\u00fcndungen, Bakterien- und Pilzbefall vor. L\u00e4stiges und schmerzhaftes Ohrensch\u00fctteln wird reduziert. Der OHR-REINIGER erzeugt ein mild saures, f\u00fcr Milben, Pilze und Bakterien ungeeignetes, Milieu.<\/p>\n<h2>Saubere Ohren \u2013 dank pflanzlicher Inhaltsstoffe, ganz ohne Alkohol!<\/h2>\n<p>DER OHR-REINIGER gl\u00e4nzt durch rein nat\u00fcrliche Inhaltsstoffe. Nat\u00fcrliche Milchs\u00e4ure kombiniert mit pflanzlichen Tensiden und Rosmarin reinigen mild und effektiv. Unsere bew\u00e4hrte Kombination aus Mikrosilber, Zink und Lavendel wirkt beruhigend, antiseptisch und pflegend. Der Reiniger kann vorbeugend und unterst\u00fctzend im akuten Fall angewendet werden. F\u00fcr die Langzeitpflege empfiehlt sich die Anwendung des <a href=\"https:\/\/lila-loves-it.com\/produkt\/ohr-engel\/\">OHR-ENGELs<\/a> nach der Reinigung.<\/p>\n","protected":false},"excerpt":{"rendered":"<p>Shampoo\u00a0sensitive<br \/>\nf\u00fcr Welpen &amp;\u00a0empfindsame Haut\u00a0von Lila Loves It<\/p>\n","protected":false},"featured_media":4473,"comment_status":"closed","ping_status":"closed","template":"","meta":[],"product_brand":[],"product_cat":[235,236],"product_tag":[],"class_list":{"0":"post-2509","1":"product","2":"type-product","3":"status-publish","4":"has-post-thumbnail","6":"product_cat-alles-fuer-die-pflege","7":"product_cat-nahrungsergaenzung-und-apotheke","8":"tm-no-options","10":"first","11":"instock","12":"taxable","13":"shipping-taxable","14":"product-type-simple"},"supplier_id":null,"supplier_sku":"","barcode":null,"atum_controlled":true,"out_stock_date":null,"out_stock_threshold":null,"inheritable":false,"inbound_stock":null,"stock_on_hold":0,"sold_today":0,"sales_last_days":1,"reserved_stock":null,"customer_returns":null,"warehouse_damage":null,"lost_in_post":null,"other_logs":null,"out_stock_days":0,"lost_sales":0,"has_location":null,"update_date":"2024-11-12T16:17:53","atum_locations":[],"atum_stock_status":"instock","restock_status":false,"low_stock_amount":"","sales_update_date":"2023-08-17T07:17:05","calc_backorders":null,"jetpack_sharing_enabled":true,"_links":{"self":[{"href":"https:\/\/www.go4dogs.de\/index.php?rest_route=\/wp\/v2\/product\/2509","targetHints":{"allow":["GET"]}}],"collection":[{"href":"https:\/\/www.go4dogs.de\/index.php?rest_route=\/wp\/v2\/product"}],"about":[{"href":"https:\/\/www.go4dogs.de\/index.php?rest_route=\/wp\/v2\/types\/product"}],"replies":[{"embeddable":true,"href":"https:\/\/www.go4dogs.de\/index.php?rest_route=%2Fwp%2Fv2%2Fcomments&post=2509"}],"wp:featuredmedia":[{"embeddable":true,"href":"https:\/\/www.go4dogs.de\/index.php?rest_route=\/wp\/v2\/media\/4473"}],"wp:attachment":[{"href":"https:\/\/www.go4dogs.de\/index.php?rest_route=%2Fwp%2Fv2%2Fmedia&parent=2509"}],"wp:term":[{"taxonomy":"product_brand","embeddable":true,"href":"https:\/\/www.go4dogs.de\/index.php?rest_route=%2Fwp%2Fv2%2Fproduct_brand&post=2509"},{"taxonomy":"product_cat","embeddable":true,"href":"https:\/\/www.go4dogs.de\/index.php?rest_route=%2Fwp%2Fv2%2Fproduct_cat&post=2509"},{"taxonomy":"product_tag","embeddable":true,"href":"https:\/\/www.go4dogs.de\/index.php?rest_route=%2Fwp%2Fv2%2Fproduct_tag&post=2509"}],"curies":[{"name":"wp","href":"https:\/\/api.w.org\/{rel}","templated":true}]}}