{"id":2507,"date":"2017-04-20T17:19:53","date_gmt":"2017-04-20T15:19:53","guid":{"rendered":"https:\/\/www.go4dogs.de\/?post_type=product&#038;p=2507"},"modified":"2024-11-12T18:17:51","modified_gmt":"2024-11-12T16:17:51","slug":"lilalovesit-ohr-engel","status":"publish","type":"product","link":"https:\/\/www.go4dogs.de\/?product=lilalovesit-ohr-engel","title":{"rendered":"Lila Loves It &#8211; Ohr-Engel 50ml"},"content":{"rendered":"<h1 class=\"product_title entry-title\">OHR-ENGEL<\/h1>\n<h2>Juckende und gereizte Ohren? \u2013 Nicht mit unserem OHR-ENGEL<\/h2>\n<p>Unser OHR-ENGEL ist ein hoch wirksames Pflegemittel f\u00fcr strapazierte Ohren, das durch seine einzigartige Kombination von nat\u00fcrlichen Inhaltsstoffen effektiv wirkt. Entz\u00fcndungen, Juckreiz und Milbenbefall wird schnell und effektiv entgegen gewirkt und das Ohr wird gepflegt und beruhigt. Der OHR-ENGEL kann prophylaktisch aber auch im akuten Fall angewendet werden.<\/p>\n<p>Einfach den OHR-ENGEL nach der Reinigung in die Ohrmuschel eingeben \u2013 und die pflegende Hilfe f\u00fcr gereizte \u00d6hrchen tut ihre Arbeit.<\/p>\n<h2><\/h2>\n<h2>\u00a0Der OHR-ENGEL \u2013 nat\u00fcrliche, wohltuende Ohrenpflege dank bester Inhaltsstoffe<\/h2>\n<p>Rein nat\u00fcrliche Inhaltsstoffe wie Aloe Vera, Zink und Lavendel helfen bei Entz\u00fcndungen und lindern den Juckreiz. Die im OHR-ENGEL ebenfalls enthaltene Zaubernuss (Hamamelis) ist f\u00fcr ihre leicht blutstillenden Eigenschaften bekannt und st\u00e4rkt dar\u00fcber hinaus die Widerstandsf\u00e4higkeit der Haut. Mikrosilber und Rosmarin wirken zus\u00e4tzlich antiseptisch und reinigend. Abschlie\u00dfend bildet die im OHR-ENGEL enthaltene milde Milchs\u00e4ure ein f\u00fcr Pilze und Bakterien unvertr\u00e4gliches Milieu.<\/p>\n","protected":false},"excerpt":{"rendered":"<p>Shampoo\u00a0sensitive<br \/>\nf\u00fcr Welpen &amp;\u00a0empfindsame Haut\u00a0von Lila Loves It<\/p>\n","protected":false},"featured_media":4472,"comment_status":"closed","ping_status":"closed","template":"","meta":[],"product_brand":[],"product_cat":[235,236],"product_tag":[],"class_list":{"0":"post-2507","1":"product","2":"type-product","3":"status-publish","4":"has-post-thumbnail","6":"product_cat-alles-fuer-die-pflege","7":"product_cat-nahrungsergaenzung-und-apotheke","8":"tm-no-options","10":"first","11":"instock","12":"taxable","13":"shipping-taxable","14":"product-type-simple"},"supplier_id":null,"supplier_sku":"","barcode":null,"atum_controlled":true,"out_stock_date":null,"out_stock_threshold":null,"inheritable":false,"inbound_stock":null,"stock_on_hold":0,"sold_today":0,"sales_last_days":1,"reserved_stock":null,"customer_returns":null,"warehouse_damage":null,"lost_in_post":null,"other_logs":null,"out_stock_days":0,"lost_sales":0,"has_location":null,"update_date":"2024-11-12T16:17:53","atum_locations":[],"atum_stock_status":"instock","restock_status":false,"low_stock_amount":"","sales_update_date":"2023-04-27T05:45:04","calc_backorders":null,"jetpack_sharing_enabled":true,"_links":{"self":[{"href":"https:\/\/www.go4dogs.de\/index.php?rest_route=\/wp\/v2\/product\/2507","targetHints":{"allow":["GET"]}}],"collection":[{"href":"https:\/\/www.go4dogs.de\/index.php?rest_route=\/wp\/v2\/product"}],"about":[{"href":"https:\/\/www.go4dogs.de\/index.php?rest_route=\/wp\/v2\/types\/product"}],"replies":[{"embeddable":true,"href":"https:\/\/www.go4dogs.de\/index.php?rest_route=%2Fwp%2Fv2%2Fcomments&post=2507"}],"wp:featuredmedia":[{"embeddable":true,"href":"https:\/\/www.go4dogs.de\/index.php?rest_route=\/wp\/v2\/media\/4472"}],"wp:attachment":[{"href":"https:\/\/www.go4dogs.de\/index.php?rest_route=%2Fwp%2Fv2%2Fmedia&parent=2507"}],"wp:term":[{"taxonomy":"product_brand","embeddable":true,"href":"https:\/\/www.go4dogs.de\/index.php?rest_route=%2Fwp%2Fv2%2Fproduct_brand&post=2507"},{"taxonomy":"product_cat","embeddable":true,"href":"https:\/\/www.go4dogs.de\/index.php?rest_route=%2Fwp%2Fv2%2Fproduct_cat&post=2507"},{"taxonomy":"product_tag","embeddable":true,"href":"https:\/\/www.go4dogs.de\/index.php?rest_route=%2Fwp%2Fv2%2Fproduct_tag&post=2507"}],"curies":[{"name":"wp","href":"https:\/\/api.w.org\/{rel}","templated":true}]}}