{"id":23690,"date":"2025-11-26T18:33:46","date_gmt":"2025-11-26T16:33:46","guid":{"rendered":"https:\/\/www.go4dogs.de\/?post_type=product&#038;p=23690"},"modified":"2025-11-26T18:40:41","modified_gmt":"2025-11-26T16:40:41","slug":"steckhalsband-fun-sonnenhut","status":"publish","type":"product","link":"https:\/\/www.go4dogs.de\/?product=steckhalsband-fun-sonnenhut","title":{"rendered":"Steckhalsband Fun Sonnenhut"},"content":{"rendered":"<p>STRAPAZIERF\u00c4HIGER ALLTAGSBEGLEITER<\/p>\n<p style=\"font-weight: 400;\">Das Steckhalsband FUN ist ideal f\u00fcr den Freilauf geeignet. Die komplett mit Schaumstoff und Cordura unterlegten und verstellbaren Halsb\u00e4nder sind f\u00fcr Ihren Hund angenehm zu tragen. Sie schonen das Fell und die breite Unterlegung sorgt f\u00fcr eine bessere Verteilung der Zugkraft. Der Oberstoff und das Gurtband sind schmutz- und wasserabweisend.<\/p>\n<p><span style=\"font-weight: 400;\">Dank der Verwendung von hochabriebfesten Materialien stehen anny\u00b7x Halsb\u00e4nder f\u00fcr Langlebigkeit und geringen Verschlei\u00df. Die hochwertigen Verschl\u00fcsse und Metallringe gew\u00e4hren optimale Sicherheit.<\/span><\/p>\n<p>Uns ist es wichtig, darauf hinzuweisen, dass auch bei einem gut gepolsterten Halsband die Halswirbels\u00e4ule, der Kehlkopf oder auch die Schilddr\u00fcse durch Druck oder Zug am Halsband belastet\u00a0 werden k\u00f6nnen. Wir empfehlen deshalb die Verwendung von Halsb\u00e4ndern, bei nicht reaktiven Hunden, die die Leinenf\u00fchrigkeit bereits gelernt haben, f\u00fcr den Freilauf oder als Zusatz zum Geschirr, z. B. zum Zwecke einer Doppelsicherung.<\/p>\n<p>&nbsp;<\/p>\n<div id=\"tab-Pflegehinweise-head\" class=\"card-header\" aria-expanded=\"true\" aria-controls=\"tab-Pflegehinweise\" data-toggle=\"collapse\" data-target=\"#tab-Pflegehinweise\"><strong>Pflegehinweise<\/strong><\/div>\n<div id=\"tab-Pflegehinweise\" class=\"collapse show\" aria-labelledby=\"tab-Pflegehinweise-head\" data-parent=\"#tabAccordion\">\n<div class=\"card-body\">\n<p>Wir empfehlen eine Maschinenw\u00e4sche bei 30\u00b0C Schonwaschgang, geringe Schleudertouren (800 Umdrehungen), geringe Trommelf\u00fcllung, kein Weichsp\u00fcler, einen W\u00e4schesack und keinen Trockner.<\/p>\n<p>Bitte legen Sie das\u00a0Halsband zum Trocknen nicht auf die Heizung!<\/p>\n<div id=\"tab-Masstabelle-head\" class=\"card-header\" aria-expanded=\"true\" aria-controls=\"tab-Masstabelle\" data-toggle=\"collapse\" data-target=\"#tab-Masstabelle\"><strong>Masstabelle<\/strong><\/div>\n<div id=\"tab-Masstabelle\" class=\"collapse show\" aria-labelledby=\"tab-Masstabelle-head\" data-parent=\"#tabAccordion\">\n<div class=\"card-body\">\n<h3 class=\"panel-title\"><\/h3>\n<table class=\"data-table\">\n<tbody>\n<tr>\n<th>Zug- und Steckhalsb\u00e4nder<\/th>\n<th>\u00a0 \u00a0Gr\u00f6\u00dfe 1<\/th>\n<th>\u00a0\u00a0 Gr\u00f6\u00dfe 2<\/th>\n<th>\u00a0 \u00a0Gr\u00f6\u00dfe 3<\/th>\n<th>\u00a0\u00a0 Gr\u00f6\u00dfe 4<\/th>\n<th>\u00a0 \u00a0Gr\u00f6\u00dfe 5<\/th>\n<th>\u00a0\u00a0 Gr\u00f6\u00dfe 6<\/th>\n<th>\u00a0\u00a0 Gr\u00f6\u00dfe 7<\/th>\n<th>\u00a0\u00a0 Gr\u00f6\u00dfe 8<\/th>\n<\/tr>\n<tr class=\"even\">\n<td><b>\u00a0\u00a0\u00a0\u00a0\u00a0\u00a0\u00a0\u00a0\u00a0 Halsumfang<\/b><\/td>\n<td><b>\u00a0\u00a0\u00a0 \u00a0in cm<\/b><\/td>\n<td><b>\u00a0\u00a0 \u00a0\u00a0in cm<\/b><\/td>\n<td><b>\u00a0 \u00a0 \u00a0in cm<\/b><\/td>\n<td><b>\u00a0\u00a0 \u00a0 \u00a0in cm<\/b><\/td>\n<td><b>\u00a0\u00a0 \u00a0 in cm<\/b><\/td>\n<td><b>\u00a0\u00a0\u00a0 \u00a0 in cm<\/b><\/td>\n<td><b>\u00a0\u00a0\u00a0\u00a0 \u00a0in cm<\/b><\/td>\n<td><b>\u00a0\u00a0\u00a0 \u00a0\u00a0in cm<\/b><\/td>\n<\/tr>\n<tr>\n<td>\u00a0\u00a0\u00a0\u00a0\u00a0\u00a0\u00a0\u00a0\u00a0\u00a0\u00a0\u00a0\u00a0 von<\/td>\n<td>\u00a0\u00a0\u00a0 \u00a0 22<\/td>\n<td>\u00a0\u00a0\u00a0\u00a0 \u00a0 27<\/td>\n<td>\u00a0\u00a0\u00a0 \u00a0\u00a0 32<\/td>\n<td>\u00a0\u00a0\u00a0\u00a0 \u00a0\u00a037<\/td>\n<td>\u00a0\u00a0\u00a0\u00a0 \u00a0 42<\/td>\n<td>\u00a0\u00a0\u00a0 \u00a0 \u00a047<\/td>\n<td>\u00a0\u00a0\u00a0\u00a0 \u00a0 52<\/td>\n<td>\u00a0\u00a0\u00a0\u00a0\u00a0 \u00a057<\/td>\n<\/tr>\n<tr>\n<td>\u00a0\u00a0\u00a0\u00a0\u00a0\u00a0\u00a0\u00a0\u00a0\u00a0\u00a0\u00a0\u00a0 bis<\/td>\n<td>\u00a0\u00a0\u00a0 \u00a0\u00a028<\/td>\n<td>\u00a0\u00a0\u00a0\u00a0\u00a0 \u00a033<\/td>\n<td>\u00a0\u00a0\u00a0\u00a0\u00a0\u00a0 38<\/td>\n<td>\u00a0\u00a0\u00a0\u00a0\u00a0 \u00a043<\/td>\n<td>\u00a0\u00a0\u00a0\u00a0\u00a0\u00a0 48<\/td>\n<td>\u00a0\u00a0\u00a0\u00a0\u00a0 \u00a053<\/td>\n<td>\u00a0\u00a0\u00a0\u00a0 \u00a0 58<\/td>\n<td>\u00a0\u00a0\u00a0\u00a0\u00a0\u00a0 63<\/td>\n<\/tr>\n<\/tbody>\n<\/table>\n<div><\/div>\n<div class=\"panel-body\">\n<div class=\"tab-content-wrapper\">\n<p><strong>Bitte beachten<\/strong>: Bitte messen Sie\u00a0immer den Halsumfang Ihres Hundes (enganliegend), nicht ein anderes Halsband! Die Ma\u00dfe von Umfang und L\u00e4nge unterscheiden sich, wodurch\u00a0es\u00a0zu\u00a0Abweichungen kommt.\u00a0<strong>Wichtig:<\/strong>\u00a0Bei den Zugstopphalsb\u00e4ndern bezieht sich das angegebene Ma\u00df auf den geschlossenen Zustand und bei den Steckhalsb\u00e4ndern auf das innere Rundma\u00df bei dem geschlossenen Halsband.<\/p>\n<p>Gr\u00f6\u00dfe 1 und 2 = 1,5 cm breites Gurtband, 2,5 cm breite Polsterung<br \/>\nGr\u00f6\u00dfe 3 = 2 cm breites Gurtband, 3,5 cm breite Polsterung<br \/>\nGr\u00f6\u00dfe 4 = 2,5 cm breites Gurtband, 3,5 cm breite Polsterung<br \/>\nGr\u00f6\u00dfe 5, 6, 7 und 8 = 2,5 cm breites Gurtband, 5 cm breite Polsterung<\/p>\n<p>Toleranz +\/- 1 cm<\/p>\n<\/div>\n<\/div>\n<\/div>\n<\/div>\n<\/div>\n<\/div>\n","protected":false},"excerpt":{"rendered":"<p>STRAPAZIERF\u00c4HIGER ALLTAGSBEGLEITER Das Steckhalsband FUN ist ideal f\u00fcr den Freilauf geeignet. Die komplett mit Schaumstoff und Cordura unterlegten und verstellbaren Halsb\u00e4nder sind f\u00fcr Ihren Hund angenehm zu tragen. Sie schonen das Fell und die breite Unterlegung sorgt f\u00fcr eine bessere Verteilung der Zugkraft. Der Oberstoff und das Gurtband sind schmutz- und wasserabweisend. Dank der Verwendung [&hellip;]<\/p>\n","protected":false},"featured_media":23732,"comment_status":"closed","ping_status":"closed","template":"","meta":[],"product_brand":[],"product_cat":[333],"product_tag":[],"class_list":{"0":"post-23690","1":"product","2":"type-product","3":"status-publish","4":"has-post-thumbnail","6":"product_cat-halsbaender-von-annyx","7":"tm-no-options","9":"first","10":"instock","11":"sale","12":"taxable","13":"shipping-taxable","14":"product-type-variable"},"supplier_id":null,"supplier_sku":"","barcode":null,"atum_controlled":true,"out_stock_date":null,"out_stock_threshold":null,"inheritable":true,"inbound_stock":null,"stock_on_hold":null,"sold_today":null,"sales_last_days":null,"reserved_stock":null,"customer_returns":null,"warehouse_damage":null,"lost_in_post":null,"other_logs":null,"out_stock_days":null,"lost_sales":null,"has_location":false,"update_date":"2025-11-26T16:35:48","atum_locations":[],"atum_stock_status":"instock","restock_status":false,"low_stock_amount":"","sales_update_date":null,"calc_backorders":null,"jetpack_sharing_enabled":true,"_links":{"self":[{"href":"https:\/\/www.go4dogs.de\/index.php?rest_route=\/wp\/v2\/product\/23690","targetHints":{"allow":["GET"]}}],"collection":[{"href":"https:\/\/www.go4dogs.de\/index.php?rest_route=\/wp\/v2\/product"}],"about":[{"href":"https:\/\/www.go4dogs.de\/index.php?rest_route=\/wp\/v2\/types\/product"}],"replies":[{"embeddable":true,"href":"https:\/\/www.go4dogs.de\/index.php?rest_route=%2Fwp%2Fv2%2Fcomments&post=23690"}],"wp:featuredmedia":[{"embeddable":true,"href":"https:\/\/www.go4dogs.de\/index.php?rest_route=\/wp\/v2\/media\/23732"}],"wp:attachment":[{"href":"https:\/\/www.go4dogs.de\/index.php?rest_route=%2Fwp%2Fv2%2Fmedia&parent=23690"}],"wp:term":[{"taxonomy":"product_brand","embeddable":true,"href":"https:\/\/www.go4dogs.de\/index.php?rest_route=%2Fwp%2Fv2%2Fproduct_brand&post=23690"},{"taxonomy":"product_cat","embeddable":true,"href":"https:\/\/www.go4dogs.de\/index.php?rest_route=%2Fwp%2Fv2%2Fproduct_cat&post=23690"},{"taxonomy":"product_tag","embeddable":true,"href":"https:\/\/www.go4dogs.de\/index.php?rest_route=%2Fwp%2Fv2%2Fproduct_tag&post=23690"}],"curies":[{"name":"wp","href":"https:\/\/api.w.org\/{rel}","templated":true}]}}