{"id":23412,"date":"2025-09-18T17:47:35","date_gmt":"2025-09-18T15:47:35","guid":{"rendered":"https:\/\/www.go4dogs.de\/?post_type=product&#038;p=23412"},"modified":"2026-01-04T16:20:14","modified_gmt":"2026-01-04T14:20:14","slug":"dryup-cape-hundebademantel-m-60cm","status":"publish","type":"product","link":"https:\/\/www.go4dogs.de\/?product=dryup-cape-hundebademantel-m-60cm","title":{"rendered":"DRYUP Cape Hundebademantel M (60cm)"},"content":{"rendered":"<div>\n<p><span style=\"font-family: Georgia,Palatino; font-size: 12pt;\"><strong>Trockencape &#8211; Hundebademantel\u00a0<\/strong><\/span><\/p>\n<p class=\"p1\"><span style=\"font-family: Georgia,Palatino; font-size: 12pt;\">ohne statische Aufladung<\/span><\/p>\n<\/div>\n<div><span style=\"font-family: Georgia,Palatino; font-size: 12pt;\">Das Original DRYUP CAPE ist aus dem Naturprodukt 100% Baumwoll-Frottee gefertigt.<\/span><\/div>\n<div><span style=\"font-family: Georgia,Palatino; font-size: 12pt;\">Speziell f\u00fcr das geheizte Haus oder f\u00fcr\u00b4s warme Auto!\u00a0<\/span><\/div>\n<div><span style=\"font-family: Georgia,Palatino; font-size: 12pt;\"><strong>\u00a0<\/strong><\/span><\/div>\n<div><span style=\"font-family: Georgia,Palatino; font-size: 12pt;\"><strong>Baumwolle versus Kunstfasern<br \/>\n<\/strong><\/span><\/div>\n<div><span style=\"font-family: Georgia,Palatino; font-size: 12pt;\">Baumwolle ist eine hochwertige Naturfaser, die im Vergleich zu Kunstfasern folgende Vorteile hat:<\/span><\/div>\n<div><\/div>\n<div><span style=\"font-family: Georgia,Palatino; font-size: 12pt;\">&#8211; keine statische Aufladung beim Ausziehen des Capes oder beim Abrubbeln des Hundefells<\/span><\/div>\n<div><span style=\"font-family: Georgia,Palatino; font-size: 12pt;\">&#8211; die typisch gro\u00dfen Schlingen des Frotteegewebes vergr\u00f6\u00dfern die Oberfl\u00e4che des Stoffes enorm, wodurch das Gewebe wesentlich mehr Volumen als\u00a0\u00a0 \u00a0 alle anderen Gewebearten hat und somit auch sehr viel Feuchtigkeit aufnehmen kann.<\/span><\/div>\n<div><span style=\"font-family: Georgia,Palatino; font-size: 12pt;\">&#8211; Die Feuchtigkeit wird nicht nur oberfl\u00e4chlich sondern auch aus der Unterwolle des Hundes herausgezogen<\/span><\/div>\n<div><span style=\"font-family: Georgia,Palatino; font-size: 12pt;\">&#8211; Baumwolle speichert die Feuchtigkeit direkt in ihren Fasern und transportiert so die N\u00e4sse vom Hundefell weg<\/span><\/div>\n<div><\/div>\n<div><span style=\"font-family: Georgia,Palatino; font-size: 12pt;\">Es gibt nichts Besseres, als ein hochwertiges Frottee aus 100% Baumwolle, um den Hund abzutrocknen und die Feuchtigkeit vom Hund wegzuleiten<\/span><\/div>\n<div><\/div>\n<div><span style=\"font-family: Georgia,Palatino; font-size: 12pt;\"><strong>Anwendungsm\u00f6glichkeiten<\/strong><\/span><\/div>\n<div><span style=\"font-family: Georgia,Palatino; font-size: 12pt;\">Mit dem genialen DRYUP CAPE kann das Fell des Hundes nach einem Spaziergang im Regen, nach einer Dusche oder nach dem Schwimmen schnell und einfach getrocknet werden &#8211; ganz ohne Rubbeln!<\/span><\/div>\n<div><span style=\"font-family: Georgia,Palatino; font-size: 12pt;\">Als positiven Nebeneffekt bleibt zudem das Auto, das Wohnmobil oder die Wohnung trocken und sauber. Neben der Feuchtigkeit bindet das DRYUP CAPE auch den Schmutz der sich im Fell befindet, was ausgesprochen praktisch ist. Dieser Schmutz kann dann aus dem trocknen Cape einfach ausgesch\u00fcttelt werden und liegt deshalb nicht auf dem Boden in ihrem Haus.<\/span><\/div>\n<div><\/div>\n<div><span style=\"font-family: Georgia,Palatino; font-size: 12pt;\">Der Trocknungseffekt des DRYUP CAPE ist vergleichbar mit dem von unseren bew\u00e4hrten WARMUP CAPES jedoch ist es nicht so warm und somit praktisch f\u00fcr den Gebrauch in geheizten Innenr\u00e4umen. Der Hund schwitzt nicht und trocknet dennoch schnell ab! Er kann sich \u00fcberall hinlegen und nichts wird dort nass oder schmutzig!<\/span><\/div>\n<div><span style=\"font-family: Georgia,Palatino; font-size: 12pt;\"><strong>\u00a0<\/strong><\/span><\/div>\n<div><span style=\"font-family: Georgia,Palatino; font-size: 12pt;\"><strong>Die Passform ist perfekt<\/strong><\/span><\/div>\n<div><span style=\"font-family: Georgia,Palatino; font-size: 12pt;\">Der Original Hunde-Bademantel DRYUP CAPE ist f\u00fcr die unterschiedlichsten Hunderassen und Gr\u00f6\u00dfen optimiert. Neben den Standardgr\u00f6\u00dfen von Mini bis Bigi, die eigentlich f\u00fcr jede Hunderasse und Gr\u00f6\u00dfe zu empfehlen ist, finden Sie auch\u00a0 Sondermodelle f\u00fcr den Dackel und f\u00fcr Mops &amp; Co im Sortiment. (siehe Gr\u00f6ssentabelle).<\/span><\/div>\n<div><\/div>\n<div><span style=\"font-family: Georgia,Palatino; font-size: 12pt;\"><strong>Wie wird das Cape angezogen?<\/strong><\/span><\/div>\n<div><span style=\"font-family: Georgia,Palatino; font-size: 12pt;\">Der Kopf des Hundes wird durch den lange Rollkragen des Capes gesteckt. Anschlie\u00dfend wird das Cape \u00fcber den R\u00fccken gezogen und die Rute durch das, hinten im Cape gelegene, Loch f\u00fcr die Rute gesteckt. Um das Cape zu schlie\u00dfen wird der Bauchlatz zwischen den Vorderbeinen hindurch gezogen, dadurch der Brustkorb und der Bauch abdeckt wird. Mit dem praktischen Schnallenverschluss, der auf dem R\u00fccken nicht st\u00f6rt, wird das Cape rutschfest befestigt. Mit dem Schnallenverschluss l\u00e4sst sich die K\u00f6rperumfangweite des Capes perfekt und individuell einstellen, was eine super Passform garantiert. Bewusst haben wir bei diesem Cape auf Klettverschl\u00fcsse verzichtet, da sich in diesen oftmals Haare sammeln und deshalb das Kletten nicht mehr optimal funktioniert. Der lange Rollkragen erm\u00f6glicht auch eine Trocknung des Halses oder kann als \u201eKapuze\u201c genutzt werden<\/span><\/div>\n<p class=\"p1\"><span style=\"font-family: Georgia,Palatino; font-size: 12pt;\"><strong>Material: 100% Baumwoll-Frottee\u00a0<\/strong><\/span><\/p>\n<p class=\"p1\"><strong><span style=\"font-family: Georgia,Palatino; font-size: 12pt;\">Waschbar bis 30\u00b0C &#8211; ohne Weichsp\u00fcler !!<\/span><\/strong><\/p>\n<p><strong><span style=\"font-family: Georgia,Palatino; font-size: 12pt;\">Messanleitung:<\/span><\/strong><\/p>\n<p><a href=\"https:\/\/www.go4dogs.de\/wp-content\/uploads\/2019\/09\/dryup-cape-blueberry-Mini-sizing.jpg\"><img fetchpriority=\"high\" decoding=\"async\" class=\"alignnone size-medium wp-image-11702\" src=\"https:\/\/www.go4dogs.de\/wp-content\/uploads\/2019\/09\/dryup-cape-blueberry-Mini-sizing-300x189.jpg\" alt=\"\" width=\"300\" height=\"189\" srcset=\"https:\/\/www.go4dogs.de\/wp-content\/uploads\/2019\/09\/dryup-cape-blueberry-Mini-sizing-300x189.jpg 300w, https:\/\/www.go4dogs.de\/wp-content\/uploads\/2019\/09\/dryup-cape-blueberry-Mini-sizing-768x484.jpg 768w, https:\/\/www.go4dogs.de\/wp-content\/uploads\/2019\/09\/dryup-cape-blueberry-Mini-sizing-1024x645.jpg 1024w, https:\/\/www.go4dogs.de\/wp-content\/uploads\/2019\/09\/dryup-cape-blueberry-Mini-sizing-555x349.jpg 555w, https:\/\/www.go4dogs.de\/wp-content\/uploads\/2019\/09\/dryup-cape-blueberry-Mini-sizing.jpg 1555w\" sizes=\"(max-width: 300px) 100vw, 300px\" \/><\/a> <a href=\"https:\/\/www.go4dogs.de\/wp-content\/uploads\/2019\/09\/dryup-black-sizing583fc149e3a34.jpg\"><img decoding=\"async\" class=\"alignnone size-medium wp-image-11684\" src=\"https:\/\/www.go4dogs.de\/wp-content\/uploads\/2019\/09\/dryup-black-sizing583fc149e3a34-300x189.jpg\" alt=\"\" width=\"300\" height=\"189\" srcset=\"https:\/\/www.go4dogs.de\/wp-content\/uploads\/2019\/09\/dryup-black-sizing583fc149e3a34-300x189.jpg 300w, https:\/\/www.go4dogs.de\/wp-content\/uploads\/2019\/09\/dryup-black-sizing583fc149e3a34-768x484.jpg 768w, https:\/\/www.go4dogs.de\/wp-content\/uploads\/2019\/09\/dryup-black-sizing583fc149e3a34-1024x645.jpg 1024w, https:\/\/www.go4dogs.de\/wp-content\/uploads\/2019\/09\/dryup-black-sizing583fc149e3a34-555x349.jpg 555w, https:\/\/www.go4dogs.de\/wp-content\/uploads\/2019\/09\/dryup-black-sizing583fc149e3a34.jpg 1555w\" sizes=\"(max-width: 300px) 100vw, 300px\" \/><\/a><\/p>\n<p>&nbsp;<\/p>\n","protected":false},"excerpt":{"rendered":"<p>Trockencape &#8211; Hundebademantel\u00a0 ohne statische Aufladung Das Original DRYUP CAPE ist aus dem Naturprodukt 100% Baumwoll-Frottee gefertigt. Speziell f\u00fcr das geheizte Haus oder f\u00fcr\u00b4s warme Auto!\u00a0 \u00a0 Baumwolle versus Kunstfasern Baumwolle ist eine hochwertige Naturfaser, die im Vergleich zu Kunstfasern folgende Vorteile hat: &#8211; keine statische Aufladung beim Ausziehen des Capes oder beim Abrubbeln des [&hellip;]<\/p>\n","protected":false},"featured_media":11682,"comment_status":"closed","ping_status":"closed","template":"","meta":[],"product_brand":[],"product_cat":[230],"product_tag":[],"class_list":{"0":"post-23412","1":"product","2":"type-product","3":"status-publish","4":"has-post-thumbnail","6":"product_cat-maentel-bademaentel-pullover","7":"tm-no-options","9":"first","10":"instock","11":"sale","12":"taxable","13":"shipping-taxable","14":"product-type-variable"},"supplier_id":null,"supplier_sku":"","barcode":null,"atum_controlled":true,"out_stock_date":null,"out_stock_threshold":null,"inheritable":true,"inbound_stock":null,"stock_on_hold":0,"sold_today":0,"sales_last_days":2,"reserved_stock":null,"customer_returns":null,"warehouse_damage":null,"lost_in_post":null,"other_logs":null,"out_stock_days":null,"lost_sales":0,"has_location":false,"update_date":"2026-01-05T12:41:15","atum_locations":[],"atum_stock_status":"instock","restock_status":false,"low_stock_amount":"","sales_update_date":null,"calc_backorders":null,"jetpack_sharing_enabled":true,"_links":{"self":[{"href":"https:\/\/www.go4dogs.de\/index.php?rest_route=\/wp\/v2\/product\/23412","targetHints":{"allow":["GET"]}}],"collection":[{"href":"https:\/\/www.go4dogs.de\/index.php?rest_route=\/wp\/v2\/product"}],"about":[{"href":"https:\/\/www.go4dogs.de\/index.php?rest_route=\/wp\/v2\/types\/product"}],"replies":[{"embeddable":true,"href":"https:\/\/www.go4dogs.de\/index.php?rest_route=%2Fwp%2Fv2%2Fcomments&post=23412"}],"wp:featuredmedia":[{"embeddable":true,"href":"https:\/\/www.go4dogs.de\/index.php?rest_route=\/wp\/v2\/media\/11682"}],"wp:attachment":[{"href":"https:\/\/www.go4dogs.de\/index.php?rest_route=%2Fwp%2Fv2%2Fmedia&parent=23412"}],"wp:term":[{"taxonomy":"product_brand","embeddable":true,"href":"https:\/\/www.go4dogs.de\/index.php?rest_route=%2Fwp%2Fv2%2Fproduct_brand&post=23412"},{"taxonomy":"product_cat","embeddable":true,"href":"https:\/\/www.go4dogs.de\/index.php?rest_route=%2Fwp%2Fv2%2Fproduct_cat&post=23412"},{"taxonomy":"product_tag","embeddable":true,"href":"https:\/\/www.go4dogs.de\/index.php?rest_route=%2Fwp%2Fv2%2Fproduct_tag&post=23412"}],"curies":[{"name":"wp","href":"https:\/\/api.w.org\/{rel}","templated":true}]}}