{"id":23376,"date":"2025-08-22T20:16:20","date_gmt":"2025-08-22T18:16:20","guid":{"rendered":"https:\/\/www.go4dogs.de\/?post_type=product&#038;p=23376"},"modified":"2025-08-22T20:21:32","modified_gmt":"2025-08-22T18:21:32","slug":"dr-clauders-supplement-snack-dental-care-150gr","status":"publish","type":"product","link":"https:\/\/www.go4dogs.de\/?product=dr-clauders-supplement-snack-dental-care-150gr","title":{"rendered":"Dr.Clauder\u00b4s Supplement Snack Dental Care 150gr"},"content":{"rendered":"<p>Zahngesundheit im Snackformat! Dieser leckere Snack f\u00fcr Hunde und Katzen kann dein Helfer bei der optimalen Zahnpflege sein und unterst\u00fctzt die Maulflora. Mit einer kraftvollen Mischung aus Melissenbl\u00e4ttern, Thymian, Kamillenbl\u00fcten, Seealgen, Spirulina und Cranberrysaftkonzentrat kombiniert der Snack effektiv die geballte Power gegen Plaque und Zahnstein. Der zus\u00e4tzlich enthaltene Lactobacillus Paracasei hilft, eine gesunde Balance der Mikroflora im Mund zu f\u00f6rdern, was die Ansiedlung sch\u00e4dlicher Bakterien reduzieren und so der Entstehung von Plaque und Zahnstein vorbeugen kann. Die sorgf\u00e4ltig ausgew\u00e4hlten Inhaltsstoffe k\u00f6nnen die Zahngesundheit f\u00f6rdern, helfen, das Risiko von Zahnbelag zu reduzieren und zu einer ausgewogenen Maulflora beitragen. Ein idealer Nahrungserg\u00e4nzungssnack f\u00fcr die langfristige Zahnpflege Ihres Vierbeiners.<br data-original-line-height=\"27\" \/><strong id=\"usage_instructions_title\" data-original-font-size=\"18\" data-original-line-height=\"27\"><\/strong><\/p>\n<p><strong data-original-font-size=\"18\" data-original-line-height=\"27\">Erg\u00e4nzungsfuttermittel f\u00fcr Hunde und Katzen.<\/strong><\/p>\n<p><strong data-original-font-size=\"18\" data-original-line-height=\"27\">Zusammensetzung<\/strong>: Erbsenprotein 37%, pflanzliches Glycerin, Melissebl\u00e4tter 1,8%, Weidenrinde 1,8%, Thymian 1,8%, Kamillenbl\u00fcten 1,8%, Seealgen (Ascophyllum Nodosum) 1,8%, Cranberrysaftkonzentrat 1%, Spirulina 1%, Hefe-Beta Glucane 1%, Kaliumchlorid 0,065%, Lactobacillus paracasei 0,01%.<br data-original-line-height=\"27\" \/><strong data-original-font-size=\"18\" data-original-line-height=\"27\">Analytische Bestandteile<\/strong>: Rohprotein 38,1%, Rohfett 3,5%, Rohfaser 1,0%, Rohasche 3,0%, Feuchtigkeit 25%.<br data-original-line-height=\"27\" \/><strong data-original-font-size=\"18\" data-original-line-height=\"27\">Technologische Zusatzstoffe<\/strong>: Verdickungsmittel.<\/p>\n<p><strong id=\"usage_instructions_title\" data-original-font-size=\"18\" data-original-line-height=\"27\">Anwendungshinweise:<\/strong> <span id=\"usage_instructions_text\" data-original-font-size=\"18\" data-original-line-height=\"27\">\u00a0Stets frisches Wasser bereitstellen! Vor Feuchtigkeit sch\u00fctzen! K\u00fchl und trocken aufbewahren! F\u00fcr weitere Informationen &#8211; bitte QR-Code scannen.<\/span><\/p>\n<p><strong>F\u00fctterungsempfehlung<\/strong>: 1 St\u00fcck\/5kg K\u00f6rpergewicht pro Tag. Max. 4 St\u00fcck\/Tag.<\/p>\n","protected":false},"excerpt":{"rendered":"<p>Zahngesundheit im Snackformat! Dieser leckere Snack f\u00fcr Hunde und Katzen kann dein Helfer bei der optimalen Zahnpflege sein und unterst\u00fctzt die Maulflora. Mit einer kraftvollen Mischung aus Melissenbl\u00e4ttern, Thymian, Kamillenbl\u00fcten, Seealgen, Spirulina und Cranberrysaftkonzentrat kombiniert der Snack effektiv die geballte Power gegen Plaque und Zahnstein. Der zus\u00e4tzlich enthaltene Lactobacillus Paracasei hilft, eine gesunde Balance der [&hellip;]<\/p>\n","protected":false},"featured_media":23378,"comment_status":"closed","ping_status":"closed","template":"","meta":[],"product_brand":[],"product_cat":[203,216,236],"product_tag":[],"class_list":{"0":"post-23376","1":"product","2":"type-product","3":"status-publish","4":"has-post-thumbnail","6":"product_cat-leckerlies","7":"product_cat-leckerlies-von-dr-clauders","8":"product_cat-nahrungsergaenzung-und-apotheke","9":"tm-no-options","11":"first","12":"instock","13":"taxable","14":"shipping-taxable","15":"product-type-simple"},"supplier_id":null,"supplier_sku":"","barcode":null,"atum_controlled":true,"out_stock_date":null,"out_stock_threshold":null,"inheritable":false,"inbound_stock":null,"stock_on_hold":null,"sold_today":null,"sales_last_days":null,"reserved_stock":null,"customer_returns":null,"warehouse_damage":null,"lost_in_post":null,"other_logs":null,"out_stock_days":null,"lost_sales":null,"has_location":false,"update_date":"2025-08-22T18:21:34","atum_locations":[],"atum_stock_status":"instock","restock_status":false,"low_stock_amount":"","sales_update_date":"2025-03-27T12:07:52","calc_backorders":null,"jetpack_sharing_enabled":true,"_links":{"self":[{"href":"https:\/\/www.go4dogs.de\/index.php?rest_route=\/wp\/v2\/product\/23376","targetHints":{"allow":["GET"]}}],"collection":[{"href":"https:\/\/www.go4dogs.de\/index.php?rest_route=\/wp\/v2\/product"}],"about":[{"href":"https:\/\/www.go4dogs.de\/index.php?rest_route=\/wp\/v2\/types\/product"}],"replies":[{"embeddable":true,"href":"https:\/\/www.go4dogs.de\/index.php?rest_route=%2Fwp%2Fv2%2Fcomments&post=23376"}],"wp:featuredmedia":[{"embeddable":true,"href":"https:\/\/www.go4dogs.de\/index.php?rest_route=\/wp\/v2\/media\/23378"}],"wp:attachment":[{"href":"https:\/\/www.go4dogs.de\/index.php?rest_route=%2Fwp%2Fv2%2Fmedia&parent=23376"}],"wp:term":[{"taxonomy":"product_brand","embeddable":true,"href":"https:\/\/www.go4dogs.de\/index.php?rest_route=%2Fwp%2Fv2%2Fproduct_brand&post=23376"},{"taxonomy":"product_cat","embeddable":true,"href":"https:\/\/www.go4dogs.de\/index.php?rest_route=%2Fwp%2Fv2%2Fproduct_cat&post=23376"},{"taxonomy":"product_tag","embeddable":true,"href":"https:\/\/www.go4dogs.de\/index.php?rest_route=%2Fwp%2Fv2%2Fproduct_tag&post=23376"}],"curies":[{"name":"wp","href":"https:\/\/api.w.org\/{rel}","templated":true}]}}