{"id":23370,"date":"2025-08-22T19:59:38","date_gmt":"2025-08-22T17:59:38","guid":{"rendered":"https:\/\/www.go4dogs.de\/?post_type=product&#038;p=23370"},"modified":"2025-08-22T20:03:29","modified_gmt":"2025-08-22T18:03:29","slug":"wolfsblut-vetline-care-snack-hypoallergenic-100gr","status":"publish","type":"product","link":"https:\/\/www.go4dogs.de\/?product=wolfsblut-vetline-care-snack-hypoallergenic-100gr","title":{"rendered":"Wolfsblut VetLine Care Snack Hypoallergenic 100gr"},"content":{"rendered":"<p><b>WOLFSBLUT VetLine Care Snack \u2013 HYPOALLERGENIC: Bei Futtermittelunvertr\u00e4glichkeiten<br \/>\n<\/b><i>Erg\u00e4nzungsfuttermittel<\/i><\/p>\n<p>Futtermittelunvertr\u00e4glichkeiten k\u00f6nnen das Wohlbefinden unserer treuen Begleiter erheblich beeintr\u00e4chtigen. Ob bei der F\u00fctterung von gew\u00f6hnlichem Futter oder bei speziellen Snacks \u2013 empfindliche Hunde reagieren h\u00e4ufig auf bestimmte Zutaten. Der\u00a0<b>WOLFSBLUT VetLine HYPOALLERGENIC Snack<\/b>\u00a0wurde speziell als Teil unserer\u00a0<b>VetLine Care Linie\u00a0<\/b>entwickelt, um Hunde mit Allergien und Unvertr\u00e4glichkeiten zu unterst\u00fctzen. Dieser Snack ist die ideale Erg\u00e4nzung zu unserem VetLine Trocken- und Nassfutter und eignet sich f\u00fcr alle Hunde, die eine gut vertr\u00e4gliche und ausgewogene Ern\u00e4hrung ben\u00f6tigen, um ihr Wohlbefinden zu f\u00f6rdern.<\/p>\n<p>Mit einer hochwertigen Rezeptur aus\u00a0<b>Monoprotein Pferd, Leinsamen und Algen<\/b>, die wertvolle N\u00e4hrstoffe liefert, ist dieser Snack besonders gut vertr\u00e4glich und sorgt f\u00fcr eine schonende Ern\u00e4hrung.\u00a0<b>Getreidefrei<\/b>\u00a0und ohne unn\u00f6tige Zus\u00e4tze, eignet sich dieser Snack hervorragend f\u00fcr Hunde, die empfindlich auf bestimmte Zutaten reagieren. Der Snack ist nicht nur funktional, sondern auch soft und schmackhaft, was ihn zu einer beliebten Belohnung f\u00fcr deinen Hund macht. Nat\u00fcrlich ohne Zuckerzusatz sowie ohne k\u00fcnstliche Aroma-, Farb- und Konservierungsstoffe.<\/p>\n<p><b>Das macht VetLine Care HYPOALLERGENIC so besonders:<\/b><\/p>\n<ul>\n<li><b>Monoprotein Pferd<\/b>\u00a0\u2013 gut verdauliche Eiwei\u00dfquelle, besonders f\u00fcr Hunde mit Unvertr\u00e4glichkeiten<\/li>\n<li><b>Getreidefrei\u00a0<\/b>\u2013 ohne Weizen, Mais und andere Getreidearten<\/li>\n<li><b>Leinsamen &amp; Algen<\/b>\u00a0\u2013 enthalten wertvolle N\u00e4hrstoffe f\u00fcr eine ausgewogene Ern\u00e4hrung<\/li>\n<li><b>Funktionaler Snack<\/b>\u00a0\u2013 einfach zu f\u00fcttern und ideal f\u00fcr den t\u00e4glichen Bedarf<\/li>\n<li><b>Ohne k\u00fcnstliche Zus\u00e4tze\u00a0<\/b>\u2013 frei von Zucker, Farb-, Aroma- und k\u00fcnstlichen Konservierungsstoffen<\/li>\n<li><b>Perfekte Erg\u00e4nzung zu unserem VetLine Trocken- und Nassfutter<\/b>\u00a0f\u00fcr eine ausgewogene Ern\u00e4hrung<\/li>\n<li><b>Softsnack<\/b>\u00a0\u2013 durch die weiche Konsistenz besonders bek\u00f6mmlich und leicht zu kauen \u2013 ideal f\u00fcr Hunde jeder Gr\u00f6\u00dfe und Altersgruppe<\/li>\n<li><b>Vet Approved<\/b>\u00a0&#8211; Rezeptur von Tier\u00e4rzten gepr\u00fcft<\/li>\n<\/ul>\n<p>WOLFSBLUT VetLine Care \u2013 Eine Sorge weniger!<\/p>\n<p><span class=\"row col col-12 mb-3 pb-3 text-left text-dark font-weight-semi-bold d-block\">Erg\u00e4nzungsfuttermittel f\u00fcr Hunde<\/span><\/p>\n<div class=\"row mb-3 pb-3\">\n<div class=\"col col-12 col-md-3\">Zusammensetzung<\/div>\n<div class=\"col col-12 col-md-9\">\n<p>Pferd 29 % (frisches Pferd 19 %, getrocknetes Pferd 10 %), S\u00fc\u00dfkartoffeln 22 %, pflanzliches Glycerin, Pferdefett 7 %, K\u00fcrbis, Erbsenprotein, Luzerne, Leinsamen 2 %, Gem\u00fcsebr\u00fche, Algen (reich an DHA*) 1,4 %, Sonnenblumen\u00f6l, Mineralstoffe, Topinambur, Mannan-Oligosaccharide (prebiotisch) 0,2 %, Fructo-Oligosaccharide (prebiotisch) 0,2 %. Proteinquellen: Frisches Pferd, Getrocknetes Pferd, Erbsenprotein. Kohlenhydratquellen: S\u00fc\u00dfkartoffeln, K\u00fcrbis. *Docosahexaens\u00e4ure<\/p>\n<\/div>\n<\/div>\n<div class=\"row mb-3 pb-3\">\n<div class=\"col col-12 col-md-3\">Analytische Bestandteile<\/div>\n<div class=\"col col-12 col-md-9\">\n<p>Rohprotein 17 %, Rohfett 15,5 %, Rohasche 10 %, Rohfaser 2,5 %, Feuchte 18 %. Energiegehalt 334 kcal\/100 g.<\/p>\n<\/div>\n<\/div>\n<div class=\"row mb-3 pb-3\">\n<div class=\"col col-12 col-md-3\">Zusatzstoffe je kg<\/div>\n<div class=\"col col-12 col-md-9\">\n<p>Vitamin A (als Retinylacetat) 21.871 IE, Vitamin D3 (als Cholecalciferol) 1.471 IE, Vitamin E (als all-rac-alpha-Tocopherylacetat) 710 mg, Vitamin B2 21 mg, Vitamin B6 16 mg, Vitamin B12 0,2 mg, Fols\u00e4ure 0,4 mg, Niacin 32 mg, Calcium-D-Pantothenat 26 mg, Biotin 0,3 mg, Jod (als Calciumjodat, wasserfrei) 0,96 mg, Eisen (als Eisen(II)-sulfat, Monohydrat und Eisen(II)-Aminos\u00e4urenchelat, Hydrat) 95 mg, Zink (als Zinksulfat, Monohydrat und Aminos\u00e4uren-Zinkchelat, Hydrat) 150 mg, Mangan (als Mangansulfat, Monohydrat) 36 mg, Kupfer (als Kupfer(II)-sulfat, Pentahydrat und Aminos\u00e4uren-Kupfer(II)-chelat, Hydrat) 15 mg, Selen (als Natriumselenit) 0,15 mg, DL-Methionin 2.500 mg, L-Tryptophan 500 mg.<\/p>\n<\/div>\n<p>Als Belohnung oder kleine Zwischenmahlzeit. Nicht \u00fcberf\u00fcttern. Frisches Wasser sollte stets zur Verf\u00fcgung stehen. K\u00fchl und trocken lagern.<\/p>\n<\/div>\n<div class=\"row mb-3 pb-3\">\n<div><\/div>\n<\/div>\n","protected":false},"excerpt":{"rendered":"<p>WOLFSBLUT VetLine Care Snack \u2013 HYPOALLERGENIC: Bei Futtermittelunvertr\u00e4glichkeiten Erg\u00e4nzungsfuttermittel Futtermittelunvertr\u00e4glichkeiten k\u00f6nnen das Wohlbefinden unserer treuen Begleiter erheblich beeintr\u00e4chtigen. Ob bei der F\u00fctterung von gew\u00f6hnlichem Futter oder bei speziellen Snacks \u2013 empfindliche Hunde reagieren h\u00e4ufig auf bestimmte Zutaten. Der\u00a0WOLFSBLUT VetLine HYPOALLERGENIC Snack\u00a0wurde speziell als Teil unserer\u00a0VetLine Care Linie\u00a0entwickelt, um Hunde mit Allergien und Unvertr\u00e4glichkeiten zu unterst\u00fctzen. [&hellip;]<\/p>\n","protected":false},"featured_media":23372,"comment_status":"closed","ping_status":"closed","template":"","meta":[],"product_brand":[],"product_cat":[233],"product_tag":[],"class_list":{"0":"post-23370","1":"product","2":"type-product","3":"status-publish","4":"has-post-thumbnail","6":"product_cat-leckerlies-von-wolfsblut","7":"tm-no-options","9":"first","10":"instock","11":"taxable","12":"shipping-taxable","13":"product-type-simple"},"supplier_id":null,"supplier_sku":"","barcode":null,"atum_controlled":true,"out_stock_date":null,"out_stock_threshold":null,"inheritable":false,"inbound_stock":null,"stock_on_hold":null,"sold_today":null,"sales_last_days":null,"reserved_stock":null,"customer_returns":null,"warehouse_damage":null,"lost_in_post":null,"other_logs":null,"out_stock_days":null,"lost_sales":null,"has_location":false,"update_date":"2025-08-22T18:03:31","atum_locations":[],"atum_stock_status":"instock","restock_status":false,"low_stock_amount":"","sales_update_date":"2025-08-22T12:56:25","calc_backorders":null,"jetpack_sharing_enabled":true,"_links":{"self":[{"href":"https:\/\/www.go4dogs.de\/index.php?rest_route=\/wp\/v2\/product\/23370","targetHints":{"allow":["GET"]}}],"collection":[{"href":"https:\/\/www.go4dogs.de\/index.php?rest_route=\/wp\/v2\/product"}],"about":[{"href":"https:\/\/www.go4dogs.de\/index.php?rest_route=\/wp\/v2\/types\/product"}],"replies":[{"embeddable":true,"href":"https:\/\/www.go4dogs.de\/index.php?rest_route=%2Fwp%2Fv2%2Fcomments&post=23370"}],"wp:featuredmedia":[{"embeddable":true,"href":"https:\/\/www.go4dogs.de\/index.php?rest_route=\/wp\/v2\/media\/23372"}],"wp:attachment":[{"href":"https:\/\/www.go4dogs.de\/index.php?rest_route=%2Fwp%2Fv2%2Fmedia&parent=23370"}],"wp:term":[{"taxonomy":"product_brand","embeddable":true,"href":"https:\/\/www.go4dogs.de\/index.php?rest_route=%2Fwp%2Fv2%2Fproduct_brand&post=23370"},{"taxonomy":"product_cat","embeddable":true,"href":"https:\/\/www.go4dogs.de\/index.php?rest_route=%2Fwp%2Fv2%2Fproduct_cat&post=23370"},{"taxonomy":"product_tag","embeddable":true,"href":"https:\/\/www.go4dogs.de\/index.php?rest_route=%2Fwp%2Fv2%2Fproduct_tag&post=23370"}],"curies":[{"name":"wp","href":"https:\/\/api.w.org\/{rel}","templated":true}]}}