{"id":23286,"date":"2025-06-30T18:15:20","date_gmt":"2025-06-30T16:15:20","guid":{"rendered":"https:\/\/www.go4dogs.de\/?post_type=product&#038;p=23286"},"modified":"2025-11-30T15:06:32","modified_gmt":"2025-11-30T13:06:32","slug":"hirschsehne-125g","status":"publish","type":"product","link":"https:\/\/www.go4dogs.de\/?product=hirschsehne-125g","title":{"rendered":"Hirschsehne 125g"},"content":{"rendered":"<h1 class=\"fusion-responsive-typography-calculated\" data-fontsize=\"32\" data-lineheight=\"51.2px\">Premium Kauartikel Hirsch-Sehnen<\/h1>\n<h3 class=\"fusion-responsive-typography-calculated\" data-fontsize=\"26\" data-lineheight=\"39px\">Der besondere, extra lange Kaugenuss f\u00fcr Hunde<\/h3>\n<p>Da ist jeder Hund ganz \u201ewild\u201c drauf: Unsere schonend getrockneten\u00a0<strong>Hirsch-Sehnen<\/strong>\u00a0sind besonders hart und mit nur ca. 3% Fettanteil selbst f\u00fcr figurbewusste Vierbeiner das ideale Leckerli. Kauartikel vom Hirsch sind besonders lecker, sehr gut bek\u00f6mmlich und werden sogar von magenempfindlichen Hunden in der Regel sehr gut angenommen.<\/p>\n<p>Heutzutage treten leider immer h\u00e4ufiger Futterallergien und Unvertr\u00e4glichkeiten auf und viele Hundebesitzer sind verunsichert, welche Leckerlies sie \u00fcberhaupt noch an ihre Vierbeiner verf\u00fcttern d\u00fcrfen. Unsere Hirsch-Sehnen stellen hier eine echte Alternative dar. Hirsch-Fleisch geh\u00f6rt noch zu den kaum belasteten Fleischsorten, da die Tiere in freier Wildbahn leben und sich ausschlie\u00dflich von dem Nahrungsangebot der Natur bedienen. Dadurch k\u00f6nnen Fremdstoffe wie k\u00fcnstliche Hormone und Medikamente im Fleisch ausgeschlossen werden. Kauartikel vom Hirsch gelten daher als\u00a0<strong>hypoallergen<\/strong>, sprich frei von allergieausl\u00f6senden Stoffen.<\/p>\n<p>Unsere Hirsch-Sehnen sind besonders hart und versprechen langanhaltendes\u00a0<strong>Kauvergn\u00fcgen<\/strong>. Selbst gro\u00dfe Hunde, die gerne und ausgiebig Kauen kommen hier voll auf ihre Kosten! Das Knabbern an unseren cholesterinarmen Sehnen sorgt nicht nur f\u00fcr eine sch\u00f6ne, artgerechte Besch\u00e4ftigung des Hundes, es trainiert gleichzeitig die Kaumuskulatur und pflegt das Gebiss. So sorgt das hingebungsvolle Herumkauen an unseren langen Hirsch-Sehnen daf\u00fcr, dass Futterreste und Zahnbel\u00e4ge gel\u00f6st und das Gebiss auf nat\u00fcrliche Art und Weise gereinigt wird.<\/p>\n<p>Unsere Hirsch-Sehnen haben eine L\u00e4nge von ca. 10 -20 cm.<\/p>\n<p>&nbsp;<\/p>\n<h4 class=\"fusion-responsive-typography-calculated\" data-fontsize=\"20\" data-lineheight=\"30px\">Alle Vorteile im \u00dcberblick:<\/h4>\n<ul>\n<li>100% Hirsch (Monoprotein)<\/li>\n<li>Ohne k\u00fcnstliche Zus\u00e4tze wie Konservierungsstoffe oder Geschmacksverst\u00e4rker<\/li>\n<li>Gluten- und laktosefrei<\/li>\n<li>F\u00fcr Allergiker-Hunde geeignet<\/li>\n<li>Sehr fett- und cholesterinarm<\/li>\n<li>Lange Kaubesch\u00e4ftigung<\/li>\n<li>Nat\u00fcrliche Zahnreinigung<\/li>\n<\/ul>\n<p>&nbsp;<\/p>\n<h4 class=\"fusion-responsive-typography-calculated\" data-fontsize=\"20\" data-lineheight=\"30px\">Zusammensetzung:<\/h4>\n<p>Dieser Artikel ist zu 100% Hirsch (Monoprotein), ohne Zusatz von Getreide oder anderen Streckmitteln.<\/p>\n<p>Unsere Hirsch-Sehnen sind glutenfrei, ohne Chemie und Konservierungsstoffe.<\/p>\n<p>Inhaltsstoffe (Analyse unterliegt den nat\u00fcrlichen Schwankungen): Protein 88,9%, Fett 3,3%, Asche 1,4%.<\/p>\n","protected":false},"excerpt":{"rendered":"<p>Premium Kauartikel Hirsch-Sehnen Der besondere, extra lange Kaugenuss f\u00fcr Hunde Da ist jeder Hund ganz \u201ewild\u201c drauf: Unsere schonend getrockneten\u00a0Hirsch-Sehnen\u00a0sind besonders hart und mit nur ca. 3% Fettanteil selbst f\u00fcr figurbewusste Vierbeiner das ideale Leckerli. Kauartikel vom Hirsch sind besonders lecker, sehr gut bek\u00f6mmlich und werden sogar von magenempfindlichen Hunden in der Regel sehr gut [&hellip;]<\/p>\n","protected":false},"featured_media":23287,"comment_status":"closed","ping_status":"closed","template":"","meta":[],"product_brand":[],"product_cat":[241],"product_tag":[],"class_list":{"0":"post-23286","1":"product","2":"type-product","3":"status-publish","4":"has-post-thumbnail","6":"product_cat-kauspass","7":"tm-no-options","9":"first","10":"outofstock","11":"taxable","12":"shipping-taxable","13":"product-type-simple"},"supplier_id":null,"supplier_sku":"","barcode":null,"atum_controlled":true,"out_stock_date":"2025-11-30 15:06:32","out_stock_threshold":null,"inheritable":false,"inbound_stock":null,"stock_on_hold":null,"sold_today":null,"sales_last_days":null,"reserved_stock":null,"customer_returns":null,"warehouse_damage":null,"lost_in_post":null,"other_logs":null,"out_stock_days":null,"lost_sales":null,"has_location":false,"update_date":"2025-11-30T13:06:33","atum_locations":[],"atum_stock_status":"outofstock","restock_status":false,"low_stock_amount":"","sales_update_date":"2023-05-25T03:14:09","calc_backorders":null,"jetpack_sharing_enabled":true,"_links":{"self":[{"href":"https:\/\/www.go4dogs.de\/index.php?rest_route=\/wp\/v2\/product\/23286","targetHints":{"allow":["GET"]}}],"collection":[{"href":"https:\/\/www.go4dogs.de\/index.php?rest_route=\/wp\/v2\/product"}],"about":[{"href":"https:\/\/www.go4dogs.de\/index.php?rest_route=\/wp\/v2\/types\/product"}],"replies":[{"embeddable":true,"href":"https:\/\/www.go4dogs.de\/index.php?rest_route=%2Fwp%2Fv2%2Fcomments&post=23286"}],"wp:featuredmedia":[{"embeddable":true,"href":"https:\/\/www.go4dogs.de\/index.php?rest_route=\/wp\/v2\/media\/23287"}],"wp:attachment":[{"href":"https:\/\/www.go4dogs.de\/index.php?rest_route=%2Fwp%2Fv2%2Fmedia&parent=23286"}],"wp:term":[{"taxonomy":"product_brand","embeddable":true,"href":"https:\/\/www.go4dogs.de\/index.php?rest_route=%2Fwp%2Fv2%2Fproduct_brand&post=23286"},{"taxonomy":"product_cat","embeddable":true,"href":"https:\/\/www.go4dogs.de\/index.php?rest_route=%2Fwp%2Fv2%2Fproduct_cat&post=23286"},{"taxonomy":"product_tag","embeddable":true,"href":"https:\/\/www.go4dogs.de\/index.php?rest_route=%2Fwp%2Fv2%2Fproduct_tag&post=23286"}],"curies":[{"name":"wp","href":"https:\/\/api.w.org\/{rel}","templated":true}]}}