{"id":23231,"date":"2025-03-27T17:26:34","date_gmt":"2025-03-27T15:26:34","guid":{"rendered":"https:\/\/www.go4dogs.de\/?post_type=product&#038;p=23231"},"modified":"2025-11-29T16:34:06","modified_gmt":"2025-11-29T14:34:06","slug":"zippypaws-burrow-tasse-mit-donuts","status":"publish","type":"product","link":"https:\/\/www.go4dogs.de\/?product=zippypaws-burrow-tasse-mit-donuts","title":{"rendered":"ZippyPaws Burrow Tasse mit Donuts"},"content":{"rendered":"<div class=\"woocommerce-tabs wc-tabs-wrapper container tabbed-content\">\n<div class=\"tab-panels\">\n<div id=\"tab-description\" class=\"woocommerce-Tabs-panel woocommerce-Tabs-panel--description panel entry-content active\" role=\"tabpanel\" aria-labelledby=\"tab-title-description\">\n<div class=\"product--description\">\n<div class=\"product--description\">\n<h2>Donuttasse von ZippyPaws<\/h2>\n<p>Was w\u00e4re eine Kaffeetafel ohne Kakao und Donuts? Die <strong>Donuttasse<\/strong> von ZippyPaws. ist\u00a0 ein absolutes Must-Have unter f\u00fcr jedes S\u00fc\u00dfmaul. Dieses s\u00fc\u00dfes Besch\u00e4ftigungsspielzeug l\u00e4sst alle Hundeherzen schmelzen. Es ist perfekt f\u00fcr Tage, an denen ihr euren Vierbeiner drinnen besch\u00e4ftigen wollt!<\/p>\n<p>Mit dem interaktiven Pl\u00fcschspielzeug ist euer Hund besch\u00e4ftigt \u2013 ganz ohne Kalorien. Es stecken drei Donuts in der Tasse. Sie werden deinen Liebling mit Quietschger\u00e4uschen animieren seine Nase in der Tasse zu vergraben um die Pl\u00fcschdonuts aus ihrem Versteck zu holen. Ein Pl\u00fcsch-Spielzeug mit Gute-Laune-Garantie! Jetzt kann euer Vierbeiner Freude beim Sonntagskaffee haben ohne sich dabei die Pf\u00f6tchen mit Zucker schmutzig zu machen.<\/p>\n<p>Dabei f\u00f6rdert ihr die geistige Kopfarbeit und verhindert Langeweile. Um das Spiel noch etwas attraktiver zu machen k\u00f6nnt ihr in die Tasse ein paar der Lieblingsleckerlis verstecken \u2013 so macht das ernten sicher noch mehr Spa\u00df.<\/p>\n<h3>Hundespielzeug mit Quitschie f\u00fcr einen abwechslungsreichen Spielspa\u00df<\/h3>\n<p>Spielen mit dem Hund macht nicht nur dem Hund Spa\u00df. Mit unserer gro\u00dfen Auswahl an Hunde-Spielzeug mit Quietschie f\u00fcr einen abwechslungsreichen Spielspa\u00df sorgst du f\u00fcr leuchtende Hundeaugen. Je nach Art des Spielzeugs sprichst du die nat\u00fcrlichen Instinkte deines Vierbeiners an und bringst so Abwechslung in seinen Alltag. Besonders f\u00fcr Hunderassen, die viel Auslauf und Bewegung ben\u00f6tigen, sind ausgedehnte Spazierg\u00e4nge mit vielseitigen Spieleinheiten essenziell. Gleichzeitig st\u00e4rkt die spielerische Interaktion die Bindung zwischen Mensch und Tier. Das hei\u00dft, je mehr du dich mit deinem Hund besch\u00e4ftigst, desto mehr vertraut er dir.<\/p>\n<h4>Spielen mit Hund: Hundebesch\u00e4ftigungsspiel<\/h4>\n<p>Hundebesch\u00e4ftigungsspiel\u00a0macht nicht nur dem Hund Spa\u00df. Mit unserer gro\u00dfen Auswahl an Hundespielzeugen f\u00fcr einen abwechslungsreichen Spielspa\u00df sorgst du f\u00fcr leuchtende Hundeaugen. Je nach Art des Spielzeugs sprichst du die nat\u00fcrlichen Instinkte deines Vierbeiners an und bringst so Abwechslung in seinen Alltag. Besonders f\u00fcr Hunderassen, die viel Auslauf und Bewegung ben\u00f6tigen, ist eine artgerechte Auslastung f\u00fcr Kopf und K\u00f6rper essenziell. Gleichzeitig st\u00e4rkt die spielerische Interaktion die Bindung zwischen Mensch und Tier. Das hei\u00dft, je mehr du dich mit deinem Hund besch\u00e4ftigst, desto mehr vertraut er dir.<\/p>\n<h4>Gr\u00f6\u00dfe<\/h4>\n<p>ca. 15 x 20 x 15 cm, Durchmesser des Donuts ca. 12 cm<\/p>\n<\/div>\n<\/div>\n<\/div>\n<div id=\"tab-product_safety\" class=\"woocommerce-Tabs-panel woocommerce-Tabs-panel--product_safety panel entry-content\" role=\"tabpanel\" aria-labelledby=\"tab-title-product_safety\">\n<h3 class=\"wc-gzd-product-manufacturer-heading\"><\/h3>\n<div class=\"manufacturer wc-gzd-additional-info\">\n<p class=\"wc-gzd-manufacturer-address\">\n<\/div>\n<\/div>\n<\/div>\n<\/div>\n<p class=\"customtext\">Bitte beachtet, dass auch das robusteste Hundespielzeug nicht f\u00fcr die Ewigkeit gemacht ist und je nach Spielweise und Bisskraft deines Hundes unterschiedlich lange h\u00e4lt. Vergesst nicht: Euer Hund kann Knochen zerkauen &#8211; da gibt selbst das beste Spielzeug irgendwann auf. Benutzte und defekte Hundespielzeuge sind daher vom Umtausch und der Gew\u00e4hrleistung ausgeschlossen.<\/p>\n","protected":false},"excerpt":{"rendered":"<p>Donuttasse von ZippyPaws Was w\u00e4re eine Kaffeetafel ohne Kakao und Donuts? Die Donuttasse von ZippyPaws. ist\u00a0 ein absolutes Must-Have unter f\u00fcr jedes S\u00fc\u00dfmaul. Dieses s\u00fc\u00dfes Besch\u00e4ftigungsspielzeug l\u00e4sst alle Hundeherzen schmelzen. Es ist perfekt f\u00fcr Tage, an denen ihr euren Vierbeiner drinnen besch\u00e4ftigen wollt! Mit dem interaktiven Pl\u00fcschspielzeug ist euer Hund besch\u00e4ftigt \u2013 ganz ohne Kalorien. [&hellip;]<\/p>\n","protected":false},"featured_media":23232,"comment_status":"closed","ping_status":"closed","template":"","meta":[],"product_brand":[],"product_cat":[219,220],"product_tag":[],"class_list":{"0":"post-23231","1":"product","2":"type-product","3":"status-publish","4":"has-post-thumbnail","6":"product_cat-zum-beschaeftigen","7":"product_cat-zum-kuscheln","8":"tm-no-options","10":"first","11":"instock","12":"sale","13":"taxable","14":"shipping-taxable","15":"product-type-simple"},"supplier_id":null,"supplier_sku":"","barcode":null,"atum_controlled":true,"out_stock_date":null,"out_stock_threshold":null,"inheritable":false,"inbound_stock":null,"stock_on_hold":null,"sold_today":null,"sales_last_days":null,"reserved_stock":null,"customer_returns":null,"warehouse_damage":null,"lost_in_post":null,"other_logs":null,"out_stock_days":null,"lost_sales":null,"has_location":false,"update_date":"2025-11-29T14:34:06","atum_locations":[],"atum_stock_status":"instock","restock_status":false,"low_stock_amount":"","sales_update_date":null,"calc_backorders":null,"jetpack_sharing_enabled":true,"_links":{"self":[{"href":"https:\/\/www.go4dogs.de\/index.php?rest_route=\/wp\/v2\/product\/23231","targetHints":{"allow":["GET"]}}],"collection":[{"href":"https:\/\/www.go4dogs.de\/index.php?rest_route=\/wp\/v2\/product"}],"about":[{"href":"https:\/\/www.go4dogs.de\/index.php?rest_route=\/wp\/v2\/types\/product"}],"replies":[{"embeddable":true,"href":"https:\/\/www.go4dogs.de\/index.php?rest_route=%2Fwp%2Fv2%2Fcomments&post=23231"}],"wp:featuredmedia":[{"embeddable":true,"href":"https:\/\/www.go4dogs.de\/index.php?rest_route=\/wp\/v2\/media\/23232"}],"wp:attachment":[{"href":"https:\/\/www.go4dogs.de\/index.php?rest_route=%2Fwp%2Fv2%2Fmedia&parent=23231"}],"wp:term":[{"taxonomy":"product_brand","embeddable":true,"href":"https:\/\/www.go4dogs.de\/index.php?rest_route=%2Fwp%2Fv2%2Fproduct_brand&post=23231"},{"taxonomy":"product_cat","embeddable":true,"href":"https:\/\/www.go4dogs.de\/index.php?rest_route=%2Fwp%2Fv2%2Fproduct_cat&post=23231"},{"taxonomy":"product_tag","embeddable":true,"href":"https:\/\/www.go4dogs.de\/index.php?rest_route=%2Fwp%2Fv2%2Fproduct_tag&post=23231"}],"curies":[{"name":"wp","href":"https:\/\/api.w.org\/{rel}","templated":true}]}}