{"id":23225,"date":"2025-03-27T17:11:42","date_gmt":"2025-03-27T15:11:42","guid":{"rendered":"https:\/\/www.go4dogs.de\/?post_type=product&#038;p=23225"},"modified":"2025-11-29T16:34:05","modified_gmt":"2025-11-29T14:34:05","slug":"zippypaws-nomnomz-avocado","status":"publish","type":"product","link":"https:\/\/www.go4dogs.de\/?product=zippypaws-nomnomz-avocado","title":{"rendered":"ZippyPaws NomNomz Avocado"},"content":{"rendered":"<p>&nbsp;<\/p>\n<div class=\"tab__body lg:pt-10 lg:absolute lg:px-2\">\n<div class=\"prose row\">\n<article class=\"col-span-12 md:col-span-7 lg:col-span-8\">Zippypaws hat Ihr Lieblingsessen in Pl\u00fcschdesign kreiert. Diese niedliche Avocado wird Ihrem Haustier sicher gefallen. Im Inneren befinden sich zwei Quietscher f\u00fcr zus\u00e4tzlichen Spielspa\u00df!<\/p>\n<h2>Eigenschaften<\/h2>\n<ul>\n<li>Spielzeug in Form einer Avocado<\/li>\n<li>Lustiges und niedliches Design<\/li>\n<li>Enth\u00e4lt zwei Quietscher f\u00fcr zus\u00e4tzlichen Spielspa\u00df<\/li>\n<\/ul>\n<h2>Abmessungen<\/h2>\n<p>20 x 13 cm<\/p>\n<h2>Farbe<\/h2>\n<p>Gr\u00fcn mit Braun<\/p>\n<\/article>\n<\/div>\n<\/div>\n<p>&nbsp;<\/p>\n","protected":false},"excerpt":{"rendered":"<p>&nbsp; Zippypaws hat Ihr Lieblingsessen in Pl\u00fcschdesign kreiert. Diese niedliche Avocado wird Ihrem Haustier sicher gefallen. Im Inneren befinden sich zwei Quietscher f\u00fcr zus\u00e4tzlichen Spielspa\u00df! Eigenschaften Spielzeug in Form einer Avocado Lustiges und niedliches Design Enth\u00e4lt zwei Quietscher f\u00fcr zus\u00e4tzlichen Spielspa\u00df Abmessungen 20 x 13 cm Farbe Gr\u00fcn mit Braun &nbsp;<\/p>\n","protected":false},"featured_media":23222,"comment_status":"closed","ping_status":"closed","template":"","meta":[],"product_brand":[],"product_cat":[220],"product_tag":[],"class_list":{"0":"post-23225","1":"product","2":"type-product","3":"status-publish","4":"has-post-thumbnail","6":"product_cat-zum-kuscheln","7":"tm-no-options","9":"first","10":"instock","11":"sale","12":"taxable","13":"shipping-taxable","14":"product-type-simple"},"supplier_id":null,"supplier_sku":"","barcode":null,"atum_controlled":true,"out_stock_date":null,"out_stock_threshold":null,"inheritable":false,"inbound_stock":null,"stock_on_hold":null,"sold_today":null,"sales_last_days":null,"reserved_stock":null,"customer_returns":null,"warehouse_damage":null,"lost_in_post":null,"other_logs":null,"out_stock_days":null,"lost_sales":null,"has_location":false,"update_date":"2025-11-29T14:34:06","atum_locations":[],"atum_stock_status":"instock","restock_status":false,"low_stock_amount":"","sales_update_date":null,"calc_backorders":null,"jetpack_sharing_enabled":true,"_links":{"self":[{"href":"https:\/\/www.go4dogs.de\/index.php?rest_route=\/wp\/v2\/product\/23225","targetHints":{"allow":["GET"]}}],"collection":[{"href":"https:\/\/www.go4dogs.de\/index.php?rest_route=\/wp\/v2\/product"}],"about":[{"href":"https:\/\/www.go4dogs.de\/index.php?rest_route=\/wp\/v2\/types\/product"}],"replies":[{"embeddable":true,"href":"https:\/\/www.go4dogs.de\/index.php?rest_route=%2Fwp%2Fv2%2Fcomments&post=23225"}],"wp:featuredmedia":[{"embeddable":true,"href":"https:\/\/www.go4dogs.de\/index.php?rest_route=\/wp\/v2\/media\/23222"}],"wp:attachment":[{"href":"https:\/\/www.go4dogs.de\/index.php?rest_route=%2Fwp%2Fv2%2Fmedia&parent=23225"}],"wp:term":[{"taxonomy":"product_brand","embeddable":true,"href":"https:\/\/www.go4dogs.de\/index.php?rest_route=%2Fwp%2Fv2%2Fproduct_brand&post=23225"},{"taxonomy":"product_cat","embeddable":true,"href":"https:\/\/www.go4dogs.de\/index.php?rest_route=%2Fwp%2Fv2%2Fproduct_cat&post=23225"},{"taxonomy":"product_tag","embeddable":true,"href":"https:\/\/www.go4dogs.de\/index.php?rest_route=%2Fwp%2Fv2%2Fproduct_tag&post=23225"}],"curies":[{"name":"wp","href":"https:\/\/api.w.org\/{rel}","templated":true}]}}