{"id":23217,"date":"2025-03-21T12:31:41","date_gmt":"2025-03-21T10:31:41","guid":{"rendered":"https:\/\/www.go4dogs.de\/?post_type=product&#038;p=23217"},"modified":"2025-11-29T16:34:05","modified_gmt":"2025-11-29T14:34:05","slug":"designed-by-lotte-hase-alina-rosa","status":"publish","type":"product","link":"https:\/\/www.go4dogs.de\/?product=designed-by-lotte-hase-alina-rosa","title":{"rendered":"Designed by Lotte Hase Alina rosa"},"content":{"rendered":"<p>Das von Designed by Lotte entworfene Hundespielzeug Hase Alina \u00e4hnelt einem Hasen mit riesigen Ohren.<\/p>\n<p>Alina ist aus weichem Samt und liegt damit ganz im Einklang mit den neuesten Einrichtungstrends.<\/p>\n<p>Velvet Hundespielzeug Alina eignet sich f\u00fcr stundenlangen Spiel- und Kuschelspa\u00df.<\/p>\n<p>&nbsp;<\/p>\n<ul>\n<li>Aus weichem Samt<\/li>\n<li>F\u00fcr stundenlangen Spiel- und Kuschelspa\u00df<\/li>\n<li>Erh\u00e4ltlich in 3 verschiedenen Farben<\/li>\n<li>mit Quietscher<\/li>\n<li>Ma\u00dfe: 27x10x6 cm<\/li>\n<\/ul>\n","protected":false},"excerpt":{"rendered":"<p>Das von Designed by Lotte entworfene Hundespielzeug Hase Alina \u00e4hnelt einem Hasen mit riesigen Ohren. Alina ist aus weichem Samt und liegt damit ganz im Einklang mit den neuesten Einrichtungstrends. Velvet Hundespielzeug Alina eignet sich f\u00fcr stundenlangen Spiel- und Kuschelspa\u00df. &nbsp; Aus weichem Samt F\u00fcr stundenlangen Spiel- und Kuschelspa\u00df Erh\u00e4ltlich in 3 verschiedenen Farben mit [&hellip;]<\/p>\n","protected":false},"featured_media":23218,"comment_status":"closed","ping_status":"closed","template":"","meta":[],"product_brand":[],"product_cat":[220],"product_tag":[],"class_list":{"0":"post-23217","1":"product","2":"type-product","3":"status-publish","4":"has-post-thumbnail","6":"product_cat-zum-kuscheln","7":"tm-no-options","9":"first","10":"instock","11":"sale","12":"taxable","13":"shipping-taxable","14":"product-type-simple"},"supplier_id":null,"supplier_sku":"","barcode":null,"atum_controlled":true,"out_stock_date":null,"out_stock_threshold":null,"inheritable":false,"inbound_stock":0,"stock_on_hold":0,"sold_today":0,"sales_last_days":0,"reserved_stock":0,"customer_returns":0,"warehouse_damage":0,"lost_in_post":0,"other_logs":0,"out_stock_days":0,"lost_sales":0,"has_location":false,"update_date":"2025-11-29T14:34:06","atum_locations":[],"atum_stock_status":"instock","restock_status":false,"low_stock_amount":"","sales_update_date":"2025-03-27T14:07:52","calc_backorders":null,"jetpack_sharing_enabled":true,"_links":{"self":[{"href":"https:\/\/www.go4dogs.de\/index.php?rest_route=\/wp\/v2\/product\/23217","targetHints":{"allow":["GET"]}}],"collection":[{"href":"https:\/\/www.go4dogs.de\/index.php?rest_route=\/wp\/v2\/product"}],"about":[{"href":"https:\/\/www.go4dogs.de\/index.php?rest_route=\/wp\/v2\/types\/product"}],"replies":[{"embeddable":true,"href":"https:\/\/www.go4dogs.de\/index.php?rest_route=%2Fwp%2Fv2%2Fcomments&post=23217"}],"wp:featuredmedia":[{"embeddable":true,"href":"https:\/\/www.go4dogs.de\/index.php?rest_route=\/wp\/v2\/media\/23218"}],"wp:attachment":[{"href":"https:\/\/www.go4dogs.de\/index.php?rest_route=%2Fwp%2Fv2%2Fmedia&parent=23217"}],"wp:term":[{"taxonomy":"product_brand","embeddable":true,"href":"https:\/\/www.go4dogs.de\/index.php?rest_route=%2Fwp%2Fv2%2Fproduct_brand&post=23217"},{"taxonomy":"product_cat","embeddable":true,"href":"https:\/\/www.go4dogs.de\/index.php?rest_route=%2Fwp%2Fv2%2Fproduct_cat&post=23217"},{"taxonomy":"product_tag","embeddable":true,"href":"https:\/\/www.go4dogs.de\/index.php?rest_route=%2Fwp%2Fv2%2Fproduct_tag&post=23217"}],"curies":[{"name":"wp","href":"https:\/\/api.w.org\/{rel}","templated":true}]}}