{"id":23170,"date":"2025-01-19T14:33:21","date_gmt":"2025-01-19T12:33:21","guid":{"rendered":"https:\/\/www.go4dogs.de\/?post_type=product&#038;p=23170"},"modified":"2025-09-11T15:41:10","modified_gmt":"2025-09-11T13:41:10","slug":"lachsoel-paulpaulina-250ml","status":"publish","type":"product","link":"https:\/\/www.go4dogs.de\/?product=lachsoel-paulpaulina-250ml","title":{"rendered":"Lachs\u00f6l Paul&#038;Paulina 250ml"},"content":{"rendered":"<p>Hunde und Katzen ben\u00f6tigen sowohl Omega-3- als auch Omega-6- Fetts\u00e4uren. Durch die optimale Zusammensetzung der beiden Fetts\u00e4uren in unserem Lachs\u00f6l eignet es sich hervorragend als Futtererg\u00e4nzung bei Haut- und Fellproblemen wie Juckreiz, Allergien, mattem Fell, trockener Haut. Au\u00dferdem unterst\u00fctzt unser Lachs\u00f6l das Immunsystem und wirkt Herz-Kreislaufbeschwerden entgegen.<\/p>\n<p>Mehrfach unges\u00e4ttigte Fetts\u00e4uren ca. 35%<\/p>\n<p>EPA: 3,07%<br \/>\nDHA: 4,29%<br \/>\nDas Lachs\u00f6l kann t\u00e4glich verf\u00fcttert werden.<br \/>\nDosierung:<br \/>\nKatzen und kleine Hunde: tgl. 1 TL<br \/>\nHunde 10-25kg: tgl. 2 TL<br \/>\nHunde 25-50kg: tgl. 3 TL<br \/>\nHunde &gt;50 kg: tgl. 4 TL<br \/>\nNach Anbruch im K\u00fchlschrank lagern und innerhalb von 8 Wochen aufbrauchen.<\/p>\n<p>Einzelfuttermittel f\u00fcr Hunde und Katzen<\/p>\n<p>Wir setzen Astaxanthin als Antioxidans ein. Astaxanthin ist ein Carotinoid mit besonders grosser antioxidativer und entz\u00fcndungshemmender Wirkung. Es handelt sich um einen der st\u00e4rksten nat\u00fcrlichen Radikalf\u00e4nger.<\/p>\n","protected":false},"excerpt":{"rendered":"<p>Hunde und Katzen ben\u00f6tigen sowohl Omega-3- als auch Omega-6- Fetts\u00e4uren. Durch die optimale Zusammensetzung der beiden Fetts\u00e4uren in unserem Lachs\u00f6l eignet es sich hervorragend als Futtererg\u00e4nzung bei Haut- und Fellproblemen wie Juckreiz, Allergien, mattem Fell, trockener Haut. Au\u00dferdem unterst\u00fctzt unser Lachs\u00f6l das Immunsystem und wirkt Herz-Kreislaufbeschwerden entgegen. Mehrfach unges\u00e4ttigte Fetts\u00e4uren ca. 35% EPA: 3,07% DHA: [&hellip;]<\/p>\n","protected":false},"featured_media":23171,"comment_status":"closed","ping_status":"closed","template":"","meta":[],"product_brand":[],"product_cat":[236],"product_tag":[],"class_list":{"0":"post-23170","1":"product","2":"type-product","3":"status-publish","4":"has-post-thumbnail","6":"product_cat-nahrungsergaenzung-und-apotheke","7":"tm-no-options","9":"first","10":"instock","11":"taxable","12":"shipping-taxable","13":"product-type-simple"},"supplier_id":null,"supplier_sku":"","barcode":null,"atum_controlled":true,"out_stock_date":null,"out_stock_threshold":null,"inheritable":false,"inbound_stock":0,"stock_on_hold":1,"sold_today":1,"sales_last_days":1,"reserved_stock":0,"customer_returns":0,"warehouse_damage":0,"lost_in_post":0,"other_logs":0,"out_stock_days":0,"lost_sales":0,"has_location":false,"update_date":"2025-09-11T13:41:11","atum_locations":[],"atum_stock_status":"instock","restock_status":false,"low_stock_amount":"","sales_update_date":"2025-09-07T16:02:35","calc_backorders":null,"jetpack_sharing_enabled":true,"_links":{"self":[{"href":"https:\/\/www.go4dogs.de\/index.php?rest_route=\/wp\/v2\/product\/23170","targetHints":{"allow":["GET"]}}],"collection":[{"href":"https:\/\/www.go4dogs.de\/index.php?rest_route=\/wp\/v2\/product"}],"about":[{"href":"https:\/\/www.go4dogs.de\/index.php?rest_route=\/wp\/v2\/types\/product"}],"replies":[{"embeddable":true,"href":"https:\/\/www.go4dogs.de\/index.php?rest_route=%2Fwp%2Fv2%2Fcomments&post=23170"}],"wp:featuredmedia":[{"embeddable":true,"href":"https:\/\/www.go4dogs.de\/index.php?rest_route=\/wp\/v2\/media\/23171"}],"wp:attachment":[{"href":"https:\/\/www.go4dogs.de\/index.php?rest_route=%2Fwp%2Fv2%2Fmedia&parent=23170"}],"wp:term":[{"taxonomy":"product_brand","embeddable":true,"href":"https:\/\/www.go4dogs.de\/index.php?rest_route=%2Fwp%2Fv2%2Fproduct_brand&post=23170"},{"taxonomy":"product_cat","embeddable":true,"href":"https:\/\/www.go4dogs.de\/index.php?rest_route=%2Fwp%2Fv2%2Fproduct_cat&post=23170"},{"taxonomy":"product_tag","embeddable":true,"href":"https:\/\/www.go4dogs.de\/index.php?rest_route=%2Fwp%2Fv2%2Fproduct_tag&post=23170"}],"curies":[{"name":"wp","href":"https:\/\/api.w.org\/{rel}","templated":true}]}}