{"id":23159,"date":"2025-01-19T13:48:02","date_gmt":"2025-01-19T11:48:02","guid":{"rendered":"https:\/\/www.go4dogs.de\/?post_type=product&#038;p=23159"},"modified":"2025-01-19T13:49:59","modified_gmt":"2025-01-19T11:49:59","slug":"dr-clauders-trainee-snack-ziege","status":"publish","type":"product","link":"https:\/\/www.go4dogs.de\/?product=dr-clauders-trainee-snack-ziege","title":{"rendered":"Dr.Clauder\u00b4s Trainee Snack Ziege"},"content":{"rendered":"<p>Dr.Clauder\u00b4s Trainee Snacks Ziege bestehen zu 95% aus Ziege. Durch die schonende Dampftrocknung beh\u00e4lt das Fleisch sein einzigartiges Aroma. Unser Trainee Snack Ziege enth\u00e4lt neben Ziegenfleisch auch wertvolle Innereien und orientiert sich daher an der nat\u00fcrlichen Nahrung der Hunde und Katzen. Trotz des roten Fleisches der Zeige enth\u00e4lt dieses weniger ges\u00e4ttigte Fette als z.B. klassische Proteinquellen wie Rindfleisch.<\/p>\n<p>Ideal f\u00fcr die t\u00e4gliche Belohnung oder als Erg\u00e4nzung zur regul\u00e4ren F\u00fctterung ist dieser Snack nicht nur unwiderstehlich lecker, sondern auch praktisch f\u00fcr unterwegs.<\/p>\n<p><strong id=\"usage_instructions_title\">Anwendungshinweise:<\/strong>\u00a0<span id=\"usage_instructions_text\">: Stets frisches Wasser bereit stellen! Vor Feuchtigkeit sch\u00fctzen! K\u00fchl und trocken aufbewahren!\u00a0<\/span><\/p>\n<p><strong>Erg\u00e4nzungsfuttermittel f\u00fcr Hunde und Katzen.<\/strong><\/p>\n<p><strong>Zusammensetzung<\/strong>: Ziege 95%, pflanzliche Nebenerzeugnisse, pflanzliche Eiwei\u00dfextrakte, Inulin (FOS) 0,5%, Mineralstoffe.<\/p>\n<p><strong>Analytische Bestandteile<\/strong>: Rohprotein 35,1%, Rohfett 12,4%, Rohfaser 1,5%, Rohasche 4,9%, Feuchtigkeit 26,5%.<\/p>\n","protected":false},"excerpt":{"rendered":"<p>Dr.Clauder\u00b4s Trainee Snacks Ziege bestehen zu 95% aus Ziege. Durch die schonende Dampftrocknung beh\u00e4lt das Fleisch sein einzigartiges Aroma. Unser Trainee Snack Ziege enth\u00e4lt neben Ziegenfleisch auch wertvolle Innereien und orientiert sich daher an der nat\u00fcrlichen Nahrung der Hunde und Katzen. Trotz des roten Fleisches der Zeige enth\u00e4lt dieses weniger ges\u00e4ttigte Fette als z.B. klassische [&hellip;]<\/p>\n","protected":false},"featured_media":23163,"comment_status":"closed","ping_status":"closed","template":"","meta":[],"product_brand":[],"product_cat":[203,216],"product_tag":[],"class_list":{"0":"post-23159","1":"product","2":"type-product","3":"status-publish","4":"has-post-thumbnail","6":"product_cat-leckerlies","7":"product_cat-leckerlies-von-dr-clauders","8":"tm-no-options","10":"first","11":"instock","12":"taxable","13":"shipping-taxable","14":"product-type-variable"},"supplier_id":null,"supplier_sku":"","barcode":null,"atum_controlled":true,"out_stock_date":null,"out_stock_threshold":null,"inheritable":true,"inbound_stock":0,"stock_on_hold":0,"sold_today":0,"sales_last_days":8,"reserved_stock":0,"customer_returns":0,"warehouse_damage":0,"lost_in_post":0,"other_logs":0,"out_stock_days":null,"lost_sales":0,"has_location":false,"update_date":"2025-08-27T08:52:07","atum_locations":[],"atum_stock_status":"instock","restock_status":false,"low_stock_amount":"","sales_update_date":"2025-03-27T14:07:52","calc_backorders":null,"jetpack_sharing_enabled":true,"_links":{"self":[{"href":"https:\/\/www.go4dogs.de\/index.php?rest_route=\/wp\/v2\/product\/23159","targetHints":{"allow":["GET"]}}],"collection":[{"href":"https:\/\/www.go4dogs.de\/index.php?rest_route=\/wp\/v2\/product"}],"about":[{"href":"https:\/\/www.go4dogs.de\/index.php?rest_route=\/wp\/v2\/types\/product"}],"replies":[{"embeddable":true,"href":"https:\/\/www.go4dogs.de\/index.php?rest_route=%2Fwp%2Fv2%2Fcomments&post=23159"}],"wp:featuredmedia":[{"embeddable":true,"href":"https:\/\/www.go4dogs.de\/index.php?rest_route=\/wp\/v2\/media\/23163"}],"wp:attachment":[{"href":"https:\/\/www.go4dogs.de\/index.php?rest_route=%2Fwp%2Fv2%2Fmedia&parent=23159"}],"wp:term":[{"taxonomy":"product_brand","embeddable":true,"href":"https:\/\/www.go4dogs.de\/index.php?rest_route=%2Fwp%2Fv2%2Fproduct_brand&post=23159"},{"taxonomy":"product_cat","embeddable":true,"href":"https:\/\/www.go4dogs.de\/index.php?rest_route=%2Fwp%2Fv2%2Fproduct_cat&post=23159"},{"taxonomy":"product_tag","embeddable":true,"href":"https:\/\/www.go4dogs.de\/index.php?rest_route=%2Fwp%2Fv2%2Fproduct_tag&post=23159"}],"curies":[{"name":"wp","href":"https:\/\/api.w.org\/{rel}","templated":true}]}}