{"id":23092,"date":"2024-12-08T20:52:15","date_gmt":"2024-12-08T18:52:15","guid":{"rendered":"https:\/\/www.go4dogs.de\/?post_type=product&#038;p=23092"},"modified":"2025-11-28T16:04:12","modified_gmt":"2025-11-28T14:04:12","slug":"schmuddelschnute-crossbuedel-beige","status":"publish","type":"product","link":"https:\/\/www.go4dogs.de\/?product=schmuddelschnute-crossbuedel-beige","title":{"rendered":"Schmuddelschnute Crossb\u00fcdel Beige"},"content":{"rendered":"<p>Die &#8220;Crossb\u00fcdel&#8221; bestehen aus recyceltem Material und bieten reichlich Platz f\u00fcr alles, was du unterwegs brauchst. Dank der speziellen Beschichtung ist der Beutel besonders robust und wasserdicht. Der verstellbare Trageriemen sorgt f\u00fcr optimalen Tragekomfort, w\u00e4hrend das ger\u00e4umige Hauptfach mit einer praktischen Trennwand ausgestattet ist.<\/p>\n<p>Im vorderen Bereich befindet sich ein Gitternetz sowie ein zus\u00e4tzliches Rei\u00dfverschluss-Innenfach, ideal f\u00fcr die sichere Aufbewahrung kleinerer Gegenst\u00e4nde. Der hintere Teil bietet Platz f\u00fcr dein Handy oder Portemonnaie. Hier findest du auch das Fach, in dem der Kotbeutel eingesetzt wird. Auf der R\u00fcckseite gibt es ein weiteres Fach f\u00fcr Leckerlis sowie eine praktische \u00d6ffnung f\u00fcr den schnellen Zugriff auf die Kotbeutel.<\/p>\n<p>Ob f\u00fcr das Training, die t\u00e4gliche Gassirunde oder den Alltag \u2013 der Crossb\u00fcdel besticht durch seine Langlebigkeit und Vielseitigkeit und ist der perfekte Begleiter f\u00fcr dich und deinen Vierbeiner.<\/p>\n<p><span class=\"s1\"><strong>Features:<\/strong><\/span><\/p>\n<div class=\"gap-top-1 gap-bottom-1\">\n<ul class=\"paragraph ul-align-left\">\n<li><strong>Material recycelt<\/strong><\/li>\n<li><strong>Wasserdicht<\/strong><\/li>\n<li><strong>Trageriemen verstellbar bis 160 cm<\/strong><\/li>\n<li><strong>Ma\u00dfe: 25x18x10cm<br \/>\n<\/strong><\/li>\n<li><strong>Gewicht: 200g<br \/>\n<\/strong><\/li>\n<li><strong>Hauptfach: 2x Kammern \/ 1x F\u00e4ch mit Reisverschluss \/ Kotbeutelfach<br \/>\n<\/strong><\/li>\n<li><strong>Vorderseite: 1x Fach mit Reisverschluss \/ elastisches Gitterfach<br \/>\n<\/strong><\/li>\n<li><strong>R\u00fcckseite: 2x F\u00e4cher u.a Ausgang f\u00fcr Kotbeutel<\/strong><\/li>\n<li><strong>Silikonreissverschluss mit Logo<\/strong><\/li>\n<\/ul>\n<\/div>\n<p>&nbsp;<\/p>\n<p>&nbsp;<\/p>\n<p><strong>Pflegehinweis<\/strong><\/p>\n<p>Bitte stecke den Crossb\u00fcdel auf keinen Fall in die Waschmaschine. Reinige schmutzige Stellen stattdessen mit lauwarmen Wasser mit milder Seife und einem Schwamm. Trockne den Beutel, an einem gut bel\u00fcfteten Ort, wo er nicht direktem Sonnenlicht ausgesetzt ist.<\/p>\n","protected":false},"excerpt":{"rendered":"<p>Die &#8220;Crossb\u00fcdel&#8221; bestehen aus recyceltem Material und bieten reichlich Platz f\u00fcr alles, was du unterwegs brauchst. Dank der speziellen Beschichtung ist der Beutel besonders robust und wasserdicht. Der verstellbare Trageriemen sorgt f\u00fcr optimalen Tragekomfort, w\u00e4hrend das ger\u00e4umige Hauptfach mit einer praktischen Trennwand ausgestattet ist. Im vorderen Bereich befindet sich ein Gitternetz sowie ein zus\u00e4tzliches Rei\u00dfverschluss-Innenfach, [&hellip;]<\/p>\n","protected":false},"featured_media":23093,"comment_status":"closed","ping_status":"closed","template":"","meta":[],"product_brand":[],"product_cat":[227,272],"product_tag":[],"class_list":{"0":"post-23092","1":"product","2":"type-product","3":"status-publish","4":"has-post-thumbnail","6":"product_cat-leckerliebeutel","7":"product_cat-schmuddelschnute","8":"tm-no-options","10":"first","11":"instock","12":"sale","13":"taxable","14":"shipping-taxable","15":"product-type-simple"},"supplier_id":null,"supplier_sku":"","barcode":null,"atum_controlled":true,"out_stock_date":null,"out_stock_threshold":null,"inheritable":false,"inbound_stock":0,"stock_on_hold":0,"sold_today":0,"sales_last_days":0,"reserved_stock":0,"customer_returns":0,"warehouse_damage":0,"lost_in_post":0,"other_logs":0,"out_stock_days":0,"lost_sales":0,"has_location":false,"update_date":"2025-11-28T14:04:14","atum_locations":[],"atum_stock_status":"instock","restock_status":false,"low_stock_amount":"","sales_update_date":"2025-03-27T14:07:52","calc_backorders":null,"jetpack_sharing_enabled":true,"_links":{"self":[{"href":"https:\/\/www.go4dogs.de\/index.php?rest_route=\/wp\/v2\/product\/23092","targetHints":{"allow":["GET"]}}],"collection":[{"href":"https:\/\/www.go4dogs.de\/index.php?rest_route=\/wp\/v2\/product"}],"about":[{"href":"https:\/\/www.go4dogs.de\/index.php?rest_route=\/wp\/v2\/types\/product"}],"replies":[{"embeddable":true,"href":"https:\/\/www.go4dogs.de\/index.php?rest_route=%2Fwp%2Fv2%2Fcomments&post=23092"}],"wp:featuredmedia":[{"embeddable":true,"href":"https:\/\/www.go4dogs.de\/index.php?rest_route=\/wp\/v2\/media\/23093"}],"wp:attachment":[{"href":"https:\/\/www.go4dogs.de\/index.php?rest_route=%2Fwp%2Fv2%2Fmedia&parent=23092"}],"wp:term":[{"taxonomy":"product_brand","embeddable":true,"href":"https:\/\/www.go4dogs.de\/index.php?rest_route=%2Fwp%2Fv2%2Fproduct_brand&post=23092"},{"taxonomy":"product_cat","embeddable":true,"href":"https:\/\/www.go4dogs.de\/index.php?rest_route=%2Fwp%2Fv2%2Fproduct_cat&post=23092"},{"taxonomy":"product_tag","embeddable":true,"href":"https:\/\/www.go4dogs.de\/index.php?rest_route=%2Fwp%2Fv2%2Fproduct_tag&post=23092"}],"curies":[{"name":"wp","href":"https:\/\/api.w.org\/{rel}","templated":true}]}}