{"id":23050,"date":"2024-12-06T14:26:41","date_gmt":"2024-12-06T12:26:41","guid":{"rendered":"https:\/\/www.go4dogs.de\/?post_type=product&#038;p=23050"},"modified":"2025-11-29T16:35:32","modified_gmt":"2025-11-29T14:35:32","slug":"kong-wild-knots-bears-xmas","status":"publish","type":"product","link":"https:\/\/www.go4dogs.de\/?product=kong-wild-knots-bears-xmas","title":{"rendered":"KONG Wild Knots Bears XMAS"},"content":{"rendered":"<p>KONG Wild Knots sind au\u00dfen weich und knuddelig und innen robust und stabil. Wild Knots-B\u00e4ren kommen bei Hunden und ihren Frauchen und Herrchen mit Sicherheit gut an. Hunde lieben das Skelett aus Knoten, und der verst\u00e4rkte Pl\u00fcschk\u00f6rper sorgt f\u00fcr zus\u00e4tzliche Stabilit\u00e4t. KONG Wild Knots besitzen weniger F\u00fcllung (dadurch weniger Verunreinigung, falls die F\u00fcllung austritt) und ihr Quietschen verst\u00e4rkt den Spielspa\u00df.<\/p>\n<ul>\n<li>Das Skelett aus Knotenseil befriedigt die nat\u00fcrlichen Instinkte des Hundes<\/li>\n<li>Minimal bef\u00fcllt<\/li>\n<li>Weich und stabil<\/li>\n<li>In drei Farben erh\u00e4ltlich: Gr\u00fcn, Rot, Wei\u00df<\/li>\n<li>Gr\u00f6\u00dfe: ca. 27cm hoch<\/li>\n<\/ul>\n","protected":false},"excerpt":{"rendered":"<p>KONG Wild Knots sind au\u00dfen weich und knuddelig und innen robust und stabil. Wild Knots-B\u00e4ren kommen bei Hunden und ihren Frauchen und Herrchen mit Sicherheit gut an. Hunde lieben das Skelett aus Knoten, und der verst\u00e4rkte Pl\u00fcschk\u00f6rper sorgt f\u00fcr zus\u00e4tzliche Stabilit\u00e4t. KONG Wild Knots besitzen weniger F\u00fcllung (dadurch weniger Verunreinigung, falls die F\u00fcllung austritt) und [&hellip;]<\/p>\n","protected":false},"featured_media":23068,"comment_status":"closed","ping_status":"closed","template":"","meta":[],"product_brand":[],"product_cat":[220],"product_tag":[],"class_list":{"0":"post-23050","1":"product","2":"type-product","3":"status-publish","4":"has-post-thumbnail","6":"product_cat-zum-kuscheln","7":"tm-no-options","9":"first","10":"instock","11":"sale","12":"taxable","13":"shipping-taxable","14":"product-type-variable"},"supplier_id":null,"supplier_sku":"","barcode":null,"atum_controlled":true,"out_stock_date":null,"out_stock_threshold":null,"inheritable":true,"inbound_stock":0,"stock_on_hold":0,"sold_today":null,"sales_last_days":null,"reserved_stock":0,"customer_returns":0,"warehouse_damage":0,"lost_in_post":0,"other_logs":0,"out_stock_days":null,"lost_sales":null,"has_location":false,"update_date":"2025-03-27T14:07:52","atum_locations":[],"atum_stock_status":"instock","restock_status":false,"low_stock_amount":"","sales_update_date":"2025-03-27T14:07:52","calc_backorders":null,"jetpack_sharing_enabled":true,"_links":{"self":[{"href":"https:\/\/www.go4dogs.de\/index.php?rest_route=\/wp\/v2\/product\/23050","targetHints":{"allow":["GET"]}}],"collection":[{"href":"https:\/\/www.go4dogs.de\/index.php?rest_route=\/wp\/v2\/product"}],"about":[{"href":"https:\/\/www.go4dogs.de\/index.php?rest_route=\/wp\/v2\/types\/product"}],"replies":[{"embeddable":true,"href":"https:\/\/www.go4dogs.de\/index.php?rest_route=%2Fwp%2Fv2%2Fcomments&post=23050"}],"wp:featuredmedia":[{"embeddable":true,"href":"https:\/\/www.go4dogs.de\/index.php?rest_route=\/wp\/v2\/media\/23068"}],"wp:attachment":[{"href":"https:\/\/www.go4dogs.de\/index.php?rest_route=%2Fwp%2Fv2%2Fmedia&parent=23050"}],"wp:term":[{"taxonomy":"product_brand","embeddable":true,"href":"https:\/\/www.go4dogs.de\/index.php?rest_route=%2Fwp%2Fv2%2Fproduct_brand&post=23050"},{"taxonomy":"product_cat","embeddable":true,"href":"https:\/\/www.go4dogs.de\/index.php?rest_route=%2Fwp%2Fv2%2Fproduct_cat&post=23050"},{"taxonomy":"product_tag","embeddable":true,"href":"https:\/\/www.go4dogs.de\/index.php?rest_route=%2Fwp%2Fv2%2Fproduct_tag&post=23050"}],"curies":[{"name":"wp","href":"https:\/\/api.w.org\/{rel}","templated":true}]}}