{"id":23038,"date":"2024-12-05T17:28:35","date_gmt":"2024-12-05T15:28:35","guid":{"rendered":"https:\/\/www.go4dogs.de\/?post_type=product&#038;p=23038"},"modified":"2024-12-05T17:30:37","modified_gmt":"2024-12-05T15:30:37","slug":"entenhaelse-luftgetrocknet-250g","status":"publish","type":"product","link":"https:\/\/www.go4dogs.de\/?product=entenhaelse-luftgetrocknet-250g","title":{"rendered":"Entenh\u00e4lse luftgetrocknet 250g"},"content":{"rendered":"<p>luftgetrocknete Entenh\u00e4lse von Paul&amp;Paulina.<\/p>\n<p>Luftgetrocknete Entenh\u00e4lse von der bayerischen Ente!<\/p>\n<ul>\n<li>Ohne Farbstoffe &amp; Lockstoffe<\/li>\n<li>Ohne k\u00fcnstliche Aromastoffe<\/li>\n<li>Ohne Konservierungsstoffe<\/li>\n<\/ul>\n<p>Analytische Bestandteile:<br \/>\nRohprotein: 61,8%<br \/>\nFettgehalt: 16,7%<br \/>\nRohasche: 19,2%<br \/>\nCalcium: 0,58%<br \/>\nPhosphor: 0,30%<\/p>\n","protected":false},"excerpt":{"rendered":"<p>luftgetrocknete Entenh\u00e4lse von Paul&amp;Paulina. Luftgetrocknete Entenh\u00e4lse von der bayerischen Ente! Ohne Farbstoffe &amp; Lockstoffe Ohne k\u00fcnstliche Aromastoffe Ohne Konservierungsstoffe Analytische Bestandteile: Rohprotein: 61,8% Fettgehalt: 16,7% Rohasche: 19,2% Calcium: 0,58% Phosphor: 0,30%<\/p>\n","protected":false},"featured_media":23035,"comment_status":"closed","ping_status":"closed","template":"","meta":[],"product_brand":[],"product_cat":[241],"product_tag":[],"class_list":{"0":"post-23038","1":"product","2":"type-product","3":"status-publish","4":"has-post-thumbnail","6":"product_cat-kauspass","7":"tm-no-options","9":"first","10":"instock","11":"taxable","12":"shipping-taxable","13":"product-type-simple"},"supplier_id":null,"supplier_sku":"","barcode":null,"atum_controlled":true,"out_stock_date":null,"out_stock_threshold":null,"inheritable":false,"inbound_stock":0,"stock_on_hold":0,"sold_today":0,"sales_last_days":0,"reserved_stock":0,"customer_returns":0,"warehouse_damage":0,"lost_in_post":0,"other_logs":0,"out_stock_days":0,"lost_sales":0,"has_location":false,"update_date":"2025-03-27T14:07:52","atum_locations":[],"atum_stock_status":"instock","restock_status":false,"low_stock_amount":"","sales_update_date":"2025-03-27T14:07:52","calc_backorders":null,"jetpack_sharing_enabled":true,"_links":{"self":[{"href":"https:\/\/www.go4dogs.de\/index.php?rest_route=\/wp\/v2\/product\/23038","targetHints":{"allow":["GET"]}}],"collection":[{"href":"https:\/\/www.go4dogs.de\/index.php?rest_route=\/wp\/v2\/product"}],"about":[{"href":"https:\/\/www.go4dogs.de\/index.php?rest_route=\/wp\/v2\/types\/product"}],"replies":[{"embeddable":true,"href":"https:\/\/www.go4dogs.de\/index.php?rest_route=%2Fwp%2Fv2%2Fcomments&post=23038"}],"wp:featuredmedia":[{"embeddable":true,"href":"https:\/\/www.go4dogs.de\/index.php?rest_route=\/wp\/v2\/media\/23035"}],"wp:attachment":[{"href":"https:\/\/www.go4dogs.de\/index.php?rest_route=%2Fwp%2Fv2%2Fmedia&parent=23038"}],"wp:term":[{"taxonomy":"product_brand","embeddable":true,"href":"https:\/\/www.go4dogs.de\/index.php?rest_route=%2Fwp%2Fv2%2Fproduct_brand&post=23038"},{"taxonomy":"product_cat","embeddable":true,"href":"https:\/\/www.go4dogs.de\/index.php?rest_route=%2Fwp%2Fv2%2Fproduct_cat&post=23038"},{"taxonomy":"product_tag","embeddable":true,"href":"https:\/\/www.go4dogs.de\/index.php?rest_route=%2Fwp%2Fv2%2Fproduct_tag&post=23038"}],"curies":[{"name":"wp","href":"https:\/\/api.w.org\/{rel}","templated":true}]}}