{"id":23032,"date":"2024-12-05T15:57:41","date_gmt":"2024-12-05T13:57:41","guid":{"rendered":"https:\/\/www.go4dogs.de\/?post_type=product&#038;p=23032"},"modified":"2024-12-05T15:59:16","modified_gmt":"2024-12-05T13:59:16","slug":"ziegenohren-luftgetrocknet-150g","status":"publish","type":"product","link":"https:\/\/www.go4dogs.de\/?product=ziegenohren-luftgetrocknet-150g","title":{"rendered":"Ziegenohren luftgetrocknet 150g"},"content":{"rendered":"<p>luftgetrocknete Ziegenohren von Paul&amp;Paulina.<\/p>\n<p>Richtig gro\u00dfe Ziegenohren sind ein richtig tolles Kauprodukt f\u00fcr Hunde mit besonderen Anforderungen und Allergien, die bisher in der Wahl ihrer Kauartikel immer sehr eingeschr\u00e4nkt waren. Schonend luftgetrocknet und sch\u00f6n leicht, kaum Fett, einfach perfekt!<\/p>\n<ul>\n<li>Ohne Farbstoffe &amp; Lockstoffe<\/li>\n<li>Ohne k\u00fcnstliche Aromastoffe<\/li>\n<li>Ohne Konservierungsstoffe<\/li>\n<\/ul>\n<p>Richtig gro\u00dfe Ziegenohren sind ein richtig tolles Kauprodukt f\u00fcr Hunde mit besonderen Anforderungen und Allergien, die bisher in der Wahl ihrer Kauartikel immer sehr eingeschr\u00e4nkt waren. Schonend luftgetrocknet und sch\u00f6n leicht, kaum Fett, einfach perfekt!<br \/>\nEinzelfuttermittel f\u00fcr Hunde<\/p>\n<p>Analytische Bestandteile:<br \/>\nRohprotein: 75,9%<br \/>\nRohfett: 6,8%<\/p>\n","protected":false},"excerpt":{"rendered":"<p>luftgetrocknete Ziegenohren von Paul&amp;Paulina. Richtig gro\u00dfe Ziegenohren sind ein richtig tolles Kauprodukt f\u00fcr Hunde mit besonderen Anforderungen und Allergien, die bisher in der Wahl ihrer Kauartikel immer sehr eingeschr\u00e4nkt waren. Schonend luftgetrocknet und sch\u00f6n leicht, kaum Fett, einfach perfekt! Ohne Farbstoffe &amp; Lockstoffe Ohne k\u00fcnstliche Aromastoffe Ohne Konservierungsstoffe Richtig gro\u00dfe Ziegenohren sind ein richtig tolles [&hellip;]<\/p>\n","protected":false},"featured_media":23030,"comment_status":"closed","ping_status":"closed","template":"","meta":[],"product_brand":[],"product_cat":[241],"product_tag":[],"class_list":{"0":"post-23032","1":"product","2":"type-product","3":"status-publish","4":"has-post-thumbnail","6":"product_cat-kauspass","7":"tm-no-options","9":"first","10":"instock","11":"taxable","12":"shipping-taxable","13":"product-type-simple"},"supplier_id":null,"supplier_sku":"","barcode":null,"atum_controlled":true,"out_stock_date":null,"out_stock_threshold":null,"inheritable":false,"inbound_stock":0,"stock_on_hold":0,"sold_today":0,"sales_last_days":0,"reserved_stock":0,"customer_returns":0,"warehouse_damage":0,"lost_in_post":0,"other_logs":0,"out_stock_days":0,"lost_sales":0,"has_location":false,"update_date":"2025-03-27T14:07:52","atum_locations":[],"atum_stock_status":"instock","restock_status":false,"low_stock_amount":"","sales_update_date":"2025-03-27T14:07:52","calc_backorders":null,"jetpack_sharing_enabled":true,"_links":{"self":[{"href":"https:\/\/www.go4dogs.de\/index.php?rest_route=\/wp\/v2\/product\/23032","targetHints":{"allow":["GET"]}}],"collection":[{"href":"https:\/\/www.go4dogs.de\/index.php?rest_route=\/wp\/v2\/product"}],"about":[{"href":"https:\/\/www.go4dogs.de\/index.php?rest_route=\/wp\/v2\/types\/product"}],"replies":[{"embeddable":true,"href":"https:\/\/www.go4dogs.de\/index.php?rest_route=%2Fwp%2Fv2%2Fcomments&post=23032"}],"wp:featuredmedia":[{"embeddable":true,"href":"https:\/\/www.go4dogs.de\/index.php?rest_route=\/wp\/v2\/media\/23030"}],"wp:attachment":[{"href":"https:\/\/www.go4dogs.de\/index.php?rest_route=%2Fwp%2Fv2%2Fmedia&parent=23032"}],"wp:term":[{"taxonomy":"product_brand","embeddable":true,"href":"https:\/\/www.go4dogs.de\/index.php?rest_route=%2Fwp%2Fv2%2Fproduct_brand&post=23032"},{"taxonomy":"product_cat","embeddable":true,"href":"https:\/\/www.go4dogs.de\/index.php?rest_route=%2Fwp%2Fv2%2Fproduct_cat&post=23032"},{"taxonomy":"product_tag","embeddable":true,"href":"https:\/\/www.go4dogs.de\/index.php?rest_route=%2Fwp%2Fv2%2Fproduct_tag&post=23032"}],"curies":[{"name":"wp","href":"https:\/\/api.w.org\/{rel}","templated":true}]}}